{"id":597,"date":"2025-01-08T11:33:56","date_gmt":"2025-01-08T04:33:56","guid":{"rendered":"https:\/\/kseet.vn\/en\/?post_type=product&#038;p=597"},"modified":"2025-03-28T10:47:06","modified_gmt":"2025-03-28T03:47:06","slug":"szent-600-rivets-gun","status":"publish","type":"product","link":"https:\/\/kseet.vn\/en\/product\/szent-600-rivets-gun\/","title":{"rendered":"SZENT &#8211; 600 Rivets gun"},"content":{"rendered":"<p><strong><span style=\"vertical-align: inherit;\"><span style=\"vertical-align: inherit;\">Th\u00f4ng s\u1ed1 k\u1ef9 thu\u1eadt c\u1ee7a SZENT-600<\/span><\/span><\/strong><\/p>\n<p><span style=\"vertical-align: inherit;\"><span style=\"vertical-align: inherit;\">SZENT-600<\/span><\/span><\/p>\n<p><span style=\"vertical-align: inherit;\"><span style=\"vertical-align: inherit;\">Tr\u1ecdng l\u01b0\u1ee3ng: 1,48kg<\/span><\/span><\/p>\n<p><span style=\"vertical-align: inherit;\"><span style=\"vertical-align: inherit;\">Th\u00f4ng s\u1ed1 k\u1ef9 thu\u1eadt 20mm, th\u00f4ng s\u1ed1 th\u1ef1c t\u1ebf 15mm<\/span><\/span><\/p>\n<p><span style=\"vertical-align: inherit;\"><span style=\"vertical-align: inherit;\">Kh\u1ea3 n\u0103ng t\u00e1n \u0111inh: k\u00edch th\u01b0\u1edbc \u0111inh t\u00e1n b\u1eb1ng th\u00e9p kh\u00f4ng g\u1ec9: 3.2; 4.0; 4.8; 6.0; 6.4.<\/span><\/span><\/p>\n<p><img loading=\"lazy\" decoding=\"async\" class=\"size-full wp-image-991\" src=\"https:\/\/kseet.vn\/en\/wp-content\/uploads\/2025\/01\/\u82f1\u6587\u5c3a\u5bf8-1.jpg\" alt=\"\u82f1\u6587\u5c3a\u5bf8\" width=\"800\" height=\"800\" \/><\/p>\n","protected":false},"excerpt":{"rendered":"<ul>\n<li><span style=\"vertical-align: inherit;\"><span style=\"vertical-align: inherit;\">Quy tr\u00ecnh s\u1ea3n xu\u1ea5t an to\u00e0n tuy\u1ec7t \u0111\u1ed1i<\/span><\/span><\/li>\n<li><span style=\"vertical-align: inherit;\"><span style=\"vertical-align: inherit;\">V\u1eadn chuy\u1ec3n to\u00e0n qu\u1ed1c<\/span><\/span><\/li>\n<li><span style=\"vertical-align: inherit;\"><span style=\"vertical-align: inherit;\">S\u1ea3n ph\u1ea9m ch\u1ea5t l\u01b0\u1ee3ng<\/span><\/span><\/li>\n<li><span style=\"vertical-align: inherit;\"><span style=\"vertical-align: inherit;\">B\u1ea3o h\u00e0nh 12 th\u00e1ng<\/span><\/span><\/li>\n<\/ul>\n","protected":false},"featured_media":989,"template":"","meta":[],"product_cat":[34,32],"product_tag":[],"class_list":{"0":"post-597","1":"product","2":"type-product","3":"status-publish","4":"has-post-thumbnail","6":"product_cat-pneumatic-riveting-machine","7":"product_cat-rivets-gun","9":"first","10":"instock","11":"shipping-taxable","12":"product-type-simple"},"yoast_head":"<!-- This site is optimized with the Yoast SEO plugin v24.1 - https:\/\/yoast.com\/wordpress\/plugins\/seo\/ -->\n<title>SZENT - 600 Rivets gun - KSEET Viet Nam<\/title>\n<meta name=\"description\" content=\"szent 600\" \/>\n<meta name=\"robots\" content=\"index, follow, max-snippet:-1, max-image-preview:large, max-video-preview:-1\" \/>\n<link rel=\"canonical\" href=\"https:\/\/kseet.vn\/en\/product\/szent-600-rivets-gun\/\" \/>\n<meta property=\"og:locale\" content=\"en_US\" \/>\n<meta property=\"og:type\" content=\"article\" \/>\n<meta property=\"og:title\" content=\"SZENT - 600 Rivets gun - KSEET Viet Nam\" \/>\n<meta property=\"og:description\" content=\"szent 600\" \/>\n<meta property=\"og:url\" content=\"https:\/\/kseet.vn\/en\/product\/szent-600-rivets-gun\/\" \/>\n<meta property=\"og:site_name\" content=\"KSEET Viet Nam\" \/>\n<meta property=\"article:modified_time\" content=\"2025-03-28T03:47:06+00:00\" \/>\n<meta property=\"og:image\" content=\"https:\/\/kseet.vn\/en\/wp-content\/uploads\/2025\/01\/08-2.jpg\" \/>\n\t<meta property=\"og:image:width\" content=\"800\" \/>\n\t<meta property=\"og:image:height\" content=\"800\" \/>\n\t<meta property=\"og:image:type\" content=\"image\/jpeg\" \/>\n<meta name=\"twitter:card\" content=\"summary_large_image\" \/>\n<meta name=\"twitter:label1\" content=\"Est. reading time\" \/>\n\t<meta name=\"twitter:data1\" content=\"1 minute\" \/>\n<script type=\"application\/ld+json\" class=\"yoast-schema-graph\">{\"@context\":\"https:\/\/schema.org\",\"@graph\":[{\"@type\":\"WebPage\",\"@id\":\"https:\/\/kseet.vn\/en\/product\/szent-600-rivets-gun\/\",\"url\":\"https:\/\/kseet.vn\/en\/product\/szent-600-rivets-gun\/\",\"name\":\"SZENT - 600 Rivets gun - KSEET Viet Nam\",\"isPartOf\":{\"@id\":\"https:\/\/kseet.vn\/en\/#website\"},\"primaryImageOfPage\":{\"@id\":\"https:\/\/kseet.vn\/en\/product\/szent-600-rivets-gun\/#primaryimage\"},\"image\":{\"@id\":\"https:\/\/kseet.vn\/en\/product\/szent-600-rivets-gun\/#primaryimage\"},\"thumbnailUrl\":\"https:\/\/kseet.vn\/en\/wp-content\/uploads\/2025\/01\/08-2.jpg\",\"datePublished\":\"2025-01-08T04:33:56+00:00\",\"dateModified\":\"2025-03-28T03:47:06+00:00\",\"description\":\"szent 600\",\"breadcrumb\":{\"@id\":\"https:\/\/kseet.vn\/en\/product\/szent-600-rivets-gun\/#breadcrumb\"},\"inLanguage\":\"en-US\",\"potentialAction\":[{\"@type\":\"ReadAction\",\"target\":[\"https:\/\/kseet.vn\/en\/product\/szent-600-rivets-gun\/\"]}]},{\"@type\":\"ImageObject\",\"inLanguage\":\"en-US\",\"@id\":\"https:\/\/kseet.vn\/en\/product\/szent-600-rivets-gun\/#primaryimage\",\"url\":\"https:\/\/kseet.vn\/en\/wp-content\/uploads\/2025\/01\/08-2.jpg\",\"contentUrl\":\"https:\/\/kseet.vn\/en\/wp-content\/uploads\/2025\/01\/08-2.jpg\",\"width\":800,\"height\":800,\"caption\":\"08\"},{\"@type\":\"BreadcrumbList\",\"@id\":\"https:\/\/kseet.vn\/en\/product\/szent-600-rivets-gun\/#breadcrumb\",\"itemListElement\":[{\"@type\":\"ListItem\",\"position\":1,\"name\":\"Home\",\"item\":\"https:\/\/kseet.vn\/en\/\"},{\"@type\":\"ListItem\",\"position\":2,\"name\":\"Product\",\"item\":\"https:\/\/kseet.vn\/en\/product\/\"},{\"@type\":\"ListItem\",\"position\":3,\"name\":\"SZENT &#8211; 600 Rivets gun\"}]},{\"@type\":\"WebSite\",\"@id\":\"https:\/\/kseet.vn\/en\/#website\",\"url\":\"https:\/\/kseet.vn\/en\/\",\"name\":\"KSEET Viet Nam\",\"description\":\"\",\"potentialAction\":[{\"@type\":\"SearchAction\",\"target\":{\"@type\":\"EntryPoint\",\"urlTemplate\":\"https:\/\/kseet.vn\/en\/?s={search_term_string}\"},\"query-input\":{\"@type\":\"PropertyValueSpecification\",\"valueRequired\":true,\"valueName\":\"search_term_string\"}}],\"inLanguage\":\"en-US\"}]}<\/script>\n<!-- \/ Yoast SEO plugin. -->","yoast_head_json":{"title":"SZENT - 600 Rivets gun - KSEET Viet Nam","description":"szent 600","robots":{"index":"index","follow":"follow","max-snippet":"max-snippet:-1","max-image-preview":"max-image-preview:large","max-video-preview":"max-video-preview:-1"},"canonical":"https:\/\/kseet.vn\/en\/product\/szent-600-rivets-gun\/","og_locale":"en_US","og_type":"article","og_title":"SZENT - 600 Rivets gun - KSEET Viet Nam","og_description":"szent 600","og_url":"https:\/\/kseet.vn\/en\/product\/szent-600-rivets-gun\/","og_site_name":"KSEET Viet Nam","article_modified_time":"2025-03-28T03:47:06+00:00","og_image":[{"width":800,"height":800,"url":"https:\/\/kseet.vn\/en\/wp-content\/uploads\/2025\/01\/08-2.jpg","type":"image\/jpeg"}],"twitter_card":"summary_large_image","twitter_misc":{"Est. reading time":"1 minute"},"schema":{"@context":"https:\/\/schema.org","@graph":[{"@type":"WebPage","@id":"https:\/\/kseet.vn\/en\/product\/szent-600-rivets-gun\/","url":"https:\/\/kseet.vn\/en\/product\/szent-600-rivets-gun\/","name":"SZENT - 600 Rivets gun - KSEET Viet Nam","isPartOf":{"@id":"https:\/\/kseet.vn\/en\/#website"},"primaryImageOfPage":{"@id":"https:\/\/kseet.vn\/en\/product\/szent-600-rivets-gun\/#primaryimage"},"image":{"@id":"https:\/\/kseet.vn\/en\/product\/szent-600-rivets-gun\/#primaryimage"},"thumbnailUrl":"https:\/\/kseet.vn\/en\/wp-content\/uploads\/2025\/01\/08-2.jpg","datePublished":"2025-01-08T04:33:56+00:00","dateModified":"2025-03-28T03:47:06+00:00","description":"szent 600","breadcrumb":{"@id":"https:\/\/kseet.vn\/en\/product\/szent-600-rivets-gun\/#breadcrumb"},"inLanguage":"en-US","potentialAction":[{"@type":"ReadAction","target":["https:\/\/kseet.vn\/en\/product\/szent-600-rivets-gun\/"]}]},{"@type":"ImageObject","inLanguage":"en-US","@id":"https:\/\/kseet.vn\/en\/product\/szent-600-rivets-gun\/#primaryimage","url":"https:\/\/kseet.vn\/en\/wp-content\/uploads\/2025\/01\/08-2.jpg","contentUrl":"https:\/\/kseet.vn\/en\/wp-content\/uploads\/2025\/01\/08-2.jpg","width":800,"height":800,"caption":"08"},{"@type":"BreadcrumbList","@id":"https:\/\/kseet.vn\/en\/product\/szent-600-rivets-gun\/#breadcrumb","itemListElement":[{"@type":"ListItem","position":1,"name":"Home","item":"https:\/\/kseet.vn\/en\/"},{"@type":"ListItem","position":2,"name":"Product","item":"https:\/\/kseet.vn\/en\/product\/"},{"@type":"ListItem","position":3,"name":"SZENT &#8211; 600 Rivets gun"}]},{"@type":"WebSite","@id":"https:\/\/kseet.vn\/en\/#website","url":"https:\/\/kseet.vn\/en\/","name":"KSEET Viet Nam","description":"","potentialAction":[{"@type":"SearchAction","target":{"@type":"EntryPoint","urlTemplate":"https:\/\/kseet.vn\/en\/?s={search_term_string}"},"query-input":{"@type":"PropertyValueSpecification","valueRequired":true,"valueName":"search_term_string"}}],"inLanguage":"en-US"}]}},"_links":{"self":[{"href":"https:\/\/kseet.vn\/en\/wp-json\/wp\/v2\/product\/597","targetHints":{"allow":["GET"]}}],"collection":[{"href":"https:\/\/kseet.vn\/en\/wp-json\/wp\/v2\/product"}],"about":[{"href":"https:\/\/kseet.vn\/en\/wp-json\/wp\/v2\/types\/product"}],"wp:featuredmedia":[{"embeddable":true,"href":"https:\/\/kseet.vn\/en\/wp-json\/wp\/v2\/media\/989"}],"wp:attachment":[{"href":"https:\/\/kseet.vn\/en\/wp-json\/wp\/v2\/media?parent=597"}],"wp:term":[{"taxonomy":"product_cat","embeddable":true,"href":"https:\/\/kseet.vn\/en\/wp-json\/wp\/v2\/product_cat?post=597"},{"taxonomy":"product_tag","embeddable":true,"href":"https:\/\/kseet.vn\/en\/wp-json\/wp\/v2\/product_tag?post=597"}],"curies":[{"name":"wp","href":"https:\/\/api.w.org\/{rel}","templated":true}]}}