{"id":443,"date":"2024-12-25T16:06:51","date_gmt":"2024-12-25T09:06:51","guid":{"rendered":"https:\/\/kseet.vn\/en\/?post_type=product&#038;p=443"},"modified":"2025-01-13T11:14:58","modified_gmt":"2025-01-13T04:14:58","slug":"double-blind-rivet-ball-head","status":"publish","type":"product","link":"https:\/\/kseet.vn\/en\/product\/double-blind-rivet-ball-head\/","title":{"rendered":"Double blind rivet (ball head)"},"content":{"rendered":"<p><span style=\"font-size: 19px;\"><strong><span style=\"vertical-align: inherit;\"><span style=\"vertical-align: inherit;\">\u0110inh t\u00e1n m\u00f9 tr\u1ed1ng \u0111\u00f4i<\/span><\/span><\/strong><\/span><br \/>\n<span style=\"vertical-align: inherit;\"><span style=\"vertical-align: inherit;\"> V\u1eadt li\u1ec7u: h\u1ee3p kim nh\u00f4m, th\u00e9p cacbon, th\u00e9p kh\u00f4ng g\u1ec9<\/span><\/span><br \/>\n<span style=\"vertical-align: inherit;\"><span style=\"vertical-align: inherit;\">X\u1eed l\u00fd b\u1ec1 m\u1eb7t: th\u1ee5 \u0111\u1ed9ng h\u00f3a kim lo\u1ea1i, s\u01a1n nung<\/span><\/span><br \/>\n<span style=\"vertical-align: inherit;\"><span style=\"vertical-align: inherit;\">Th\u00f4ng s\u1ed1 k\u1ef9 thu\u1eadt chung: \u0110inh t\u00e1n m\u00f9 tr\u1ed1ng \u0111\u00f4i 3.2, 4.0, 4.8, 6.4<\/span><\/span><br \/>\n<span style=\"vertical-align: inherit;\"><span style=\"vertical-align: inherit;\">\u0111\u01b0\u1ee3c s\u1eed d\u1ee5ng r\u1ed9ng r\u00e3i trong: xe c\u1ed9, t\u00e0u th\u1ee7y, x\u00e2y d\u1ef1ng, m\u00e1y m\u00f3c, \u0111i\u1ec7n, m\u00e1y bay, container, thang m\u00e1y v\u00e0 c\u00e1c ng\u00e0nh c\u00f4ng nghi\u1ec7p kh\u00e1c.<\/span><\/span><br \/>\n<span style=\"vertical-align: inherit;\"><span style=\"vertical-align: inherit;\">C\u00f3 ba lo\u1ea1i \u0111inh t\u00e1n m\u00f9 tr\u1ed1ng: \u0111inh t\u00e1n m\u00f9 tr\u1ed1ng \u0111\u01a1n, \u0111inh t\u00e1n m\u00f9 tr\u1ed1ng \u0111\u00f4i v\u00e0 \u0111inh t\u00e1n m\u00f9 nhi\u1ec1u tr\u1ed1ng. Trong s\u1ed1 \u0111\u00f3, \u0111inh t\u00e1n m\u00f9 tr\u1ed1ng c\u0169ng \u0111\u01b0\u1ee3c chia th\u00e0nh ba lo\u1ea1i, c\u1ee5 th\u1ec3 l\u00e0: Lo\u1ea1i A, Lo\u1ea1i B v\u00e0 Lo\u1ea1i G.<\/span><\/span><br \/>\n<span style=\"vertical-align: inherit;\"><span style=\"vertical-align: inherit;\">S\u1ef1 kh\u00e1c bi\u1ec7t gi\u1eefa \u0111inh t\u00e1n m\u00f9 tr\u1ed1ng \u0111\u01a1n, tr\u1ed1ng \u0111\u00f4i v\u00e0 \u0111inh t\u00e1n m\u00f9 nhi\u1ec1u tr\u1ed1ng l\u00e0 \u0111inh t\u00e1n m\u00f9 tr\u1ed1ng \u0111\u01a1n t\u1ea1o th\u00e0nh m\u1ed9t tr\u1ed1ng sau khi t\u00e1n \u0111inh, trong khi ph\u1ea1m vi \u0111\u1ed9 d\u00e0y t\u00e1n \u0111inh c\u1ee7a \u0111inh t\u00e1n m\u00f9 tr\u1ed1ng \u0111\u00f4i r\u1ed9ng h\u01a1n \u0111inh t\u00e1n m\u00f9 tr\u1ed1ng \u0111\u01a1n. \u0110inh t\u00e1n m\u00f9 tr\u1ed1ng \u0111\u00f4i s\u1ebd c\u00f3 hai h\u00ecnh d\u1ea1ng tr\u1ed1ng sau khi t\u00e1n \u0111inh.<\/span><\/span><\/p>\n<p><img loading=\"lazy\" decoding=\"async\" class=\"aligncenter size-full wp-image-449\" src=\"https:\/\/kseet.vn\/en\/wp-content\/uploads\/2024\/12\/trong-doi-dau-cau.jpg\" alt=\"\" width=\"492\" height=\"546\" \/><\/p>\n","protected":false},"excerpt":{"rendered":"<ul>\n<li><span style=\"vertical-align: inherit;\"><span style=\"vertical-align: inherit;\">Quy tr\u00ecnh s\u1ea3n xu\u1ea5t an to\u00e0n tuy\u1ec7t \u0111\u1ed1i<\/span><\/span><\/li>\n<li><span style=\"vertical-align: inherit;\"><span style=\"vertical-align: inherit;\">V\u1eadn chuy\u1ec3n to\u00e0n qu\u1ed1c<\/span><\/span><\/li>\n<li><span style=\"vertical-align: inherit;\"><span style=\"vertical-align: inherit;\">S\u1ea3n ph\u1ea9m ch\u1ea5t l\u01b0\u1ee3ng<\/span><\/span><\/li>\n<\/ul>\n","protected":false},"featured_media":445,"template":"","meta":[],"product_cat":[35,30],"product_tag":[],"class_list":{"0":"post-443","1":"product","2":"type-product","3":"status-publish","4":"has-post-thumbnail","6":"product_cat-aluminum-rivets","7":"product_cat-classification-by-rivets","9":"first","10":"instock","11":"shipping-taxable","12":"product-type-simple"},"yoast_head":"<!-- This site is optimized with the Yoast SEO plugin v24.1 - https:\/\/yoast.com\/wordpress\/plugins\/seo\/ -->\n<title>Double blind rivet (ball head) - KSEET Viet Nam<\/title>\n<meta name=\"robots\" content=\"index, follow, max-snippet:-1, max-image-preview:large, max-video-preview:-1\" \/>\n<link rel=\"canonical\" href=\"https:\/\/kseet.vn\/en\/product\/double-blind-rivet-ball-head\/\" \/>\n<meta property=\"og:locale\" content=\"en_US\" \/>\n<meta property=\"og:type\" content=\"article\" \/>\n<meta property=\"og:title\" content=\"Double blind rivet (ball head) - KSEET Viet Nam\" \/>\n<meta property=\"og:description\" content=\"Quy tr\u00ecnh s\u1ea3n xu\u1ea5t an to\u00e0n tuy\u1ec7t \u0111\u1ed1i V\u1eadn chuy\u1ec3n to\u00e0n qu\u1ed1c S\u1ea3n ph\u1ea9m ch\u1ea5t l\u01b0\u1ee3ng\" \/>\n<meta property=\"og:url\" content=\"https:\/\/kseet.vn\/en\/product\/double-blind-rivet-ball-head\/\" \/>\n<meta property=\"og:site_name\" content=\"KSEET Viet Nam\" \/>\n<meta property=\"article:modified_time\" content=\"2025-01-13T04:14:58+00:00\" \/>\n<meta property=\"og:image\" content=\"https:\/\/kseet.vn\/en\/wp-content\/uploads\/2024\/12\/dinh-tan-trong-doi-dau-cau.jpg\" \/>\n\t<meta property=\"og:image:width\" content=\"800\" \/>\n\t<meta property=\"og:image:height\" content=\"800\" \/>\n\t<meta property=\"og:image:type\" content=\"image\/jpeg\" \/>\n<meta name=\"twitter:card\" content=\"summary_large_image\" \/>\n<meta name=\"twitter:label1\" content=\"Est. reading time\" \/>\n\t<meta name=\"twitter:data1\" content=\"2 minutes\" \/>\n<script type=\"application\/ld+json\" class=\"yoast-schema-graph\">{\"@context\":\"https:\/\/schema.org\",\"@graph\":[{\"@type\":\"WebPage\",\"@id\":\"https:\/\/kseet.vn\/en\/product\/double-blind-rivet-ball-head\/\",\"url\":\"https:\/\/kseet.vn\/en\/product\/double-blind-rivet-ball-head\/\",\"name\":\"Double blind rivet (ball head) - KSEET Viet Nam\",\"isPartOf\":{\"@id\":\"https:\/\/kseet.vn\/en\/#website\"},\"primaryImageOfPage\":{\"@id\":\"https:\/\/kseet.vn\/en\/product\/double-blind-rivet-ball-head\/#primaryimage\"},\"image\":{\"@id\":\"https:\/\/kseet.vn\/en\/product\/double-blind-rivet-ball-head\/#primaryimage\"},\"thumbnailUrl\":\"https:\/\/kseet.vn\/en\/wp-content\/uploads\/2024\/12\/dinh-tan-trong-doi-dau-cau.jpg\",\"datePublished\":\"2024-12-25T09:06:51+00:00\",\"dateModified\":\"2025-01-13T04:14:58+00:00\",\"breadcrumb\":{\"@id\":\"https:\/\/kseet.vn\/en\/product\/double-blind-rivet-ball-head\/#breadcrumb\"},\"inLanguage\":\"en-US\",\"potentialAction\":[{\"@type\":\"ReadAction\",\"target\":[\"https:\/\/kseet.vn\/en\/product\/double-blind-rivet-ball-head\/\"]}]},{\"@type\":\"ImageObject\",\"inLanguage\":\"en-US\",\"@id\":\"https:\/\/kseet.vn\/en\/product\/double-blind-rivet-ball-head\/#primaryimage\",\"url\":\"https:\/\/kseet.vn\/en\/wp-content\/uploads\/2024\/12\/dinh-tan-trong-doi-dau-cau.jpg\",\"contentUrl\":\"https:\/\/kseet.vn\/en\/wp-content\/uploads\/2024\/12\/dinh-tan-trong-doi-dau-cau.jpg\",\"width\":800,\"height\":800},{\"@type\":\"BreadcrumbList\",\"@id\":\"https:\/\/kseet.vn\/en\/product\/double-blind-rivet-ball-head\/#breadcrumb\",\"itemListElement\":[{\"@type\":\"ListItem\",\"position\":1,\"name\":\"Home\",\"item\":\"https:\/\/kseet.vn\/en\/\"},{\"@type\":\"ListItem\",\"position\":2,\"name\":\"Product\",\"item\":\"https:\/\/kseet.vn\/en\/product\/\"},{\"@type\":\"ListItem\",\"position\":3,\"name\":\"Double blind rivet (ball head)\"}]},{\"@type\":\"WebSite\",\"@id\":\"https:\/\/kseet.vn\/en\/#website\",\"url\":\"https:\/\/kseet.vn\/en\/\",\"name\":\"KSEET Viet Nam\",\"description\":\"\",\"potentialAction\":[{\"@type\":\"SearchAction\",\"target\":{\"@type\":\"EntryPoint\",\"urlTemplate\":\"https:\/\/kseet.vn\/en\/?s={search_term_string}\"},\"query-input\":{\"@type\":\"PropertyValueSpecification\",\"valueRequired\":true,\"valueName\":\"search_term_string\"}}],\"inLanguage\":\"en-US\"}]}<\/script>\n<!-- \/ Yoast SEO plugin. -->","yoast_head_json":{"title":"Double blind rivet (ball head) - KSEET Viet Nam","robots":{"index":"index","follow":"follow","max-snippet":"max-snippet:-1","max-image-preview":"max-image-preview:large","max-video-preview":"max-video-preview:-1"},"canonical":"https:\/\/kseet.vn\/en\/product\/double-blind-rivet-ball-head\/","og_locale":"en_US","og_type":"article","og_title":"Double blind rivet (ball head) - KSEET Viet Nam","og_description":"Quy tr\u00ecnh s\u1ea3n xu\u1ea5t an to\u00e0n tuy\u1ec7t \u0111\u1ed1i V\u1eadn chuy\u1ec3n to\u00e0n qu\u1ed1c S\u1ea3n ph\u1ea9m ch\u1ea5t l\u01b0\u1ee3ng","og_url":"https:\/\/kseet.vn\/en\/product\/double-blind-rivet-ball-head\/","og_site_name":"KSEET Viet Nam","article_modified_time":"2025-01-13T04:14:58+00:00","og_image":[{"width":800,"height":800,"url":"https:\/\/kseet.vn\/en\/wp-content\/uploads\/2024\/12\/dinh-tan-trong-doi-dau-cau.jpg","type":"image\/jpeg"}],"twitter_card":"summary_large_image","twitter_misc":{"Est. reading time":"2 minutes"},"schema":{"@context":"https:\/\/schema.org","@graph":[{"@type":"WebPage","@id":"https:\/\/kseet.vn\/en\/product\/double-blind-rivet-ball-head\/","url":"https:\/\/kseet.vn\/en\/product\/double-blind-rivet-ball-head\/","name":"Double blind rivet (ball head) - KSEET Viet Nam","isPartOf":{"@id":"https:\/\/kseet.vn\/en\/#website"},"primaryImageOfPage":{"@id":"https:\/\/kseet.vn\/en\/product\/double-blind-rivet-ball-head\/#primaryimage"},"image":{"@id":"https:\/\/kseet.vn\/en\/product\/double-blind-rivet-ball-head\/#primaryimage"},"thumbnailUrl":"https:\/\/kseet.vn\/en\/wp-content\/uploads\/2024\/12\/dinh-tan-trong-doi-dau-cau.jpg","datePublished":"2024-12-25T09:06:51+00:00","dateModified":"2025-01-13T04:14:58+00:00","breadcrumb":{"@id":"https:\/\/kseet.vn\/en\/product\/double-blind-rivet-ball-head\/#breadcrumb"},"inLanguage":"en-US","potentialAction":[{"@type":"ReadAction","target":["https:\/\/kseet.vn\/en\/product\/double-blind-rivet-ball-head\/"]}]},{"@type":"ImageObject","inLanguage":"en-US","@id":"https:\/\/kseet.vn\/en\/product\/double-blind-rivet-ball-head\/#primaryimage","url":"https:\/\/kseet.vn\/en\/wp-content\/uploads\/2024\/12\/dinh-tan-trong-doi-dau-cau.jpg","contentUrl":"https:\/\/kseet.vn\/en\/wp-content\/uploads\/2024\/12\/dinh-tan-trong-doi-dau-cau.jpg","width":800,"height":800},{"@type":"BreadcrumbList","@id":"https:\/\/kseet.vn\/en\/product\/double-blind-rivet-ball-head\/#breadcrumb","itemListElement":[{"@type":"ListItem","position":1,"name":"Home","item":"https:\/\/kseet.vn\/en\/"},{"@type":"ListItem","position":2,"name":"Product","item":"https:\/\/kseet.vn\/en\/product\/"},{"@type":"ListItem","position":3,"name":"Double blind rivet (ball head)"}]},{"@type":"WebSite","@id":"https:\/\/kseet.vn\/en\/#website","url":"https:\/\/kseet.vn\/en\/","name":"KSEET Viet Nam","description":"","potentialAction":[{"@type":"SearchAction","target":{"@type":"EntryPoint","urlTemplate":"https:\/\/kseet.vn\/en\/?s={search_term_string}"},"query-input":{"@type":"PropertyValueSpecification","valueRequired":true,"valueName":"search_term_string"}}],"inLanguage":"en-US"}]}},"_links":{"self":[{"href":"https:\/\/kseet.vn\/en\/wp-json\/wp\/v2\/product\/443","targetHints":{"allow":["GET"]}}],"collection":[{"href":"https:\/\/kseet.vn\/en\/wp-json\/wp\/v2\/product"}],"about":[{"href":"https:\/\/kseet.vn\/en\/wp-json\/wp\/v2\/types\/product"}],"wp:featuredmedia":[{"embeddable":true,"href":"https:\/\/kseet.vn\/en\/wp-json\/wp\/v2\/media\/445"}],"wp:attachment":[{"href":"https:\/\/kseet.vn\/en\/wp-json\/wp\/v2\/media?parent=443"}],"wp:term":[{"taxonomy":"product_cat","embeddable":true,"href":"https:\/\/kseet.vn\/en\/wp-json\/wp\/v2\/product_cat?post=443"},{"taxonomy":"product_tag","embeddable":true,"href":"https:\/\/kseet.vn\/en\/wp-json\/wp\/v2\/product_tag?post=443"}],"curies":[{"name":"wp","href":"https:\/\/api.w.org\/{rel}","templated":true}]}}