{"id":845,"date":"2025-02-22T09:29:27","date_gmt":"2025-02-22T02:29:27","guid":{"rendered":"https:\/\/kseet.vn\/cn\/?post_type=product&#038;p=845"},"modified":"2025-02-22T09:30:36","modified_gmt":"2025-02-22T02:30:36","slug":"may-tan-oc","status":"publish","type":"product","link":"https:\/\/kseet.vn\/cn\/product\/may-tan-oc\/","title":{"rendered":"SZENT-550\u6c14\u52a8\u62c9\u94c6\u87ba\u6bcd\u67aa"},"content":{"rendered":"<p style=\"font-weight: 400;\"><span style=\"vertical-align: inherit;\"><span style=\"vertical-align: inherit;\"><span style=\"vertical-align: inherit;\"><span style=\"vertical-align: inherit;\">s\u1eed d\u1ee5ng<\/span><\/span><\/span><\/span><\/p>\n<p style=\"font-weight: 400;\"><span style=\"vertical-align: inherit;\"><span style=\"vertical-align: inherit;\"><span style=\"vertical-align: inherit;\"><span style=\"vertical-align: inherit;\">S\u00fang b\u1eafn s\u00fang n\u00e9n SZENT-550 \u0111\u01b0\u1ee3c s\u1eed d\u1ee5ng \u0111\u1ec3 b\u1eafn c\u00e1c lo\u1ea1i \u0111ai \u1ed1c l\u00e0m b\u1eb1ng nhi\u1ec1u lo\u1ea1i v\u1eadt li\u1ec7u kh\u00e1c nhau nh\u01b0 nh\u00f4m, \u0111\u1ed3ng, s\u1eaft, th\u00e9p kh\u00f4ng g\u1ec9, vv t\u1eeb M3 \u0111\u1ebfn M12. Th\u00e2n ch\u00ednh c\u1ee7a n\u00f3 \u0111\u01b0\u1ee3c l\u00e0m b\u1eb1ng v\u1eadt li\u1ec7u t\u1ed5ng h\u1ee3p ch\u1ea5t l\u01b0\u1ee3ng cao, c\u00f3 \u01b0u \u0111i\u1ec3m l\u00e0 tr\u1ecdng l\u01b0\u1ee3ng c\u1ea7m tay nh\u1eb9 nh\u00e0ng, h\u00e0nh \u0111\u1ed9ng d\u1ec5 d\u00e0ng, t\u1ed1c \u0111\u1ed9 nhanh ch\u00f3ng, ch\u1eb7t ch\u1ebd v\u00e0 kh\u00f4ng b\u1ecb \u0111\u00f4ng c\u1ee9ng. \u0110\u00e2y l\u00e0 c\u00f4ng c\u1ee5 l\u00fd t\u01b0\u1edfng cho \u0111ai \u1ed1c v\u00e0nh \u0111ai.<\/span><\/span><\/span><\/span><\/p>\n<p style=\"font-weight: 400;\"><span style=\"vertical-align: inherit;\"><span style=\"vertical-align: inherit;\"><span style=\"vertical-align: inherit;\"><span style=\"vertical-align: inherit;\">Th\u00f4ng s\u1ed1 k\u1ef9 thu\u1eadt c\u1ee7a s\u00fang b\u1eafn kh\u00ed n\u00e9n SZENT-550<\/span><\/span><\/span><\/span><\/p>\n<p style=\"font-weight: 400;\"><span style=\"vertical-align: inherit;\"><span style=\"vertical-align: inherit;\"><span style=\"vertical-align: inherit;\"><span style=\"vertical-align: inherit;\">Ph\u1ea1m vi l\u00e0m vi\u1ec7c: M3-M12<\/span><\/span><\/span><\/span><\/p>\n<p style=\"font-weight: 400;\"><span style=\"vertical-align: inherit;\"><span style=\"vertical-align: inherit;\"><span style=\"vertical-align: inherit;\"><span style=\"vertical-align: inherit;\">\u00c1p d\u1ee5ng ngu\u1ed3n kh\u00ed: 5-7bar<\/span><\/span><\/span><\/span><\/p>\n<p style=\"font-weight: 400;\"><span style=\"vertical-align: inherit;\"><span style=\"vertical-align: inherit;\"><span style=\"vertical-align: inherit;\"><span style=\"vertical-align: inherit;\">\u00c1p d\u1ee5ng \u0111\u1ecbnh m\u1ee9c: 5,5 bar<\/span><\/span><\/span><\/span><\/p>\n<p style=\"font-weight: 400;\"><span style=\"vertical-align: inherit;\"><span style=\"vertical-align: inherit;\"><span style=\"vertical-align: inherit;\"><span style=\"vertical-align: inherit;\">H\u00e0nh tr\u00ecnh t\u00e1n \u0111inh: 7mm<\/span><\/span><\/span><\/span><\/p>\n<p style=\"font-weight: 400;\"><span style=\"vertical-align: inherit;\"><span style=\"vertical-align: inherit;\"><span style=\"vertical-align: inherit;\"><span style=\"vertical-align: inherit;\">T\u1ed1c \u0111\u1ed9 c\u01a1 b\u1ea3n: 3500 v\u00f2ng\/ph\u00fat<\/span><\/span><\/span><\/span><\/p>\n<p style=\"font-weight: 400;\"><span style=\"vertical-align: inherit;\"><span style=\"vertical-align: inherit;\"><span style=\"vertical-align: inherit;\"><span style=\"vertical-align: inherit;\">L\u1ef1c c\u0103ng c\u00f4ng vi\u1ec7c kh\u00f4ng nh\u1ecf h\u01a1n: 19.1KN (4300ibf)<\/span><\/span><\/span><\/span><\/p>\n<p style=\"font-weight: 400;\"><span style=\"vertical-align: inherit;\"><span style=\"vertical-align: inherit;\"><span style=\"vertical-align: inherit;\"><span style=\"vertical-align: inherit;\">Ti\u1ebfng \u1ed3n nh\u1ecf h\u01a1n: &lt;75dp<\/span><\/span><\/span><\/span><\/p>\n<p style=\"font-weight: 400;\"><span style=\"vertical-align: inherit;\"><span style=\"vertical-align: inherit;\"><span style=\"vertical-align: inherit;\"><span style=\"vertical-align: inherit;\">Tr\u1ecdng l\u01b0\u1ee3ng: 2,47kg<\/span><\/span><\/span><\/span><\/p>\n<figure id=\"attachment_848\" aria-describedby=\"caption-attachment-848\" style=\"width: 800px\" class=\"wp-caption aligncenter\"><img loading=\"lazy\" decoding=\"async\" class=\"size-full wp-image-848\" src=\"https:\/\/kseet.vn\/cn\/wp-content\/uploads\/2025\/02\/02-1.jpg\" alt=\"02\" width=\"800\" height=\"800\" \/><figcaption id=\"caption-attachment-848\" class=\"wp-caption-text\"><span style=\"vertical-align: inherit;\"><span style=\"vertical-align: inherit;\"><span style=\"vertical-align: inherit;\"><span style=\"vertical-align: inherit;\">02<\/span><\/span><\/span><\/span><\/figcaption><\/figure>\n<figure id=\"attachment_853\" aria-describedby=\"caption-attachment-853\" style=\"width: 800px\" class=\"wp-caption aligncenter\"><img loading=\"lazy\" decoding=\"async\" class=\"size-large wp-image-853\" src=\"https:\/\/kseet.vn\/cn\/wp-content\/uploads\/2025\/02\/\u8be6\u60c5\u987502_02.jpg\" alt=\"Chi ti\u1ebft Trang 02 02\" width=\"800\" height=\"1834\" \/><figcaption id=\"caption-attachment-853\" class=\"wp-caption-text\"><span style=\"vertical-align: inherit;\"><span style=\"vertical-align: inherit;\"><span style=\"vertical-align: inherit;\"><span style=\"vertical-align: inherit;\">Chi ti\u1ebft Trang 02 02<\/span><\/span><\/span><\/span><\/figcaption><\/figure>\n<p style=\"font-weight: 400;\"><span style=\"vertical-align: inherit;\"><span style=\"vertical-align: inherit;\"><span style=\"vertical-align: inherit;\"><span style=\"vertical-align: inherit;\">K\u00edch th\u01b0\u1edbc: 280*255*115<\/span><\/span><\/span><\/span><\/p>\n<p>&nbsp;<\/p>\n","protected":false},"excerpt":{"rendered":"<div class=\"product-short-description\">\n<ul>\n<li>\u751f\u4ea7\u8fc7\u7a0b\u7edd\u5bf9\u5b89\u5168<\/li>\n<li>\u5168\u56fd\u53d1\u8d27<\/li>\n<li>\u4f18\u8d28\u4ea7\u54c1<\/li>\n<li>12 \u4e2a\u6708\u4fdd\u4fee<\/li>\n<\/ul>\n<\/div>\n<p>&nbsp;<\/p>\n","protected":false},"featured_media":846,"template":"","meta":[],"product_cat":[32,34],"product_tag":[],"class_list":{"0":"post-845","1":"product","2":"type-product","3":"status-publish","4":"has-post-thumbnail","6":"product_cat-32","7":"product_cat-34","9":"first","10":"instock","11":"shipping-taxable","12":"product-type-simple"},"yoast_head":"<!-- This site is optimized with the Yoast SEO plugin v24.1 - https:\/\/yoast.com\/wordpress\/plugins\/seo\/ -->\n<title>SZENT-550\u6c14\u52a8\u62c9\u94c6\u87ba\u6bcd\u67aa - KSEET Viet Nam<\/title>\n<meta name=\"robots\" content=\"index, follow, max-snippet:-1, max-image-preview:large, max-video-preview:-1\" \/>\n<link rel=\"canonical\" href=\"https:\/\/kseet.vn\/cn\/product\/may-tan-oc\/\" \/>\n<meta property=\"og:locale\" content=\"en_US\" \/>\n<meta property=\"og:type\" content=\"article\" \/>\n<meta property=\"og:title\" content=\"SZENT-550\u6c14\u52a8\u62c9\u94c6\u87ba\u6bcd\u67aa - KSEET Viet Nam\" \/>\n<meta property=\"og:description\" content=\"\u751f\u4ea7\u8fc7\u7a0b\u7edd\u5bf9\u5b89\u5168 \u5168\u56fd\u53d1\u8d27 \u4f18\u8d28\u4ea7\u54c1 12 \u4e2a\u6708\u4fdd\u4fee &nbsp;\" \/>\n<meta property=\"og:url\" content=\"https:\/\/kseet.vn\/cn\/product\/may-tan-oc\/\" \/>\n<meta property=\"og:site_name\" content=\"KSEET Viet Nam\" \/>\n<meta property=\"article:modified_time\" content=\"2025-02-22T02:30:36+00:00\" \/>\n<meta property=\"og:image\" content=\"https:\/\/kseet.vn\/cn\/wp-content\/uploads\/2025\/02\/05-1.jpg\" \/>\n\t<meta property=\"og:image:width\" content=\"800\" \/>\n\t<meta property=\"og:image:height\" content=\"800\" \/>\n\t<meta property=\"og:image:type\" content=\"image\/jpeg\" \/>\n<meta name=\"twitter:card\" content=\"summary_large_image\" \/>\n<meta name=\"twitter:label1\" content=\"Est. reading time\" \/>\n\t<meta name=\"twitter:data1\" content=\"2 minutes\" \/>\n<script type=\"application\/ld+json\" class=\"yoast-schema-graph\">{\"@context\":\"https:\/\/schema.org\",\"@graph\":[{\"@type\":\"WebPage\",\"@id\":\"https:\/\/kseet.vn\/cn\/product\/may-tan-oc\/\",\"url\":\"https:\/\/kseet.vn\/cn\/product\/may-tan-oc\/\",\"name\":\"SZENT-550\u6c14\u52a8\u62c9\u94c6\u87ba\u6bcd\u67aa - KSEET Viet Nam\",\"isPartOf\":{\"@id\":\"https:\/\/kseet.vn\/cn\/#website\"},\"primaryImageOfPage\":{\"@id\":\"https:\/\/kseet.vn\/cn\/product\/may-tan-oc\/#primaryimage\"},\"image\":{\"@id\":\"https:\/\/kseet.vn\/cn\/product\/may-tan-oc\/#primaryimage\"},\"thumbnailUrl\":\"https:\/\/kseet.vn\/cn\/wp-content\/uploads\/2025\/02\/05-1.jpg\",\"datePublished\":\"2025-02-22T02:29:27+00:00\",\"dateModified\":\"2025-02-22T02:30:36+00:00\",\"breadcrumb\":{\"@id\":\"https:\/\/kseet.vn\/cn\/product\/may-tan-oc\/#breadcrumb\"},\"inLanguage\":\"en-US\",\"potentialAction\":[{\"@type\":\"ReadAction\",\"target\":[\"https:\/\/kseet.vn\/cn\/product\/may-tan-oc\/\"]}]},{\"@type\":\"ImageObject\",\"inLanguage\":\"en-US\",\"@id\":\"https:\/\/kseet.vn\/cn\/product\/may-tan-oc\/#primaryimage\",\"url\":\"https:\/\/kseet.vn\/cn\/wp-content\/uploads\/2025\/02\/05-1.jpg\",\"contentUrl\":\"https:\/\/kseet.vn\/cn\/wp-content\/uploads\/2025\/02\/05-1.jpg\",\"width\":800,\"height\":800,\"caption\":\"05\"},{\"@type\":\"BreadcrumbList\",\"@id\":\"https:\/\/kseet.vn\/cn\/product\/may-tan-oc\/#breadcrumb\",\"itemListElement\":[{\"@type\":\"ListItem\",\"position\":1,\"name\":\"\u5bb6\",\"item\":\"https:\/\/kseet.vn\/cn\/\"},{\"@type\":\"ListItem\",\"position\":2,\"name\":\"\u4ea7\u54c1\u4e2d\u5fc3\",\"item\":\"https:\/\/kseet.vn\/cn\/product\/\"},{\"@type\":\"ListItem\",\"position\":3,\"name\":\"SZENT-550\u6c14\u52a8\u62c9\u94c6\u87ba\u6bcd\u67aa\"}]},{\"@type\":\"WebSite\",\"@id\":\"https:\/\/kseet.vn\/cn\/#website\",\"url\":\"https:\/\/kseet.vn\/cn\/\",\"name\":\"KSEET Viet Nam\",\"description\":\"\",\"potentialAction\":[{\"@type\":\"SearchAction\",\"target\":{\"@type\":\"EntryPoint\",\"urlTemplate\":\"https:\/\/kseet.vn\/cn\/?s={search_term_string}\"},\"query-input\":{\"@type\":\"PropertyValueSpecification\",\"valueRequired\":true,\"valueName\":\"search_term_string\"}}],\"inLanguage\":\"en-US\"}]}<\/script>\n<!-- \/ Yoast SEO plugin. -->","yoast_head_json":{"title":"SZENT-550\u6c14\u52a8\u62c9\u94c6\u87ba\u6bcd\u67aa - KSEET Viet Nam","robots":{"index":"index","follow":"follow","max-snippet":"max-snippet:-1","max-image-preview":"max-image-preview:large","max-video-preview":"max-video-preview:-1"},"canonical":"https:\/\/kseet.vn\/cn\/product\/may-tan-oc\/","og_locale":"en_US","og_type":"article","og_title":"SZENT-550\u6c14\u52a8\u62c9\u94c6\u87ba\u6bcd\u67aa - KSEET Viet Nam","og_description":"\u751f\u4ea7\u8fc7\u7a0b\u7edd\u5bf9\u5b89\u5168 \u5168\u56fd\u53d1\u8d27 \u4f18\u8d28\u4ea7\u54c1 12 \u4e2a\u6708\u4fdd\u4fee &nbsp;","og_url":"https:\/\/kseet.vn\/cn\/product\/may-tan-oc\/","og_site_name":"KSEET Viet Nam","article_modified_time":"2025-02-22T02:30:36+00:00","og_image":[{"width":800,"height":800,"url":"https:\/\/kseet.vn\/cn\/wp-content\/uploads\/2025\/02\/05-1.jpg","type":"image\/jpeg"}],"twitter_card":"summary_large_image","twitter_misc":{"Est. reading time":"2 minutes"},"schema":{"@context":"https:\/\/schema.org","@graph":[{"@type":"WebPage","@id":"https:\/\/kseet.vn\/cn\/product\/may-tan-oc\/","url":"https:\/\/kseet.vn\/cn\/product\/may-tan-oc\/","name":"SZENT-550\u6c14\u52a8\u62c9\u94c6\u87ba\u6bcd\u67aa - KSEET Viet Nam","isPartOf":{"@id":"https:\/\/kseet.vn\/cn\/#website"},"primaryImageOfPage":{"@id":"https:\/\/kseet.vn\/cn\/product\/may-tan-oc\/#primaryimage"},"image":{"@id":"https:\/\/kseet.vn\/cn\/product\/may-tan-oc\/#primaryimage"},"thumbnailUrl":"https:\/\/kseet.vn\/cn\/wp-content\/uploads\/2025\/02\/05-1.jpg","datePublished":"2025-02-22T02:29:27+00:00","dateModified":"2025-02-22T02:30:36+00:00","breadcrumb":{"@id":"https:\/\/kseet.vn\/cn\/product\/may-tan-oc\/#breadcrumb"},"inLanguage":"en-US","potentialAction":[{"@type":"ReadAction","target":["https:\/\/kseet.vn\/cn\/product\/may-tan-oc\/"]}]},{"@type":"ImageObject","inLanguage":"en-US","@id":"https:\/\/kseet.vn\/cn\/product\/may-tan-oc\/#primaryimage","url":"https:\/\/kseet.vn\/cn\/wp-content\/uploads\/2025\/02\/05-1.jpg","contentUrl":"https:\/\/kseet.vn\/cn\/wp-content\/uploads\/2025\/02\/05-1.jpg","width":800,"height":800,"caption":"05"},{"@type":"BreadcrumbList","@id":"https:\/\/kseet.vn\/cn\/product\/may-tan-oc\/#breadcrumb","itemListElement":[{"@type":"ListItem","position":1,"name":"\u5bb6","item":"https:\/\/kseet.vn\/cn\/"},{"@type":"ListItem","position":2,"name":"\u4ea7\u54c1\u4e2d\u5fc3","item":"https:\/\/kseet.vn\/cn\/product\/"},{"@type":"ListItem","position":3,"name":"SZENT-550\u6c14\u52a8\u62c9\u94c6\u87ba\u6bcd\u67aa"}]},{"@type":"WebSite","@id":"https:\/\/kseet.vn\/cn\/#website","url":"https:\/\/kseet.vn\/cn\/","name":"KSEET Viet Nam","description":"","potentialAction":[{"@type":"SearchAction","target":{"@type":"EntryPoint","urlTemplate":"https:\/\/kseet.vn\/cn\/?s={search_term_string}"},"query-input":{"@type":"PropertyValueSpecification","valueRequired":true,"valueName":"search_term_string"}}],"inLanguage":"en-US"}]}},"_links":{"self":[{"href":"https:\/\/kseet.vn\/cn\/wp-json\/wp\/v2\/product\/845","targetHints":{"allow":["GET"]}}],"collection":[{"href":"https:\/\/kseet.vn\/cn\/wp-json\/wp\/v2\/product"}],"about":[{"href":"https:\/\/kseet.vn\/cn\/wp-json\/wp\/v2\/types\/product"}],"wp:featuredmedia":[{"embeddable":true,"href":"https:\/\/kseet.vn\/cn\/wp-json\/wp\/v2\/media\/846"}],"wp:attachment":[{"href":"https:\/\/kseet.vn\/cn\/wp-json\/wp\/v2\/media?parent=845"}],"wp:term":[{"taxonomy":"product_cat","embeddable":true,"href":"https:\/\/kseet.vn\/cn\/wp-json\/wp\/v2\/product_cat?post=845"},{"taxonomy":"product_tag","embeddable":true,"href":"https:\/\/kseet.vn\/cn\/wp-json\/wp\/v2\/product_tag?post=845"}],"curies":[{"name":"wp","href":"https:\/\/api.w.org\/{rel}","templated":true}]}}