{"id":492,"date":"2024-12-26T10:41:16","date_gmt":"2024-12-26T03:41:16","guid":{"rendered":"https:\/\/kseet.vn\/cn\/?post_type=product&#038;p=492"},"modified":"2025-01-11T16:40:01","modified_gmt":"2025-01-11T09:40:01","slug":"%e5%8f%8c%e9%9d%a2%e5%b9%b3%e5%a4%b4%e9%93%86%e9%92%89","status":"publish","type":"product","link":"https:\/\/kseet.vn\/cn\/product\/%e5%8f%8c%e9%9d%a2%e5%b9%b3%e5%a4%b4%e9%93%86%e9%92%89\/","title":{"rendered":"\u53cc\u9762\u5e73\u5934\u94c6\u9489"},"content":{"rendered":"<p><img loading=\"lazy\" decoding=\"async\" class=\"aligncenter size-full wp-image-493\" src=\"https:\/\/kseet.vn\/cn\/wp-content\/uploads\/2024\/12\/2mat.jpg\" alt=\"\" width=\"800\" height=\"800\" \/><\/p>\n","protected":false},"excerpt":{"rendered":"<ul>\n<li>\u751f\u4ea7\u8fc7\u7a0b\u7edd\u5bf9\u5b89\u5168<\/li>\n<li>\u5168\u56fd\u53d1\u8d27<\/li>\n<li>\u4f18\u8d28\u4ea7\u54c1<\/li>\n<\/ul>\n","protected":false},"featured_media":493,"template":"","meta":[],"product_cat":[23,30],"product_tag":[],"class_list":{"0":"post-492","1":"product","2":"type-product","3":"status-publish","4":"has-post-thumbnail","6":"product_cat-23","7":"product_cat-30","9":"first","10":"instock","11":"shipping-taxable","12":"product-type-simple"},"yoast_head":"<!-- This site is optimized with the Yoast SEO plugin v24.1 - https:\/\/yoast.com\/wordpress\/plugins\/seo\/ -->\n<title>\u53cc\u9762\u5e73\u5934\u94c6\u9489 - KSEET Viet Nam<\/title>\n<meta name=\"description\" content=\"\u0110\u1ea7u b\u00e1n ch\u00ecm v\u00e0 \u0111inh t\u00e1n \u0111\u1ea7u ph\u1eb3ng hai m\u1eb7t ch\u1ee7 y\u1ebfu \u0111\u01b0\u1ee3c s\u1eed d\u1ee5ng trong c\u00e1c \u0110inh t\u00e1n \u0111\u1ea7u ph\u1eb3ng \u0111\u01b0\u1ee3c s\u1eed d\u1ee5ng cho c\u00e1c t\u00ecnh hu\u1ed1ng t\u00e1n \u0111inh c\u00f3 t\u1ea3i tr\u1ecdng chung.\u0110inh t\u00e1n \u0111\u1ea7u ph\u1eb3ng v\u00e0 \u0111inh t\u00e1n \u0111\u1ea7u ph\u1eb3ng hai m\u1eb7t ch\u1ee7 y\u1ebfu \u0111\u01b0\u1ee3c s\u1eed d\u1ee5ng \u0111\u1ec3 t\u00e1n \u0111inh c\u00e1c t\u1ea5m kim lo\u1ea1i ho\u1eb7c c\u00e1c v\u1eadt li\u1ec7u phi kim lo\u1ea1i nh\u01b0 da, v\u1ea3i v\u00e0 g\u1ed7.\u0110inh t\u00e1n \u0111\u1ea7u ph\u1eb3ng l\u1edbn ch\u1ee7 y\u1ebfu \u0111\u01b0\u1ee3c s\u1eed d\u1ee5ng \u0111\u1ec3 t\u00e1n c\u00e1c v\u1eadt li\u1ec7u phi kim lo\u1ea1i.\u0110inh t\u00e1n n\u1eeda r\u1ed7ng ch\u1ee7 y\u1ebfu \u0111\u01b0\u1ee3c s\u1eed d\u1ee5ng trong c\u00e1c t\u00ecnh hu\u1ed1ng t\u00e1n \u0111inh khi t\u1ea3i tr\u1ecdng kh\u00f4ng l\u1edbn.\u0110inh t\u00e1n \u0111\u1ea7u ph\u1eb3ng hai m\u1eb7t ch\u1ee7 y\u1ebfu \u0111\u01b0\u1ee3c s\u1eed d\u1ee5ng \u0111\u1ec3 t\u00e1n c\u00e1c v\u1eadt li\u1ec7u phi kim lo\u1ea1i.\u0110inh t\u00e1n r\u1ed7ng c\u00f3 tr\u1ecdng l\u01b0\u1ee3ng nh\u1eb9 v\u00e0 \u0111\u1ea7u \u0111inh y\u1ebfu, \u0111\u01b0\u1ee3c s\u1eed d\u1ee5ng \u0111\u1ec3 t\u00e1n c\u00e1c v\u1eadt li\u1ec7u phi kim lo\u1ea1i v\u1edbi t\u1ea3i tr\u1ecdng nh\u1ecf.\u0110inh t\u00e1n khung g\u1ea7m \u0111\u01b0\u1ee3c s\u1eed d\u1ee5ng \u0111\u1ec3 t\u00e1n \u0111inh c\u00e1c v\u1eadt li\u1ec7u phi kim lo\u1ea1i m\u00e0 kh\u00f4ng c\u1ea7n t\u1ea3i.\u0110inh t\u00e1n tr\u00ean b\u1ea3ng t\u00ean ch\u1ee7 y\u1ebfu \u0111\u01b0\u1ee3c s\u1eed d\u1ee5ng \u0111\u1ec3 t\u00e1n b\u1ea3ng t\u00ean tr\u00ean m\u00e1y m\u00f3c, thi\u1ebft b\u1ecb, v.v.\" \/>\n<meta name=\"robots\" content=\"index, follow, max-snippet:-1, max-image-preview:large, max-video-preview:-1\" \/>\n<link rel=\"canonical\" href=\"https:\/\/kseet.vn\/cn\/product\/\u53cc\u9762\u5e73\u5934\u94c6\u9489\/\" \/>\n<meta property=\"og:locale\" content=\"en_US\" \/>\n<meta property=\"og:type\" content=\"article\" \/>\n<meta property=\"og:title\" content=\"\u53cc\u9762\u5e73\u5934\u94c6\u9489 - KSEET Viet Nam\" \/>\n<meta property=\"og:description\" content=\"\u0110\u1ea7u b\u00e1n ch\u00ecm v\u00e0 \u0111inh t\u00e1n \u0111\u1ea7u ph\u1eb3ng hai m\u1eb7t ch\u1ee7 y\u1ebfu \u0111\u01b0\u1ee3c s\u1eed d\u1ee5ng trong c\u00e1c \u0110inh t\u00e1n \u0111\u1ea7u ph\u1eb3ng \u0111\u01b0\u1ee3c s\u1eed d\u1ee5ng cho c\u00e1c t\u00ecnh hu\u1ed1ng t\u00e1n \u0111inh c\u00f3 t\u1ea3i tr\u1ecdng chung.\u0110inh t\u00e1n \u0111\u1ea7u ph\u1eb3ng v\u00e0 \u0111inh t\u00e1n \u0111\u1ea7u ph\u1eb3ng hai m\u1eb7t ch\u1ee7 y\u1ebfu \u0111\u01b0\u1ee3c s\u1eed d\u1ee5ng \u0111\u1ec3 t\u00e1n \u0111inh c\u00e1c t\u1ea5m kim lo\u1ea1i ho\u1eb7c c\u00e1c v\u1eadt li\u1ec7u phi kim lo\u1ea1i nh\u01b0 da, v\u1ea3i v\u00e0 g\u1ed7.\u0110inh t\u00e1n \u0111\u1ea7u ph\u1eb3ng l\u1edbn ch\u1ee7 y\u1ebfu \u0111\u01b0\u1ee3c s\u1eed d\u1ee5ng \u0111\u1ec3 t\u00e1n c\u00e1c v\u1eadt li\u1ec7u phi kim lo\u1ea1i.\u0110inh t\u00e1n n\u1eeda r\u1ed7ng ch\u1ee7 y\u1ebfu \u0111\u01b0\u1ee3c s\u1eed d\u1ee5ng trong c\u00e1c t\u00ecnh hu\u1ed1ng t\u00e1n \u0111inh khi t\u1ea3i tr\u1ecdng kh\u00f4ng l\u1edbn.\u0110inh t\u00e1n \u0111\u1ea7u ph\u1eb3ng hai m\u1eb7t ch\u1ee7 y\u1ebfu \u0111\u01b0\u1ee3c s\u1eed d\u1ee5ng \u0111\u1ec3 t\u00e1n c\u00e1c v\u1eadt li\u1ec7u phi kim lo\u1ea1i.\u0110inh t\u00e1n r\u1ed7ng c\u00f3 tr\u1ecdng l\u01b0\u1ee3ng nh\u1eb9 v\u00e0 \u0111\u1ea7u \u0111inh y\u1ebfu, \u0111\u01b0\u1ee3c s\u1eed d\u1ee5ng \u0111\u1ec3 t\u00e1n c\u00e1c v\u1eadt li\u1ec7u phi kim lo\u1ea1i v\u1edbi t\u1ea3i tr\u1ecdng nh\u1ecf.\u0110inh t\u00e1n khung g\u1ea7m \u0111\u01b0\u1ee3c s\u1eed d\u1ee5ng \u0111\u1ec3 t\u00e1n \u0111inh c\u00e1c v\u1eadt li\u1ec7u phi kim lo\u1ea1i m\u00e0 kh\u00f4ng c\u1ea7n t\u1ea3i.\u0110inh t\u00e1n tr\u00ean b\u1ea3ng t\u00ean ch\u1ee7 y\u1ebfu \u0111\u01b0\u1ee3c s\u1eed d\u1ee5ng \u0111\u1ec3 t\u00e1n b\u1ea3ng t\u00ean tr\u00ean m\u00e1y m\u00f3c, thi\u1ebft b\u1ecb, v.v.\" \/>\n<meta property=\"og:url\" content=\"https:\/\/kseet.vn\/cn\/product\/\u53cc\u9762\u5e73\u5934\u94c6\u9489\/\" \/>\n<meta property=\"og:site_name\" content=\"KSEET Viet Nam\" \/>\n<meta property=\"article:modified_time\" content=\"2025-01-11T09:40:01+00:00\" \/>\n<meta property=\"og:image\" content=\"https:\/\/kseet.vn\/cn\/wp-content\/uploads\/2024\/12\/2mat.jpg\" \/>\n\t<meta property=\"og:image:width\" content=\"800\" \/>\n\t<meta property=\"og:image:height\" content=\"800\" \/>\n\t<meta property=\"og:image:type\" content=\"image\/jpeg\" \/>\n<meta name=\"twitter:card\" content=\"summary_large_image\" \/>\n<meta name=\"twitter:label1\" content=\"Est. reading time\" \/>\n\t<meta name=\"twitter:data1\" content=\"1 minute\" \/>\n<script type=\"application\/ld+json\" class=\"yoast-schema-graph\">{\"@context\":\"https:\/\/schema.org\",\"@graph\":[{\"@type\":\"WebPage\",\"@id\":\"https:\/\/kseet.vn\/cn\/product\/%e5%8f%8c%e9%9d%a2%e5%b9%b3%e5%a4%b4%e9%93%86%e9%92%89\/\",\"url\":\"https:\/\/kseet.vn\/cn\/product\/%e5%8f%8c%e9%9d%a2%e5%b9%b3%e5%a4%b4%e9%93%86%e9%92%89\/\",\"name\":\"\u53cc\u9762\u5e73\u5934\u94c6\u9489 - KSEET Viet Nam\",\"isPartOf\":{\"@id\":\"https:\/\/kseet.vn\/cn\/#website\"},\"primaryImageOfPage\":{\"@id\":\"https:\/\/kseet.vn\/cn\/product\/%e5%8f%8c%e9%9d%a2%e5%b9%b3%e5%a4%b4%e9%93%86%e9%92%89\/#primaryimage\"},\"image\":{\"@id\":\"https:\/\/kseet.vn\/cn\/product\/%e5%8f%8c%e9%9d%a2%e5%b9%b3%e5%a4%b4%e9%93%86%e9%92%89\/#primaryimage\"},\"thumbnailUrl\":\"https:\/\/kseet.vn\/cn\/wp-content\/uploads\/2024\/12\/2mat.jpg\",\"datePublished\":\"2024-12-26T03:41:16+00:00\",\"dateModified\":\"2025-01-11T09:40:01+00:00\",\"description\":\"\u0110\u1ea7u b\u00e1n ch\u00ecm v\u00e0 \u0111inh t\u00e1n \u0111\u1ea7u ph\u1eb3ng hai m\u1eb7t ch\u1ee7 y\u1ebfu \u0111\u01b0\u1ee3c s\u1eed d\u1ee5ng trong c\u00e1c \u0110inh t\u00e1n \u0111\u1ea7u ph\u1eb3ng \u0111\u01b0\u1ee3c s\u1eed d\u1ee5ng cho c\u00e1c t\u00ecnh hu\u1ed1ng t\u00e1n \u0111inh c\u00f3 t\u1ea3i tr\u1ecdng chung.\u0110inh t\u00e1n \u0111\u1ea7u ph\u1eb3ng v\u00e0 \u0111inh t\u00e1n \u0111\u1ea7u ph\u1eb3ng hai m\u1eb7t ch\u1ee7 y\u1ebfu \u0111\u01b0\u1ee3c s\u1eed d\u1ee5ng \u0111\u1ec3 t\u00e1n \u0111inh c\u00e1c t\u1ea5m kim lo\u1ea1i ho\u1eb7c c\u00e1c v\u1eadt li\u1ec7u phi kim lo\u1ea1i nh\u01b0 da, v\u1ea3i v\u00e0 g\u1ed7.\u0110inh t\u00e1n \u0111\u1ea7u ph\u1eb3ng l\u1edbn ch\u1ee7 y\u1ebfu \u0111\u01b0\u1ee3c s\u1eed d\u1ee5ng \u0111\u1ec3 t\u00e1n c\u00e1c v\u1eadt li\u1ec7u phi kim lo\u1ea1i.\u0110inh t\u00e1n n\u1eeda r\u1ed7ng ch\u1ee7 y\u1ebfu \u0111\u01b0\u1ee3c s\u1eed d\u1ee5ng trong c\u00e1c t\u00ecnh hu\u1ed1ng t\u00e1n \u0111inh khi t\u1ea3i tr\u1ecdng kh\u00f4ng l\u1edbn.\u0110inh t\u00e1n \u0111\u1ea7u ph\u1eb3ng hai m\u1eb7t ch\u1ee7 y\u1ebfu \u0111\u01b0\u1ee3c s\u1eed d\u1ee5ng \u0111\u1ec3 t\u00e1n c\u00e1c v\u1eadt li\u1ec7u phi kim lo\u1ea1i.\u0110inh t\u00e1n r\u1ed7ng c\u00f3 tr\u1ecdng l\u01b0\u1ee3ng nh\u1eb9 v\u00e0 \u0111\u1ea7u \u0111inh y\u1ebfu, \u0111\u01b0\u1ee3c s\u1eed d\u1ee5ng \u0111\u1ec3 t\u00e1n c\u00e1c v\u1eadt li\u1ec7u phi kim lo\u1ea1i v\u1edbi t\u1ea3i tr\u1ecdng nh\u1ecf.\u0110inh t\u00e1n khung g\u1ea7m \u0111\u01b0\u1ee3c s\u1eed d\u1ee5ng \u0111\u1ec3 t\u00e1n \u0111inh c\u00e1c v\u1eadt li\u1ec7u phi kim lo\u1ea1i m\u00e0 kh\u00f4ng c\u1ea7n t\u1ea3i.\u0110inh t\u00e1n tr\u00ean b\u1ea3ng t\u00ean ch\u1ee7 y\u1ebfu \u0111\u01b0\u1ee3c s\u1eed d\u1ee5ng \u0111\u1ec3 t\u00e1n b\u1ea3ng t\u00ean tr\u00ean m\u00e1y m\u00f3c, thi\u1ebft b\u1ecb, v.v.\",\"breadcrumb\":{\"@id\":\"https:\/\/kseet.vn\/cn\/product\/%e5%8f%8c%e9%9d%a2%e5%b9%b3%e5%a4%b4%e9%93%86%e9%92%89\/#breadcrumb\"},\"inLanguage\":\"en-US\",\"potentialAction\":[{\"@type\":\"ReadAction\",\"target\":[\"https:\/\/kseet.vn\/cn\/product\/%e5%8f%8c%e9%9d%a2%e5%b9%b3%e5%a4%b4%e9%93%86%e9%92%89\/\"]}]},{\"@type\":\"ImageObject\",\"inLanguage\":\"en-US\",\"@id\":\"https:\/\/kseet.vn\/cn\/product\/%e5%8f%8c%e9%9d%a2%e5%b9%b3%e5%a4%b4%e9%93%86%e9%92%89\/#primaryimage\",\"url\":\"https:\/\/kseet.vn\/cn\/wp-content\/uploads\/2024\/12\/2mat.jpg\",\"contentUrl\":\"https:\/\/kseet.vn\/cn\/wp-content\/uploads\/2024\/12\/2mat.jpg\",\"width\":800,\"height\":800},{\"@type\":\"BreadcrumbList\",\"@id\":\"https:\/\/kseet.vn\/cn\/product\/%e5%8f%8c%e9%9d%a2%e5%b9%b3%e5%a4%b4%e9%93%86%e9%92%89\/#breadcrumb\",\"itemListElement\":[{\"@type\":\"ListItem\",\"position\":1,\"name\":\"\u5bb6\",\"item\":\"https:\/\/kseet.vn\/cn\/\"},{\"@type\":\"ListItem\",\"position\":2,\"name\":\"\u4ea7\u54c1\u4e2d\u5fc3\",\"item\":\"https:\/\/kseet.vn\/cn\/product\/\"},{\"@type\":\"ListItem\",\"position\":3,\"name\":\"\u53cc\u9762\u5e73\u5934\u94c6\u9489\"}]},{\"@type\":\"WebSite\",\"@id\":\"https:\/\/kseet.vn\/cn\/#website\",\"url\":\"https:\/\/kseet.vn\/cn\/\",\"name\":\"KSEET Viet Nam\",\"description\":\"\",\"potentialAction\":[{\"@type\":\"SearchAction\",\"target\":{\"@type\":\"EntryPoint\",\"urlTemplate\":\"https:\/\/kseet.vn\/cn\/?s={search_term_string}\"},\"query-input\":{\"@type\":\"PropertyValueSpecification\",\"valueRequired\":true,\"valueName\":\"search_term_string\"}}],\"inLanguage\":\"en-US\"}]}<\/script>\n<!-- \/ Yoast SEO plugin. -->","yoast_head_json":{"title":"\u53cc\u9762\u5e73\u5934\u94c6\u9489 - KSEET Viet Nam","description":"\u0110\u1ea7u b\u00e1n ch\u00ecm v\u00e0 \u0111inh t\u00e1n \u0111\u1ea7u ph\u1eb3ng hai m\u1eb7t ch\u1ee7 y\u1ebfu \u0111\u01b0\u1ee3c s\u1eed d\u1ee5ng trong c\u00e1c \u0110inh t\u00e1n \u0111\u1ea7u ph\u1eb3ng \u0111\u01b0\u1ee3c s\u1eed d\u1ee5ng cho c\u00e1c t\u00ecnh hu\u1ed1ng t\u00e1n \u0111inh c\u00f3 t\u1ea3i tr\u1ecdng chung.\u0110inh t\u00e1n \u0111\u1ea7u ph\u1eb3ng v\u00e0 \u0111inh t\u00e1n \u0111\u1ea7u ph\u1eb3ng hai m\u1eb7t ch\u1ee7 y\u1ebfu \u0111\u01b0\u1ee3c s\u1eed d\u1ee5ng \u0111\u1ec3 t\u00e1n \u0111inh c\u00e1c t\u1ea5m kim lo\u1ea1i ho\u1eb7c c\u00e1c v\u1eadt li\u1ec7u phi kim lo\u1ea1i nh\u01b0 da, v\u1ea3i v\u00e0 g\u1ed7.\u0110inh t\u00e1n \u0111\u1ea7u ph\u1eb3ng l\u1edbn ch\u1ee7 y\u1ebfu \u0111\u01b0\u1ee3c s\u1eed d\u1ee5ng \u0111\u1ec3 t\u00e1n c\u00e1c v\u1eadt li\u1ec7u phi kim lo\u1ea1i.\u0110inh t\u00e1n n\u1eeda r\u1ed7ng ch\u1ee7 y\u1ebfu \u0111\u01b0\u1ee3c s\u1eed d\u1ee5ng trong c\u00e1c t\u00ecnh hu\u1ed1ng t\u00e1n \u0111inh khi t\u1ea3i tr\u1ecdng kh\u00f4ng l\u1edbn.\u0110inh t\u00e1n \u0111\u1ea7u ph\u1eb3ng hai m\u1eb7t ch\u1ee7 y\u1ebfu \u0111\u01b0\u1ee3c s\u1eed d\u1ee5ng \u0111\u1ec3 t\u00e1n c\u00e1c v\u1eadt li\u1ec7u phi kim lo\u1ea1i.\u0110inh t\u00e1n r\u1ed7ng c\u00f3 tr\u1ecdng l\u01b0\u1ee3ng nh\u1eb9 v\u00e0 \u0111\u1ea7u \u0111inh y\u1ebfu, \u0111\u01b0\u1ee3c s\u1eed d\u1ee5ng \u0111\u1ec3 t\u00e1n c\u00e1c v\u1eadt li\u1ec7u phi kim lo\u1ea1i v\u1edbi t\u1ea3i tr\u1ecdng nh\u1ecf.\u0110inh t\u00e1n khung g\u1ea7m \u0111\u01b0\u1ee3c s\u1eed d\u1ee5ng \u0111\u1ec3 t\u00e1n \u0111inh c\u00e1c v\u1eadt li\u1ec7u phi kim lo\u1ea1i m\u00e0 kh\u00f4ng c\u1ea7n t\u1ea3i.\u0110inh t\u00e1n tr\u00ean b\u1ea3ng t\u00ean ch\u1ee7 y\u1ebfu \u0111\u01b0\u1ee3c s\u1eed d\u1ee5ng \u0111\u1ec3 t\u00e1n b\u1ea3ng t\u00ean tr\u00ean m\u00e1y m\u00f3c, thi\u1ebft b\u1ecb, v.v.","robots":{"index":"index","follow":"follow","max-snippet":"max-snippet:-1","max-image-preview":"max-image-preview:large","max-video-preview":"max-video-preview:-1"},"canonical":"https:\/\/kseet.vn\/cn\/product\/\u53cc\u9762\u5e73\u5934\u94c6\u9489\/","og_locale":"en_US","og_type":"article","og_title":"\u53cc\u9762\u5e73\u5934\u94c6\u9489 - KSEET Viet Nam","og_description":"\u0110\u1ea7u b\u00e1n ch\u00ecm v\u00e0 \u0111inh t\u00e1n \u0111\u1ea7u ph\u1eb3ng hai m\u1eb7t ch\u1ee7 y\u1ebfu \u0111\u01b0\u1ee3c s\u1eed d\u1ee5ng trong c\u00e1c \u0110inh t\u00e1n \u0111\u1ea7u ph\u1eb3ng \u0111\u01b0\u1ee3c s\u1eed d\u1ee5ng cho c\u00e1c t\u00ecnh hu\u1ed1ng t\u00e1n \u0111inh c\u00f3 t\u1ea3i tr\u1ecdng chung.\u0110inh t\u00e1n \u0111\u1ea7u ph\u1eb3ng v\u00e0 \u0111inh t\u00e1n \u0111\u1ea7u ph\u1eb3ng hai m\u1eb7t ch\u1ee7 y\u1ebfu \u0111\u01b0\u1ee3c s\u1eed d\u1ee5ng \u0111\u1ec3 t\u00e1n \u0111inh c\u00e1c t\u1ea5m kim lo\u1ea1i ho\u1eb7c c\u00e1c v\u1eadt li\u1ec7u phi kim lo\u1ea1i nh\u01b0 da, v\u1ea3i v\u00e0 g\u1ed7.\u0110inh t\u00e1n \u0111\u1ea7u ph\u1eb3ng l\u1edbn ch\u1ee7 y\u1ebfu \u0111\u01b0\u1ee3c s\u1eed d\u1ee5ng \u0111\u1ec3 t\u00e1n c\u00e1c v\u1eadt li\u1ec7u phi kim lo\u1ea1i.\u0110inh t\u00e1n n\u1eeda r\u1ed7ng ch\u1ee7 y\u1ebfu \u0111\u01b0\u1ee3c s\u1eed d\u1ee5ng trong c\u00e1c t\u00ecnh hu\u1ed1ng t\u00e1n \u0111inh khi t\u1ea3i tr\u1ecdng kh\u00f4ng l\u1edbn.\u0110inh t\u00e1n \u0111\u1ea7u ph\u1eb3ng hai m\u1eb7t ch\u1ee7 y\u1ebfu \u0111\u01b0\u1ee3c s\u1eed d\u1ee5ng \u0111\u1ec3 t\u00e1n c\u00e1c v\u1eadt li\u1ec7u phi kim lo\u1ea1i.\u0110inh t\u00e1n r\u1ed7ng c\u00f3 tr\u1ecdng l\u01b0\u1ee3ng nh\u1eb9 v\u00e0 \u0111\u1ea7u \u0111inh y\u1ebfu, \u0111\u01b0\u1ee3c s\u1eed d\u1ee5ng \u0111\u1ec3 t\u00e1n c\u00e1c v\u1eadt li\u1ec7u phi kim lo\u1ea1i v\u1edbi t\u1ea3i tr\u1ecdng nh\u1ecf.\u0110inh t\u00e1n khung g\u1ea7m \u0111\u01b0\u1ee3c s\u1eed d\u1ee5ng \u0111\u1ec3 t\u00e1n \u0111inh c\u00e1c v\u1eadt li\u1ec7u phi kim lo\u1ea1i m\u00e0 kh\u00f4ng c\u1ea7n t\u1ea3i.\u0110inh t\u00e1n tr\u00ean b\u1ea3ng t\u00ean ch\u1ee7 y\u1ebfu \u0111\u01b0\u1ee3c s\u1eed d\u1ee5ng \u0111\u1ec3 t\u00e1n b\u1ea3ng t\u00ean tr\u00ean m\u00e1y m\u00f3c, thi\u1ebft b\u1ecb, v.v.","og_url":"https:\/\/kseet.vn\/cn\/product\/\u53cc\u9762\u5e73\u5934\u94c6\u9489\/","og_site_name":"KSEET Viet Nam","article_modified_time":"2025-01-11T09:40:01+00:00","og_image":[{"width":800,"height":800,"url":"https:\/\/kseet.vn\/cn\/wp-content\/uploads\/2024\/12\/2mat.jpg","type":"image\/jpeg"}],"twitter_card":"summary_large_image","twitter_misc":{"Est. reading time":"1 minute"},"schema":{"@context":"https:\/\/schema.org","@graph":[{"@type":"WebPage","@id":"https:\/\/kseet.vn\/cn\/product\/%e5%8f%8c%e9%9d%a2%e5%b9%b3%e5%a4%b4%e9%93%86%e9%92%89\/","url":"https:\/\/kseet.vn\/cn\/product\/%e5%8f%8c%e9%9d%a2%e5%b9%b3%e5%a4%b4%e9%93%86%e9%92%89\/","name":"\u53cc\u9762\u5e73\u5934\u94c6\u9489 - KSEET Viet Nam","isPartOf":{"@id":"https:\/\/kseet.vn\/cn\/#website"},"primaryImageOfPage":{"@id":"https:\/\/kseet.vn\/cn\/product\/%e5%8f%8c%e9%9d%a2%e5%b9%b3%e5%a4%b4%e9%93%86%e9%92%89\/#primaryimage"},"image":{"@id":"https:\/\/kseet.vn\/cn\/product\/%e5%8f%8c%e9%9d%a2%e5%b9%b3%e5%a4%b4%e9%93%86%e9%92%89\/#primaryimage"},"thumbnailUrl":"https:\/\/kseet.vn\/cn\/wp-content\/uploads\/2024\/12\/2mat.jpg","datePublished":"2024-12-26T03:41:16+00:00","dateModified":"2025-01-11T09:40:01+00:00","description":"\u0110\u1ea7u b\u00e1n ch\u00ecm v\u00e0 \u0111inh t\u00e1n \u0111\u1ea7u ph\u1eb3ng hai m\u1eb7t ch\u1ee7 y\u1ebfu \u0111\u01b0\u1ee3c s\u1eed d\u1ee5ng trong c\u00e1c \u0110inh t\u00e1n \u0111\u1ea7u ph\u1eb3ng \u0111\u01b0\u1ee3c s\u1eed d\u1ee5ng cho c\u00e1c t\u00ecnh hu\u1ed1ng t\u00e1n \u0111inh c\u00f3 t\u1ea3i tr\u1ecdng chung.\u0110inh t\u00e1n \u0111\u1ea7u ph\u1eb3ng v\u00e0 \u0111inh t\u00e1n \u0111\u1ea7u ph\u1eb3ng hai m\u1eb7t ch\u1ee7 y\u1ebfu \u0111\u01b0\u1ee3c s\u1eed d\u1ee5ng \u0111\u1ec3 t\u00e1n \u0111inh c\u00e1c t\u1ea5m kim lo\u1ea1i ho\u1eb7c c\u00e1c v\u1eadt li\u1ec7u phi kim lo\u1ea1i nh\u01b0 da, v\u1ea3i v\u00e0 g\u1ed7.\u0110inh t\u00e1n \u0111\u1ea7u ph\u1eb3ng l\u1edbn ch\u1ee7 y\u1ebfu \u0111\u01b0\u1ee3c s\u1eed d\u1ee5ng \u0111\u1ec3 t\u00e1n c\u00e1c v\u1eadt li\u1ec7u phi kim lo\u1ea1i.\u0110inh t\u00e1n n\u1eeda r\u1ed7ng ch\u1ee7 y\u1ebfu \u0111\u01b0\u1ee3c s\u1eed d\u1ee5ng trong c\u00e1c t\u00ecnh hu\u1ed1ng t\u00e1n \u0111inh khi t\u1ea3i tr\u1ecdng kh\u00f4ng l\u1edbn.\u0110inh t\u00e1n \u0111\u1ea7u ph\u1eb3ng hai m\u1eb7t ch\u1ee7 y\u1ebfu \u0111\u01b0\u1ee3c s\u1eed d\u1ee5ng \u0111\u1ec3 t\u00e1n c\u00e1c v\u1eadt li\u1ec7u phi kim lo\u1ea1i.\u0110inh t\u00e1n r\u1ed7ng c\u00f3 tr\u1ecdng l\u01b0\u1ee3ng nh\u1eb9 v\u00e0 \u0111\u1ea7u \u0111inh y\u1ebfu, \u0111\u01b0\u1ee3c s\u1eed d\u1ee5ng \u0111\u1ec3 t\u00e1n c\u00e1c v\u1eadt li\u1ec7u phi kim lo\u1ea1i v\u1edbi t\u1ea3i tr\u1ecdng nh\u1ecf.\u0110inh t\u00e1n khung g\u1ea7m \u0111\u01b0\u1ee3c s\u1eed d\u1ee5ng \u0111\u1ec3 t\u00e1n \u0111inh c\u00e1c v\u1eadt li\u1ec7u phi kim lo\u1ea1i m\u00e0 kh\u00f4ng c\u1ea7n t\u1ea3i.\u0110inh t\u00e1n tr\u00ean b\u1ea3ng t\u00ean ch\u1ee7 y\u1ebfu \u0111\u01b0\u1ee3c s\u1eed d\u1ee5ng \u0111\u1ec3 t\u00e1n b\u1ea3ng t\u00ean tr\u00ean m\u00e1y m\u00f3c, thi\u1ebft b\u1ecb, v.v.","breadcrumb":{"@id":"https:\/\/kseet.vn\/cn\/product\/%e5%8f%8c%e9%9d%a2%e5%b9%b3%e5%a4%b4%e9%93%86%e9%92%89\/#breadcrumb"},"inLanguage":"en-US","potentialAction":[{"@type":"ReadAction","target":["https:\/\/kseet.vn\/cn\/product\/%e5%8f%8c%e9%9d%a2%e5%b9%b3%e5%a4%b4%e9%93%86%e9%92%89\/"]}]},{"@type":"ImageObject","inLanguage":"en-US","@id":"https:\/\/kseet.vn\/cn\/product\/%e5%8f%8c%e9%9d%a2%e5%b9%b3%e5%a4%b4%e9%93%86%e9%92%89\/#primaryimage","url":"https:\/\/kseet.vn\/cn\/wp-content\/uploads\/2024\/12\/2mat.jpg","contentUrl":"https:\/\/kseet.vn\/cn\/wp-content\/uploads\/2024\/12\/2mat.jpg","width":800,"height":800},{"@type":"BreadcrumbList","@id":"https:\/\/kseet.vn\/cn\/product\/%e5%8f%8c%e9%9d%a2%e5%b9%b3%e5%a4%b4%e9%93%86%e9%92%89\/#breadcrumb","itemListElement":[{"@type":"ListItem","position":1,"name":"\u5bb6","item":"https:\/\/kseet.vn\/cn\/"},{"@type":"ListItem","position":2,"name":"\u4ea7\u54c1\u4e2d\u5fc3","item":"https:\/\/kseet.vn\/cn\/product\/"},{"@type":"ListItem","position":3,"name":"\u53cc\u9762\u5e73\u5934\u94c6\u9489"}]},{"@type":"WebSite","@id":"https:\/\/kseet.vn\/cn\/#website","url":"https:\/\/kseet.vn\/cn\/","name":"KSEET Viet Nam","description":"","potentialAction":[{"@type":"SearchAction","target":{"@type":"EntryPoint","urlTemplate":"https:\/\/kseet.vn\/cn\/?s={search_term_string}"},"query-input":{"@type":"PropertyValueSpecification","valueRequired":true,"valueName":"search_term_string"}}],"inLanguage":"en-US"}]}},"_links":{"self":[{"href":"https:\/\/kseet.vn\/cn\/wp-json\/wp\/v2\/product\/492","targetHints":{"allow":["GET"]}}],"collection":[{"href":"https:\/\/kseet.vn\/cn\/wp-json\/wp\/v2\/product"}],"about":[{"href":"https:\/\/kseet.vn\/cn\/wp-json\/wp\/v2\/types\/product"}],"wp:featuredmedia":[{"embeddable":true,"href":"https:\/\/kseet.vn\/cn\/wp-json\/wp\/v2\/media\/493"}],"wp:attachment":[{"href":"https:\/\/kseet.vn\/cn\/wp-json\/wp\/v2\/media?parent=492"}],"wp:term":[{"taxonomy":"product_cat","embeddable":true,"href":"https:\/\/kseet.vn\/cn\/wp-json\/wp\/v2\/product_cat?post=492"},{"taxonomy":"product_tag","embeddable":true,"href":"https:\/\/kseet.vn\/cn\/wp-json\/wp\/v2\/product_tag?post=492"}],"curies":[{"name":"wp","href":"https:\/\/api.w.org\/{rel}","templated":true}]}}