{"id":489,"date":"2024-12-26T10:28:39","date_gmt":"2024-12-26T03:28:39","guid":{"rendered":"https:\/\/kseet.vn\/cn\/?post_type=product&#038;p=489"},"modified":"2025-02-08T10:43:26","modified_gmt":"2025-02-08T03:43:26","slug":"%e5%8d%95%e9%bc%93%e5%9e%8b%e5%9c%86%e5%a4%b4%e4%b8%8d%e9%94%88%e9%92%a2%e6%8b%89%e9%92%89","status":"publish","type":"product","link":"https:\/\/kseet.vn\/cn\/product\/%e5%8d%95%e9%bc%93%e5%9e%8b%e5%9c%86%e5%a4%b4%e4%b8%8d%e9%94%88%e9%92%a2%e6%8b%89%e9%92%89\/","title":{"rendered":"\u5355\u9f13\u578b\u5706\u5934\u4e0d\u9508\u94a2\u62c9\u9489"},"content":{"rendered":"<p><img loading=\"lazy\" decoding=\"async\" class=\"aligncenter size-full wp-image-490\" src=\"https:\/\/kseet.vn\/cn\/wp-content\/uploads\/2024\/12\/don.jpg\" alt=\"\" width=\"800\" height=\"800\" \/><\/p>\n","protected":false},"excerpt":{"rendered":"<ul>\n<li>\u751f\u4ea7\u8fc7\u7a0b\u7edd\u5bf9\u5b89\u5168<\/li>\n<li>\u5168\u56fd\u53d1\u8d27<\/li>\n<li>\u4f18\u8d28\u4ea7\u54c1<\/li>\n<\/ul>\n","protected":false},"featured_media":490,"template":"","meta":[],"product_cat":[30,24],"product_tag":[],"class_list":{"0":"post-489","1":"product","2":"type-product","3":"status-publish","4":"has-post-thumbnail","6":"product_cat-30","7":"product_cat-24","9":"first","10":"instock","11":"shipping-taxable","12":"product-type-simple"},"yoast_head":"<!-- This site is optimized with the Yoast SEO plugin v24.1 - https:\/\/yoast.com\/wordpress\/plugins\/seo\/ -->\n<title>\u5355\u9f13\u578b\u5706\u5934\u4e0d\u9508\u94a2\u62c9\u9489 - KSEET Viet Nam<\/title>\n<meta name=\"description\" content=\"\u0110inh t\u00e1n b\u1eb1ng th\u00e9p kh\u00f4ng g\u1ec9 \u0111\u1ea7u tr\u00f2n m\u1ed9t tr\u1ed1ng th\u01b0\u1eddng \u0111\u01b0\u1ee3c s\u1eed d\u1ee5ng tr\u00ean c\u00e1c v\u1eadt li\u1ec7u c\u00f3 t\u00ednh \u0103n m\u00f2n ho\u1eb7c c\u00f3 \u0111i\u1ec1u ki\u1ec7n m\u00f4i tr\u01b0\u1eddng c\u00f3 h\u1ea1i. C\u1ea5u tr\u00fac h\u00ecnh c\u1ea7u c\u1ee7a \u0111u\u00f4i c\u1ee7a \u0111inh t\u00e1n b\u1eb1ng th\u00e9p kh\u00f4ng g\u1ec9 m\u1ed9t tr\u1ed1ng c\u00f3 kh\u1ea3 n\u0103ng ch\u1ecbu t\u1ea3i b\u1ec1 m\u1eb7t m\u1ea1nh m\u1ebd v\u00e0 c\u00f3 th\u1ec3 t\u00e1n \u0111inh c\u00e1c t\u1ea5m kim lo\u1ea1i m\u1ecfng m\u1ed9t c\u00e1ch l\u00fd t\u01b0\u1edfng. N\u00f3 c\u1ea3i thi\u1ec7n \u0111\u00e1ng k\u1ec3 hi\u1ec7u su\u1ea5t k\u00e9o c\u1ee7a s\u1ea3n ph\u1ea9m.1: N\u00f3 c\u00f3 \u0111\u1eb7c t\u00ednh c\u01a1 h\u1ecdc c\u1ef1c cao v\u00e0 c\u00f3 th\u1ec3 cung c\u1ea5p c\u00e1c k\u1ebft n\u1ed1i ch\u1ed1ng \u0111\u1ecba ch\u1ea5n c\u01b0\u1eddng \u0111\u1ed9 cao; 2: Ph\u01b0\u01a1ng ph\u00e1p bi\u1ebfn d\u1ea1ng c\u00f3 th\u1ec3 ph\u00e2n t\u00e1n \u00e1p su\u1ea5t b\u1ec1 m\u1eb7t c\u1ee7a c\u00e1c b\u1ed9 ph\u1eadn \u0111inh t\u00e1n; 3: N\u00f3 ph\u00f9 h\u1ee3p cho s\u1ef1 linh ho\u1ea1t; t\u1ea5m kim lo\u1ea1i, kim lo\u1ea1i v\u00e0 nh\u1ef1a, v.v. \u1ee8ng d\u1ee5ng k\u1ebft n\u1ed1i c\u1ee7a v\u1eadt li\u1ec7u; 4: L\u00f5i m\u00f3ng c\u00f2n l\u1ea1i c\u00f3 thi\u1ebft k\u1ebf kh\u00f3a v\u00e0 ch\u1ed1ng l\u1ecfng, c\u00f3 th\u1ec3 \u0111\u01b0\u1ee3c s\u1eed d\u1ee5ng trong c\u00e1c t\u00ecnh hu\u1ed1ng k\u1ebft n\u1ed1i nh\u01b0 ph\u01b0\u01a1ng ti\u1ec7n v\u1eadn chuy\u1ec3n v\u00e0 thi\u1ebft b\u1ecb \u0111i\u1ec7n v\u00e0 th\u00f4ng tin li\u00ean l\u1ea1c \u0111\u1ec3 tr\u00e1nh rung \u0111\u1ed9ng v\u00e0 b\u1ea5t th\u01b0\u1eddng ti\u1ebfng \u1ed3n.\" \/>\n<meta name=\"robots\" content=\"index, follow, max-snippet:-1, max-image-preview:large, max-video-preview:-1\" \/>\n<link rel=\"canonical\" href=\"https:\/\/kseet.vn\/cn\/product\/\u5355\u9f13\u578b\u5706\u5934\u4e0d\u9508\u94a2\u62c9\u9489\/\" \/>\n<meta property=\"og:locale\" content=\"en_US\" \/>\n<meta property=\"og:type\" content=\"article\" \/>\n<meta property=\"og:title\" content=\"\u5355\u9f13\u578b\u5706\u5934\u4e0d\u9508\u94a2\u62c9\u9489 - KSEET Viet Nam\" \/>\n<meta property=\"og:description\" content=\"\u0110inh t\u00e1n b\u1eb1ng th\u00e9p kh\u00f4ng g\u1ec9 \u0111\u1ea7u tr\u00f2n m\u1ed9t tr\u1ed1ng th\u01b0\u1eddng \u0111\u01b0\u1ee3c s\u1eed d\u1ee5ng tr\u00ean c\u00e1c v\u1eadt li\u1ec7u c\u00f3 t\u00ednh \u0103n m\u00f2n ho\u1eb7c c\u00f3 \u0111i\u1ec1u ki\u1ec7n m\u00f4i tr\u01b0\u1eddng c\u00f3 h\u1ea1i. C\u1ea5u tr\u00fac h\u00ecnh c\u1ea7u c\u1ee7a \u0111u\u00f4i c\u1ee7a \u0111inh t\u00e1n b\u1eb1ng th\u00e9p kh\u00f4ng g\u1ec9 m\u1ed9t tr\u1ed1ng c\u00f3 kh\u1ea3 n\u0103ng ch\u1ecbu t\u1ea3i b\u1ec1 m\u1eb7t m\u1ea1nh m\u1ebd v\u00e0 c\u00f3 th\u1ec3 t\u00e1n \u0111inh c\u00e1c t\u1ea5m kim lo\u1ea1i m\u1ecfng m\u1ed9t c\u00e1ch l\u00fd t\u01b0\u1edfng. N\u00f3 c\u1ea3i thi\u1ec7n \u0111\u00e1ng k\u1ec3 hi\u1ec7u su\u1ea5t k\u00e9o c\u1ee7a s\u1ea3n ph\u1ea9m.1: N\u00f3 c\u00f3 \u0111\u1eb7c t\u00ednh c\u01a1 h\u1ecdc c\u1ef1c cao v\u00e0 c\u00f3 th\u1ec3 cung c\u1ea5p c\u00e1c k\u1ebft n\u1ed1i ch\u1ed1ng \u0111\u1ecba ch\u1ea5n c\u01b0\u1eddng \u0111\u1ed9 cao; 2: Ph\u01b0\u01a1ng ph\u00e1p bi\u1ebfn d\u1ea1ng c\u00f3 th\u1ec3 ph\u00e2n t\u00e1n \u00e1p su\u1ea5t b\u1ec1 m\u1eb7t c\u1ee7a c\u00e1c b\u1ed9 ph\u1eadn \u0111inh t\u00e1n; 3: N\u00f3 ph\u00f9 h\u1ee3p cho s\u1ef1 linh ho\u1ea1t; t\u1ea5m kim lo\u1ea1i, kim lo\u1ea1i v\u00e0 nh\u1ef1a, v.v. \u1ee8ng d\u1ee5ng k\u1ebft n\u1ed1i c\u1ee7a v\u1eadt li\u1ec7u; 4: L\u00f5i m\u00f3ng c\u00f2n l\u1ea1i c\u00f3 thi\u1ebft k\u1ebf kh\u00f3a v\u00e0 ch\u1ed1ng l\u1ecfng, c\u00f3 th\u1ec3 \u0111\u01b0\u1ee3c s\u1eed d\u1ee5ng trong c\u00e1c t\u00ecnh hu\u1ed1ng k\u1ebft n\u1ed1i nh\u01b0 ph\u01b0\u01a1ng ti\u1ec7n v\u1eadn chuy\u1ec3n v\u00e0 thi\u1ebft b\u1ecb \u0111i\u1ec7n v\u00e0 th\u00f4ng tin li\u00ean l\u1ea1c \u0111\u1ec3 tr\u00e1nh rung \u0111\u1ed9ng v\u00e0 b\u1ea5t th\u01b0\u1eddng ti\u1ebfng \u1ed3n.\" \/>\n<meta property=\"og:url\" content=\"https:\/\/kseet.vn\/cn\/product\/\u5355\u9f13\u578b\u5706\u5934\u4e0d\u9508\u94a2\u62c9\u9489\/\" \/>\n<meta property=\"og:site_name\" content=\"KSEET Viet Nam\" \/>\n<meta property=\"article:modified_time\" content=\"2025-02-08T03:43:26+00:00\" \/>\n<meta property=\"og:image\" content=\"https:\/\/kseet.vn\/cn\/wp-content\/uploads\/2024\/12\/don.jpg\" \/>\n\t<meta property=\"og:image:width\" content=\"800\" \/>\n\t<meta property=\"og:image:height\" content=\"800\" \/>\n\t<meta property=\"og:image:type\" content=\"image\/jpeg\" \/>\n<meta name=\"twitter:card\" content=\"summary_large_image\" \/>\n<meta name=\"twitter:label1\" content=\"Est. reading time\" \/>\n\t<meta name=\"twitter:data1\" content=\"1 minute\" \/>\n<script type=\"application\/ld+json\" class=\"yoast-schema-graph\">{\"@context\":\"https:\/\/schema.org\",\"@graph\":[{\"@type\":\"WebPage\",\"@id\":\"https:\/\/kseet.vn\/cn\/product\/%e5%8d%95%e9%bc%93%e5%9e%8b%e5%9c%86%e5%a4%b4%e4%b8%8d%e9%94%88%e9%92%a2%e6%8b%89%e9%92%89\/\",\"url\":\"https:\/\/kseet.vn\/cn\/product\/%e5%8d%95%e9%bc%93%e5%9e%8b%e5%9c%86%e5%a4%b4%e4%b8%8d%e9%94%88%e9%92%a2%e6%8b%89%e9%92%89\/\",\"name\":\"\u5355\u9f13\u578b\u5706\u5934\u4e0d\u9508\u94a2\u62c9\u9489 - KSEET Viet Nam\",\"isPartOf\":{\"@id\":\"https:\/\/kseet.vn\/cn\/#website\"},\"primaryImageOfPage\":{\"@id\":\"https:\/\/kseet.vn\/cn\/product\/%e5%8d%95%e9%bc%93%e5%9e%8b%e5%9c%86%e5%a4%b4%e4%b8%8d%e9%94%88%e9%92%a2%e6%8b%89%e9%92%89\/#primaryimage\"},\"image\":{\"@id\":\"https:\/\/kseet.vn\/cn\/product\/%e5%8d%95%e9%bc%93%e5%9e%8b%e5%9c%86%e5%a4%b4%e4%b8%8d%e9%94%88%e9%92%a2%e6%8b%89%e9%92%89\/#primaryimage\"},\"thumbnailUrl\":\"https:\/\/kseet.vn\/cn\/wp-content\/uploads\/2024\/12\/don.jpg\",\"datePublished\":\"2024-12-26T03:28:39+00:00\",\"dateModified\":\"2025-02-08T03:43:26+00:00\",\"description\":\"\u0110inh t\u00e1n b\u1eb1ng th\u00e9p kh\u00f4ng g\u1ec9 \u0111\u1ea7u tr\u00f2n m\u1ed9t tr\u1ed1ng th\u01b0\u1eddng \u0111\u01b0\u1ee3c s\u1eed d\u1ee5ng tr\u00ean c\u00e1c v\u1eadt li\u1ec7u c\u00f3 t\u00ednh \u0103n m\u00f2n ho\u1eb7c c\u00f3 \u0111i\u1ec1u ki\u1ec7n m\u00f4i tr\u01b0\u1eddng c\u00f3 h\u1ea1i. C\u1ea5u tr\u00fac h\u00ecnh c\u1ea7u c\u1ee7a \u0111u\u00f4i c\u1ee7a \u0111inh t\u00e1n b\u1eb1ng th\u00e9p kh\u00f4ng g\u1ec9 m\u1ed9t tr\u1ed1ng c\u00f3 kh\u1ea3 n\u0103ng ch\u1ecbu t\u1ea3i b\u1ec1 m\u1eb7t m\u1ea1nh m\u1ebd v\u00e0 c\u00f3 th\u1ec3 t\u00e1n \u0111inh c\u00e1c t\u1ea5m kim lo\u1ea1i m\u1ecfng m\u1ed9t c\u00e1ch l\u00fd t\u01b0\u1edfng. N\u00f3 c\u1ea3i thi\u1ec7n \u0111\u00e1ng k\u1ec3 hi\u1ec7u su\u1ea5t k\u00e9o c\u1ee7a s\u1ea3n ph\u1ea9m.1: N\u00f3 c\u00f3 \u0111\u1eb7c t\u00ednh c\u01a1 h\u1ecdc c\u1ef1c cao v\u00e0 c\u00f3 th\u1ec3 cung c\u1ea5p c\u00e1c k\u1ebft n\u1ed1i ch\u1ed1ng \u0111\u1ecba ch\u1ea5n c\u01b0\u1eddng \u0111\u1ed9 cao; 2: Ph\u01b0\u01a1ng ph\u00e1p bi\u1ebfn d\u1ea1ng c\u00f3 th\u1ec3 ph\u00e2n t\u00e1n \u00e1p su\u1ea5t b\u1ec1 m\u1eb7t c\u1ee7a c\u00e1c b\u1ed9 ph\u1eadn \u0111inh t\u00e1n; 3: N\u00f3 ph\u00f9 h\u1ee3p cho s\u1ef1 linh ho\u1ea1t; t\u1ea5m kim lo\u1ea1i, kim lo\u1ea1i v\u00e0 nh\u1ef1a, v.v. \u1ee8ng d\u1ee5ng k\u1ebft n\u1ed1i c\u1ee7a v\u1eadt li\u1ec7u; 4: L\u00f5i m\u00f3ng c\u00f2n l\u1ea1i c\u00f3 thi\u1ebft k\u1ebf kh\u00f3a v\u00e0 ch\u1ed1ng l\u1ecfng, c\u00f3 th\u1ec3 \u0111\u01b0\u1ee3c s\u1eed d\u1ee5ng trong c\u00e1c t\u00ecnh hu\u1ed1ng k\u1ebft n\u1ed1i nh\u01b0 ph\u01b0\u01a1ng ti\u1ec7n v\u1eadn chuy\u1ec3n v\u00e0 thi\u1ebft b\u1ecb \u0111i\u1ec7n v\u00e0 th\u00f4ng tin li\u00ean l\u1ea1c \u0111\u1ec3 tr\u00e1nh rung \u0111\u1ed9ng v\u00e0 b\u1ea5t th\u01b0\u1eddng ti\u1ebfng \u1ed3n.\",\"breadcrumb\":{\"@id\":\"https:\/\/kseet.vn\/cn\/product\/%e5%8d%95%e9%bc%93%e5%9e%8b%e5%9c%86%e5%a4%b4%e4%b8%8d%e9%94%88%e9%92%a2%e6%8b%89%e9%92%89\/#breadcrumb\"},\"inLanguage\":\"en-US\",\"potentialAction\":[{\"@type\":\"ReadAction\",\"target\":[\"https:\/\/kseet.vn\/cn\/product\/%e5%8d%95%e9%bc%93%e5%9e%8b%e5%9c%86%e5%a4%b4%e4%b8%8d%e9%94%88%e9%92%a2%e6%8b%89%e9%92%89\/\"]}]},{\"@type\":\"ImageObject\",\"inLanguage\":\"en-US\",\"@id\":\"https:\/\/kseet.vn\/cn\/product\/%e5%8d%95%e9%bc%93%e5%9e%8b%e5%9c%86%e5%a4%b4%e4%b8%8d%e9%94%88%e9%92%a2%e6%8b%89%e9%92%89\/#primaryimage\",\"url\":\"https:\/\/kseet.vn\/cn\/wp-content\/uploads\/2024\/12\/don.jpg\",\"contentUrl\":\"https:\/\/kseet.vn\/cn\/wp-content\/uploads\/2024\/12\/don.jpg\",\"width\":800,\"height\":800},{\"@type\":\"BreadcrumbList\",\"@id\":\"https:\/\/kseet.vn\/cn\/product\/%e5%8d%95%e9%bc%93%e5%9e%8b%e5%9c%86%e5%a4%b4%e4%b8%8d%e9%94%88%e9%92%a2%e6%8b%89%e9%92%89\/#breadcrumb\",\"itemListElement\":[{\"@type\":\"ListItem\",\"position\":1,\"name\":\"\u5bb6\",\"item\":\"https:\/\/kseet.vn\/cn\/\"},{\"@type\":\"ListItem\",\"position\":2,\"name\":\"\u4ea7\u54c1\u4e2d\u5fc3\",\"item\":\"https:\/\/kseet.vn\/cn\/product\/\"},{\"@type\":\"ListItem\",\"position\":3,\"name\":\"\u5355\u9f13\u578b\u5706\u5934\u4e0d\u9508\u94a2\u62c9\u9489\"}]},{\"@type\":\"WebSite\",\"@id\":\"https:\/\/kseet.vn\/cn\/#website\",\"url\":\"https:\/\/kseet.vn\/cn\/\",\"name\":\"KSEET Viet Nam\",\"description\":\"\",\"potentialAction\":[{\"@type\":\"SearchAction\",\"target\":{\"@type\":\"EntryPoint\",\"urlTemplate\":\"https:\/\/kseet.vn\/cn\/?s={search_term_string}\"},\"query-input\":{\"@type\":\"PropertyValueSpecification\",\"valueRequired\":true,\"valueName\":\"search_term_string\"}}],\"inLanguage\":\"en-US\"}]}<\/script>\n<!-- \/ Yoast SEO plugin. -->","yoast_head_json":{"title":"\u5355\u9f13\u578b\u5706\u5934\u4e0d\u9508\u94a2\u62c9\u9489 - KSEET Viet Nam","description":"\u0110inh t\u00e1n b\u1eb1ng th\u00e9p kh\u00f4ng g\u1ec9 \u0111\u1ea7u tr\u00f2n m\u1ed9t tr\u1ed1ng th\u01b0\u1eddng \u0111\u01b0\u1ee3c s\u1eed d\u1ee5ng tr\u00ean c\u00e1c v\u1eadt li\u1ec7u c\u00f3 t\u00ednh \u0103n m\u00f2n ho\u1eb7c c\u00f3 \u0111i\u1ec1u ki\u1ec7n m\u00f4i tr\u01b0\u1eddng c\u00f3 h\u1ea1i. C\u1ea5u tr\u00fac h\u00ecnh c\u1ea7u c\u1ee7a \u0111u\u00f4i c\u1ee7a \u0111inh t\u00e1n b\u1eb1ng th\u00e9p kh\u00f4ng g\u1ec9 m\u1ed9t tr\u1ed1ng c\u00f3 kh\u1ea3 n\u0103ng ch\u1ecbu t\u1ea3i b\u1ec1 m\u1eb7t m\u1ea1nh m\u1ebd v\u00e0 c\u00f3 th\u1ec3 t\u00e1n \u0111inh c\u00e1c t\u1ea5m kim lo\u1ea1i m\u1ecfng m\u1ed9t c\u00e1ch l\u00fd t\u01b0\u1edfng. N\u00f3 c\u1ea3i thi\u1ec7n \u0111\u00e1ng k\u1ec3 hi\u1ec7u su\u1ea5t k\u00e9o c\u1ee7a s\u1ea3n ph\u1ea9m.1: N\u00f3 c\u00f3 \u0111\u1eb7c t\u00ednh c\u01a1 h\u1ecdc c\u1ef1c cao v\u00e0 c\u00f3 th\u1ec3 cung c\u1ea5p c\u00e1c k\u1ebft n\u1ed1i ch\u1ed1ng \u0111\u1ecba ch\u1ea5n c\u01b0\u1eddng \u0111\u1ed9 cao; 2: Ph\u01b0\u01a1ng ph\u00e1p bi\u1ebfn d\u1ea1ng c\u00f3 th\u1ec3 ph\u00e2n t\u00e1n \u00e1p su\u1ea5t b\u1ec1 m\u1eb7t c\u1ee7a c\u00e1c b\u1ed9 ph\u1eadn \u0111inh t\u00e1n; 3: N\u00f3 ph\u00f9 h\u1ee3p cho s\u1ef1 linh ho\u1ea1t; t\u1ea5m kim lo\u1ea1i, kim lo\u1ea1i v\u00e0 nh\u1ef1a, v.v. \u1ee8ng d\u1ee5ng k\u1ebft n\u1ed1i c\u1ee7a v\u1eadt li\u1ec7u; 4: L\u00f5i m\u00f3ng c\u00f2n l\u1ea1i c\u00f3 thi\u1ebft k\u1ebf kh\u00f3a v\u00e0 ch\u1ed1ng l\u1ecfng, c\u00f3 th\u1ec3 \u0111\u01b0\u1ee3c s\u1eed d\u1ee5ng trong c\u00e1c t\u00ecnh hu\u1ed1ng k\u1ebft n\u1ed1i nh\u01b0 ph\u01b0\u01a1ng ti\u1ec7n v\u1eadn chuy\u1ec3n v\u00e0 thi\u1ebft b\u1ecb \u0111i\u1ec7n v\u00e0 th\u00f4ng tin li\u00ean l\u1ea1c \u0111\u1ec3 tr\u00e1nh rung \u0111\u1ed9ng v\u00e0 b\u1ea5t th\u01b0\u1eddng ti\u1ebfng \u1ed3n.","robots":{"index":"index","follow":"follow","max-snippet":"max-snippet:-1","max-image-preview":"max-image-preview:large","max-video-preview":"max-video-preview:-1"},"canonical":"https:\/\/kseet.vn\/cn\/product\/\u5355\u9f13\u578b\u5706\u5934\u4e0d\u9508\u94a2\u62c9\u9489\/","og_locale":"en_US","og_type":"article","og_title":"\u5355\u9f13\u578b\u5706\u5934\u4e0d\u9508\u94a2\u62c9\u9489 - KSEET Viet Nam","og_description":"\u0110inh t\u00e1n b\u1eb1ng th\u00e9p kh\u00f4ng g\u1ec9 \u0111\u1ea7u tr\u00f2n m\u1ed9t tr\u1ed1ng th\u01b0\u1eddng \u0111\u01b0\u1ee3c s\u1eed d\u1ee5ng tr\u00ean c\u00e1c v\u1eadt li\u1ec7u c\u00f3 t\u00ednh \u0103n m\u00f2n ho\u1eb7c c\u00f3 \u0111i\u1ec1u ki\u1ec7n m\u00f4i tr\u01b0\u1eddng c\u00f3 h\u1ea1i. C\u1ea5u tr\u00fac h\u00ecnh c\u1ea7u c\u1ee7a \u0111u\u00f4i c\u1ee7a \u0111inh t\u00e1n b\u1eb1ng th\u00e9p kh\u00f4ng g\u1ec9 m\u1ed9t tr\u1ed1ng c\u00f3 kh\u1ea3 n\u0103ng ch\u1ecbu t\u1ea3i b\u1ec1 m\u1eb7t m\u1ea1nh m\u1ebd v\u00e0 c\u00f3 th\u1ec3 t\u00e1n \u0111inh c\u00e1c t\u1ea5m kim lo\u1ea1i m\u1ecfng m\u1ed9t c\u00e1ch l\u00fd t\u01b0\u1edfng. N\u00f3 c\u1ea3i thi\u1ec7n \u0111\u00e1ng k\u1ec3 hi\u1ec7u su\u1ea5t k\u00e9o c\u1ee7a s\u1ea3n ph\u1ea9m.1: N\u00f3 c\u00f3 \u0111\u1eb7c t\u00ednh c\u01a1 h\u1ecdc c\u1ef1c cao v\u00e0 c\u00f3 th\u1ec3 cung c\u1ea5p c\u00e1c k\u1ebft n\u1ed1i ch\u1ed1ng \u0111\u1ecba ch\u1ea5n c\u01b0\u1eddng \u0111\u1ed9 cao; 2: Ph\u01b0\u01a1ng ph\u00e1p bi\u1ebfn d\u1ea1ng c\u00f3 th\u1ec3 ph\u00e2n t\u00e1n \u00e1p su\u1ea5t b\u1ec1 m\u1eb7t c\u1ee7a c\u00e1c b\u1ed9 ph\u1eadn \u0111inh t\u00e1n; 3: N\u00f3 ph\u00f9 h\u1ee3p cho s\u1ef1 linh ho\u1ea1t; t\u1ea5m kim lo\u1ea1i, kim lo\u1ea1i v\u00e0 nh\u1ef1a, v.v. \u1ee8ng d\u1ee5ng k\u1ebft n\u1ed1i c\u1ee7a v\u1eadt li\u1ec7u; 4: L\u00f5i m\u00f3ng c\u00f2n l\u1ea1i c\u00f3 thi\u1ebft k\u1ebf kh\u00f3a v\u00e0 ch\u1ed1ng l\u1ecfng, c\u00f3 th\u1ec3 \u0111\u01b0\u1ee3c s\u1eed d\u1ee5ng trong c\u00e1c t\u00ecnh hu\u1ed1ng k\u1ebft n\u1ed1i nh\u01b0 ph\u01b0\u01a1ng ti\u1ec7n v\u1eadn chuy\u1ec3n v\u00e0 thi\u1ebft b\u1ecb \u0111i\u1ec7n v\u00e0 th\u00f4ng tin li\u00ean l\u1ea1c \u0111\u1ec3 tr\u00e1nh rung \u0111\u1ed9ng v\u00e0 b\u1ea5t th\u01b0\u1eddng ti\u1ebfng \u1ed3n.","og_url":"https:\/\/kseet.vn\/cn\/product\/\u5355\u9f13\u578b\u5706\u5934\u4e0d\u9508\u94a2\u62c9\u9489\/","og_site_name":"KSEET Viet Nam","article_modified_time":"2025-02-08T03:43:26+00:00","og_image":[{"width":800,"height":800,"url":"https:\/\/kseet.vn\/cn\/wp-content\/uploads\/2024\/12\/don.jpg","type":"image\/jpeg"}],"twitter_card":"summary_large_image","twitter_misc":{"Est. reading time":"1 minute"},"schema":{"@context":"https:\/\/schema.org","@graph":[{"@type":"WebPage","@id":"https:\/\/kseet.vn\/cn\/product\/%e5%8d%95%e9%bc%93%e5%9e%8b%e5%9c%86%e5%a4%b4%e4%b8%8d%e9%94%88%e9%92%a2%e6%8b%89%e9%92%89\/","url":"https:\/\/kseet.vn\/cn\/product\/%e5%8d%95%e9%bc%93%e5%9e%8b%e5%9c%86%e5%a4%b4%e4%b8%8d%e9%94%88%e9%92%a2%e6%8b%89%e9%92%89\/","name":"\u5355\u9f13\u578b\u5706\u5934\u4e0d\u9508\u94a2\u62c9\u9489 - KSEET Viet Nam","isPartOf":{"@id":"https:\/\/kseet.vn\/cn\/#website"},"primaryImageOfPage":{"@id":"https:\/\/kseet.vn\/cn\/product\/%e5%8d%95%e9%bc%93%e5%9e%8b%e5%9c%86%e5%a4%b4%e4%b8%8d%e9%94%88%e9%92%a2%e6%8b%89%e9%92%89\/#primaryimage"},"image":{"@id":"https:\/\/kseet.vn\/cn\/product\/%e5%8d%95%e9%bc%93%e5%9e%8b%e5%9c%86%e5%a4%b4%e4%b8%8d%e9%94%88%e9%92%a2%e6%8b%89%e9%92%89\/#primaryimage"},"thumbnailUrl":"https:\/\/kseet.vn\/cn\/wp-content\/uploads\/2024\/12\/don.jpg","datePublished":"2024-12-26T03:28:39+00:00","dateModified":"2025-02-08T03:43:26+00:00","description":"\u0110inh t\u00e1n b\u1eb1ng th\u00e9p kh\u00f4ng g\u1ec9 \u0111\u1ea7u tr\u00f2n m\u1ed9t tr\u1ed1ng th\u01b0\u1eddng \u0111\u01b0\u1ee3c s\u1eed d\u1ee5ng tr\u00ean c\u00e1c v\u1eadt li\u1ec7u c\u00f3 t\u00ednh \u0103n m\u00f2n ho\u1eb7c c\u00f3 \u0111i\u1ec1u ki\u1ec7n m\u00f4i tr\u01b0\u1eddng c\u00f3 h\u1ea1i. C\u1ea5u tr\u00fac h\u00ecnh c\u1ea7u c\u1ee7a \u0111u\u00f4i c\u1ee7a \u0111inh t\u00e1n b\u1eb1ng th\u00e9p kh\u00f4ng g\u1ec9 m\u1ed9t tr\u1ed1ng c\u00f3 kh\u1ea3 n\u0103ng ch\u1ecbu t\u1ea3i b\u1ec1 m\u1eb7t m\u1ea1nh m\u1ebd v\u00e0 c\u00f3 th\u1ec3 t\u00e1n \u0111inh c\u00e1c t\u1ea5m kim lo\u1ea1i m\u1ecfng m\u1ed9t c\u00e1ch l\u00fd t\u01b0\u1edfng. N\u00f3 c\u1ea3i thi\u1ec7n \u0111\u00e1ng k\u1ec3 hi\u1ec7u su\u1ea5t k\u00e9o c\u1ee7a s\u1ea3n ph\u1ea9m.1: N\u00f3 c\u00f3 \u0111\u1eb7c t\u00ednh c\u01a1 h\u1ecdc c\u1ef1c cao v\u00e0 c\u00f3 th\u1ec3 cung c\u1ea5p c\u00e1c k\u1ebft n\u1ed1i ch\u1ed1ng \u0111\u1ecba ch\u1ea5n c\u01b0\u1eddng \u0111\u1ed9 cao; 2: Ph\u01b0\u01a1ng ph\u00e1p bi\u1ebfn d\u1ea1ng c\u00f3 th\u1ec3 ph\u00e2n t\u00e1n \u00e1p su\u1ea5t b\u1ec1 m\u1eb7t c\u1ee7a c\u00e1c b\u1ed9 ph\u1eadn \u0111inh t\u00e1n; 3: N\u00f3 ph\u00f9 h\u1ee3p cho s\u1ef1 linh ho\u1ea1t; t\u1ea5m kim lo\u1ea1i, kim lo\u1ea1i v\u00e0 nh\u1ef1a, v.v. \u1ee8ng d\u1ee5ng k\u1ebft n\u1ed1i c\u1ee7a v\u1eadt li\u1ec7u; 4: L\u00f5i m\u00f3ng c\u00f2n l\u1ea1i c\u00f3 thi\u1ebft k\u1ebf kh\u00f3a v\u00e0 ch\u1ed1ng l\u1ecfng, c\u00f3 th\u1ec3 \u0111\u01b0\u1ee3c s\u1eed d\u1ee5ng trong c\u00e1c t\u00ecnh hu\u1ed1ng k\u1ebft n\u1ed1i nh\u01b0 ph\u01b0\u01a1ng ti\u1ec7n v\u1eadn chuy\u1ec3n v\u00e0 thi\u1ebft b\u1ecb \u0111i\u1ec7n v\u00e0 th\u00f4ng tin li\u00ean l\u1ea1c \u0111\u1ec3 tr\u00e1nh rung \u0111\u1ed9ng v\u00e0 b\u1ea5t th\u01b0\u1eddng ti\u1ebfng \u1ed3n.","breadcrumb":{"@id":"https:\/\/kseet.vn\/cn\/product\/%e5%8d%95%e9%bc%93%e5%9e%8b%e5%9c%86%e5%a4%b4%e4%b8%8d%e9%94%88%e9%92%a2%e6%8b%89%e9%92%89\/#breadcrumb"},"inLanguage":"en-US","potentialAction":[{"@type":"ReadAction","target":["https:\/\/kseet.vn\/cn\/product\/%e5%8d%95%e9%bc%93%e5%9e%8b%e5%9c%86%e5%a4%b4%e4%b8%8d%e9%94%88%e9%92%a2%e6%8b%89%e9%92%89\/"]}]},{"@type":"ImageObject","inLanguage":"en-US","@id":"https:\/\/kseet.vn\/cn\/product\/%e5%8d%95%e9%bc%93%e5%9e%8b%e5%9c%86%e5%a4%b4%e4%b8%8d%e9%94%88%e9%92%a2%e6%8b%89%e9%92%89\/#primaryimage","url":"https:\/\/kseet.vn\/cn\/wp-content\/uploads\/2024\/12\/don.jpg","contentUrl":"https:\/\/kseet.vn\/cn\/wp-content\/uploads\/2024\/12\/don.jpg","width":800,"height":800},{"@type":"BreadcrumbList","@id":"https:\/\/kseet.vn\/cn\/product\/%e5%8d%95%e9%bc%93%e5%9e%8b%e5%9c%86%e5%a4%b4%e4%b8%8d%e9%94%88%e9%92%a2%e6%8b%89%e9%92%89\/#breadcrumb","itemListElement":[{"@type":"ListItem","position":1,"name":"\u5bb6","item":"https:\/\/kseet.vn\/cn\/"},{"@type":"ListItem","position":2,"name":"\u4ea7\u54c1\u4e2d\u5fc3","item":"https:\/\/kseet.vn\/cn\/product\/"},{"@type":"ListItem","position":3,"name":"\u5355\u9f13\u578b\u5706\u5934\u4e0d\u9508\u94a2\u62c9\u9489"}]},{"@type":"WebSite","@id":"https:\/\/kseet.vn\/cn\/#website","url":"https:\/\/kseet.vn\/cn\/","name":"KSEET Viet Nam","description":"","potentialAction":[{"@type":"SearchAction","target":{"@type":"EntryPoint","urlTemplate":"https:\/\/kseet.vn\/cn\/?s={search_term_string}"},"query-input":{"@type":"PropertyValueSpecification","valueRequired":true,"valueName":"search_term_string"}}],"inLanguage":"en-US"}]}},"_links":{"self":[{"href":"https:\/\/kseet.vn\/cn\/wp-json\/wp\/v2\/product\/489","targetHints":{"allow":["GET"]}}],"collection":[{"href":"https:\/\/kseet.vn\/cn\/wp-json\/wp\/v2\/product"}],"about":[{"href":"https:\/\/kseet.vn\/cn\/wp-json\/wp\/v2\/types\/product"}],"wp:featuredmedia":[{"embeddable":true,"href":"https:\/\/kseet.vn\/cn\/wp-json\/wp\/v2\/media\/490"}],"wp:attachment":[{"href":"https:\/\/kseet.vn\/cn\/wp-json\/wp\/v2\/media?parent=489"}],"wp:term":[{"taxonomy":"product_cat","embeddable":true,"href":"https:\/\/kseet.vn\/cn\/wp-json\/wp\/v2\/product_cat?post=489"},{"taxonomy":"product_tag","embeddable":true,"href":"https:\/\/kseet.vn\/cn\/wp-json\/wp\/v2\/product_tag?post=489"}],"curies":[{"name":"wp","href":"https:\/\/api.w.org\/{rel}","templated":true}]}}