{"id":483,"date":"2024-12-26T10:16:42","date_gmt":"2024-12-26T03:16:42","guid":{"rendered":"https:\/\/kseet.vn\/cn\/?post_type=product&#038;p=483"},"modified":"2025-01-22T09:02:51","modified_gmt":"2025-01-22T02:02:51","slug":"dinh-tan","status":"publish","type":"product","link":"https:\/\/kseet.vn\/cn\/product\/dinh-tan\/","title":{"rendered":"\u6389\u5934\u94c6\u9489"},"content":{"rendered":"<p><img loading=\"lazy\" decoding=\"async\" class=\"aligncenter size-full wp-image-484\" src=\"https:\/\/kseet.vn\/cn\/wp-content\/uploads\/2024\/12\/diaotou.jpg\" alt=\"\" width=\"750\" height=\"750\" \/><\/p>\n","protected":false},"excerpt":{"rendered":"<ul>\n<li>\u751f\u4ea7\u8fc7\u7a0b\u7edd\u5bf9\u5b89\u5168<\/li>\n<li>\u5168\u56fd\u53d1\u8d27<\/li>\n<li>\u4f18\u8d28\u4ea7\u54c1<\/li>\n<\/ul>\n","protected":false},"featured_media":485,"template":"","meta":[],"product_cat":[30,22],"product_tag":[],"class_list":{"0":"post-483","1":"product","2":"type-product","3":"status-publish","4":"has-post-thumbnail","6":"product_cat-30","7":"product_cat-22","9":"first","10":"instock","11":"shipping-taxable","12":"product-type-simple"},"yoast_head":"<!-- This site is optimized with the Yoast SEO plugin v24.1 - https:\/\/yoast.com\/wordpress\/plugins\/seo\/ -->\n<title>\u6389\u5934\u94c6\u9489 - KSEET Viet Nam<\/title>\n<meta name=\"description\" content=\"\u0110i\u1ec3m ch\u00ednh c\u1ee7a \u0111inh t\u00e1n quay ch\u1eef U l\u00e0 \u0111\u1ea7u \u0111inh l\u1ed3i h\u00ecnh n\u1ea5m tr\u00ean \u0111\u1ea7u. Sau khi t\u00e1n \u0111inh, \u0111\u1ea7u \u0111inh s\u1ebd r\u01a1i ra sau khi t\u00e1n \u0111inh, hai b\u1ec1 m\u1eb7t \u0111inh t\u00e1n c\u1ee7a \u0111inh t\u00e1n quay ch\u1eef U t\u01b0\u01a1ng \u0111\u1ed1i nhau ph\u1eb3ng , ph\u00f9 h\u1ee3p h\u01a1n cho vi\u1ec7c s\u1eed d\u1ee5ng . Trong qu\u00e1 tr\u00ecnh v\u1eadn h\u00e0nh, tr\u01b0\u1edbc ti\u00ean h\u00e3y khoan l\u1ed7 \u0111inh t\u00e1n, s\u1eed d\u1ee5ng c\u1eb7p c\u1ee7a s\u00fang \u0111inh t\u00e1n \u0111\u1ec3 che th\u00e2n \u0111inh t\u00e1n v\u00e0 t\u1ea1o l\u1ef1c c\u0103ng \u0111\u1ec3 b\u1eafn th\u00e2n \u0111inh t\u00e1n. \u00c1p l\u1ef1c l\u00ean \u0111\u1ea7u \u0111inh t\u00e1n s\u1ebd bu\u1ed9c \u0111\u1ea7u \u0111inh t\u00e1n m\u1ec1m h\u01a1n m\u1edf r\u1ed9ng ra b\u00ean ngo\u00e0i th\u00e0nh h\u00ecnh l\u1ed3i. H\u00ecnh d\u1ea1ng c\u1ea1nh, l\u00f5i \u0111inh \u0111\u01b0\u1ee3c k\u00e9o ra sau khi t\u00e1n \u0111inh, \u0111\u1ea7u l\u00f5i \u0111inh t\u1ef1 \u0111\u1ed9ng r\u01a1i ra, cho ph\u00e9p c\u00e1c v\u1eadt li\u1ec7u k\u1ebft h\u1ee3p ch\u1eb7t ch\u1ebd v\u1edbi nhau \u0111\u1ec3 \u0111inh t\u00e1n t\u1ea5m.\" \/>\n<meta name=\"robots\" content=\"index, follow, max-snippet:-1, max-image-preview:large, max-video-preview:-1\" \/>\n<link rel=\"canonical\" href=\"https:\/\/kseet.vn\/cn\/product\/dinh-tan\/\" \/>\n<meta property=\"og:locale\" content=\"en_US\" \/>\n<meta property=\"og:type\" content=\"article\" \/>\n<meta property=\"og:title\" content=\"\u6389\u5934\u94c6\u9489 - KSEET Viet Nam\" \/>\n<meta property=\"og:description\" content=\"\u0110i\u1ec3m ch\u00ednh c\u1ee7a \u0111inh t\u00e1n quay ch\u1eef U l\u00e0 \u0111\u1ea7u \u0111inh l\u1ed3i h\u00ecnh n\u1ea5m tr\u00ean \u0111\u1ea7u. Sau khi t\u00e1n \u0111inh, \u0111\u1ea7u \u0111inh s\u1ebd r\u01a1i ra sau khi t\u00e1n \u0111inh, hai b\u1ec1 m\u1eb7t \u0111inh t\u00e1n c\u1ee7a \u0111inh t\u00e1n quay ch\u1eef U t\u01b0\u01a1ng \u0111\u1ed1i nhau ph\u1eb3ng , ph\u00f9 h\u1ee3p h\u01a1n cho vi\u1ec7c s\u1eed d\u1ee5ng . Trong qu\u00e1 tr\u00ecnh v\u1eadn h\u00e0nh, tr\u01b0\u1edbc ti\u00ean h\u00e3y khoan l\u1ed7 \u0111inh t\u00e1n, s\u1eed d\u1ee5ng c\u1eb7p c\u1ee7a s\u00fang \u0111inh t\u00e1n \u0111\u1ec3 che th\u00e2n \u0111inh t\u00e1n v\u00e0 t\u1ea1o l\u1ef1c c\u0103ng \u0111\u1ec3 b\u1eafn th\u00e2n \u0111inh t\u00e1n. \u00c1p l\u1ef1c l\u00ean \u0111\u1ea7u \u0111inh t\u00e1n s\u1ebd bu\u1ed9c \u0111\u1ea7u \u0111inh t\u00e1n m\u1ec1m h\u01a1n m\u1edf r\u1ed9ng ra b\u00ean ngo\u00e0i th\u00e0nh h\u00ecnh l\u1ed3i. H\u00ecnh d\u1ea1ng c\u1ea1nh, l\u00f5i \u0111inh \u0111\u01b0\u1ee3c k\u00e9o ra sau khi t\u00e1n \u0111inh, \u0111\u1ea7u l\u00f5i \u0111inh t\u1ef1 \u0111\u1ed9ng r\u01a1i ra, cho ph\u00e9p c\u00e1c v\u1eadt li\u1ec7u k\u1ebft h\u1ee3p ch\u1eb7t ch\u1ebd v\u1edbi nhau \u0111\u1ec3 \u0111inh t\u00e1n t\u1ea5m.\" \/>\n<meta property=\"og:url\" content=\"https:\/\/kseet.vn\/cn\/product\/dinh-tan\/\" \/>\n<meta property=\"og:site_name\" content=\"KSEET Viet Nam\" \/>\n<meta property=\"article:modified_time\" content=\"2025-01-22T02:02:51+00:00\" \/>\n<meta property=\"og:image\" content=\"https:\/\/kseet.vn\/cn\/wp-content\/uploads\/2024\/12\/diaotou-1.jpg\" \/>\n\t<meta property=\"og:image:width\" content=\"750\" \/>\n\t<meta property=\"og:image:height\" content=\"750\" \/>\n\t<meta property=\"og:image:type\" content=\"image\/jpeg\" \/>\n<meta name=\"twitter:card\" content=\"summary_large_image\" \/>\n<meta name=\"twitter:label1\" content=\"Est. reading time\" \/>\n\t<meta name=\"twitter:data1\" content=\"1 minute\" \/>\n<script type=\"application\/ld+json\" class=\"yoast-schema-graph\">{\"@context\":\"https:\/\/schema.org\",\"@graph\":[{\"@type\":\"WebPage\",\"@id\":\"https:\/\/kseet.vn\/cn\/product\/dinh-tan\/\",\"url\":\"https:\/\/kseet.vn\/cn\/product\/dinh-tan\/\",\"name\":\"\u6389\u5934\u94c6\u9489 - KSEET Viet Nam\",\"isPartOf\":{\"@id\":\"https:\/\/kseet.vn\/cn\/#website\"},\"primaryImageOfPage\":{\"@id\":\"https:\/\/kseet.vn\/cn\/product\/dinh-tan\/#primaryimage\"},\"image\":{\"@id\":\"https:\/\/kseet.vn\/cn\/product\/dinh-tan\/#primaryimage\"},\"thumbnailUrl\":\"https:\/\/kseet.vn\/cn\/wp-content\/uploads\/2024\/12\/diaotou-1.jpg\",\"datePublished\":\"2024-12-26T03:16:42+00:00\",\"dateModified\":\"2025-01-22T02:02:51+00:00\",\"description\":\"\u0110i\u1ec3m ch\u00ednh c\u1ee7a \u0111inh t\u00e1n quay ch\u1eef U l\u00e0 \u0111\u1ea7u \u0111inh l\u1ed3i h\u00ecnh n\u1ea5m tr\u00ean \u0111\u1ea7u. Sau khi t\u00e1n \u0111inh, \u0111\u1ea7u \u0111inh s\u1ebd r\u01a1i ra sau khi t\u00e1n \u0111inh, hai b\u1ec1 m\u1eb7t \u0111inh t\u00e1n c\u1ee7a \u0111inh t\u00e1n quay ch\u1eef U t\u01b0\u01a1ng \u0111\u1ed1i nhau ph\u1eb3ng , ph\u00f9 h\u1ee3p h\u01a1n cho vi\u1ec7c s\u1eed d\u1ee5ng . Trong qu\u00e1 tr\u00ecnh v\u1eadn h\u00e0nh, tr\u01b0\u1edbc ti\u00ean h\u00e3y khoan l\u1ed7 \u0111inh t\u00e1n, s\u1eed d\u1ee5ng c\u1eb7p c\u1ee7a s\u00fang \u0111inh t\u00e1n \u0111\u1ec3 che th\u00e2n \u0111inh t\u00e1n v\u00e0 t\u1ea1o l\u1ef1c c\u0103ng \u0111\u1ec3 b\u1eafn th\u00e2n \u0111inh t\u00e1n. \u00c1p l\u1ef1c l\u00ean \u0111\u1ea7u \u0111inh t\u00e1n s\u1ebd bu\u1ed9c \u0111\u1ea7u \u0111inh t\u00e1n m\u1ec1m h\u01a1n m\u1edf r\u1ed9ng ra b\u00ean ngo\u00e0i th\u00e0nh h\u00ecnh l\u1ed3i. H\u00ecnh d\u1ea1ng c\u1ea1nh, l\u00f5i \u0111inh \u0111\u01b0\u1ee3c k\u00e9o ra sau khi t\u00e1n \u0111inh, \u0111\u1ea7u l\u00f5i \u0111inh t\u1ef1 \u0111\u1ed9ng r\u01a1i ra, cho ph\u00e9p c\u00e1c v\u1eadt li\u1ec7u k\u1ebft h\u1ee3p ch\u1eb7t ch\u1ebd v\u1edbi nhau \u0111\u1ec3 \u0111inh t\u00e1n t\u1ea5m.\",\"breadcrumb\":{\"@id\":\"https:\/\/kseet.vn\/cn\/product\/dinh-tan\/#breadcrumb\"},\"inLanguage\":\"en-US\",\"potentialAction\":[{\"@type\":\"ReadAction\",\"target\":[\"https:\/\/kseet.vn\/cn\/product\/dinh-tan\/\"]}]},{\"@type\":\"ImageObject\",\"inLanguage\":\"en-US\",\"@id\":\"https:\/\/kseet.vn\/cn\/product\/dinh-tan\/#primaryimage\",\"url\":\"https:\/\/kseet.vn\/cn\/wp-content\/uploads\/2024\/12\/diaotou-1.jpg\",\"contentUrl\":\"https:\/\/kseet.vn\/cn\/wp-content\/uploads\/2024\/12\/diaotou-1.jpg\",\"width\":750,\"height\":750},{\"@type\":\"BreadcrumbList\",\"@id\":\"https:\/\/kseet.vn\/cn\/product\/dinh-tan\/#breadcrumb\",\"itemListElement\":[{\"@type\":\"ListItem\",\"position\":1,\"name\":\"\u5bb6\",\"item\":\"https:\/\/kseet.vn\/cn\/\"},{\"@type\":\"ListItem\",\"position\":2,\"name\":\"\u4ea7\u54c1\u4e2d\u5fc3\",\"item\":\"https:\/\/kseet.vn\/cn\/product\/\"},{\"@type\":\"ListItem\",\"position\":3,\"name\":\"\u6389\u5934\u94c6\u9489\"}]},{\"@type\":\"WebSite\",\"@id\":\"https:\/\/kseet.vn\/cn\/#website\",\"url\":\"https:\/\/kseet.vn\/cn\/\",\"name\":\"KSEET Viet Nam\",\"description\":\"\",\"potentialAction\":[{\"@type\":\"SearchAction\",\"target\":{\"@type\":\"EntryPoint\",\"urlTemplate\":\"https:\/\/kseet.vn\/cn\/?s={search_term_string}\"},\"query-input\":{\"@type\":\"PropertyValueSpecification\",\"valueRequired\":true,\"valueName\":\"search_term_string\"}}],\"inLanguage\":\"en-US\"}]}<\/script>\n<!-- \/ Yoast SEO plugin. -->","yoast_head_json":{"title":"\u6389\u5934\u94c6\u9489 - KSEET Viet Nam","description":"\u0110i\u1ec3m ch\u00ednh c\u1ee7a \u0111inh t\u00e1n quay ch\u1eef U l\u00e0 \u0111\u1ea7u \u0111inh l\u1ed3i h\u00ecnh n\u1ea5m tr\u00ean \u0111\u1ea7u. Sau khi t\u00e1n \u0111inh, \u0111\u1ea7u \u0111inh s\u1ebd r\u01a1i ra sau khi t\u00e1n \u0111inh, hai b\u1ec1 m\u1eb7t \u0111inh t\u00e1n c\u1ee7a \u0111inh t\u00e1n quay ch\u1eef U t\u01b0\u01a1ng \u0111\u1ed1i nhau ph\u1eb3ng , ph\u00f9 h\u1ee3p h\u01a1n cho vi\u1ec7c s\u1eed d\u1ee5ng . Trong qu\u00e1 tr\u00ecnh v\u1eadn h\u00e0nh, tr\u01b0\u1edbc ti\u00ean h\u00e3y khoan l\u1ed7 \u0111inh t\u00e1n, s\u1eed d\u1ee5ng c\u1eb7p c\u1ee7a s\u00fang \u0111inh t\u00e1n \u0111\u1ec3 che th\u00e2n \u0111inh t\u00e1n v\u00e0 t\u1ea1o l\u1ef1c c\u0103ng \u0111\u1ec3 b\u1eafn th\u00e2n \u0111inh t\u00e1n. \u00c1p l\u1ef1c l\u00ean \u0111\u1ea7u \u0111inh t\u00e1n s\u1ebd bu\u1ed9c \u0111\u1ea7u \u0111inh t\u00e1n m\u1ec1m h\u01a1n m\u1edf r\u1ed9ng ra b\u00ean ngo\u00e0i th\u00e0nh h\u00ecnh l\u1ed3i. H\u00ecnh d\u1ea1ng c\u1ea1nh, l\u00f5i \u0111inh \u0111\u01b0\u1ee3c k\u00e9o ra sau khi t\u00e1n \u0111inh, \u0111\u1ea7u l\u00f5i \u0111inh t\u1ef1 \u0111\u1ed9ng r\u01a1i ra, cho ph\u00e9p c\u00e1c v\u1eadt li\u1ec7u k\u1ebft h\u1ee3p ch\u1eb7t ch\u1ebd v\u1edbi nhau \u0111\u1ec3 \u0111inh t\u00e1n t\u1ea5m.","robots":{"index":"index","follow":"follow","max-snippet":"max-snippet:-1","max-image-preview":"max-image-preview:large","max-video-preview":"max-video-preview:-1"},"canonical":"https:\/\/kseet.vn\/cn\/product\/dinh-tan\/","og_locale":"en_US","og_type":"article","og_title":"\u6389\u5934\u94c6\u9489 - KSEET Viet Nam","og_description":"\u0110i\u1ec3m ch\u00ednh c\u1ee7a \u0111inh t\u00e1n quay ch\u1eef U l\u00e0 \u0111\u1ea7u \u0111inh l\u1ed3i h\u00ecnh n\u1ea5m tr\u00ean \u0111\u1ea7u. Sau khi t\u00e1n \u0111inh, \u0111\u1ea7u \u0111inh s\u1ebd r\u01a1i ra sau khi t\u00e1n \u0111inh, hai b\u1ec1 m\u1eb7t \u0111inh t\u00e1n c\u1ee7a \u0111inh t\u00e1n quay ch\u1eef U t\u01b0\u01a1ng \u0111\u1ed1i nhau ph\u1eb3ng , ph\u00f9 h\u1ee3p h\u01a1n cho vi\u1ec7c s\u1eed d\u1ee5ng . Trong qu\u00e1 tr\u00ecnh v\u1eadn h\u00e0nh, tr\u01b0\u1edbc ti\u00ean h\u00e3y khoan l\u1ed7 \u0111inh t\u00e1n, s\u1eed d\u1ee5ng c\u1eb7p c\u1ee7a s\u00fang \u0111inh t\u00e1n \u0111\u1ec3 che th\u00e2n \u0111inh t\u00e1n v\u00e0 t\u1ea1o l\u1ef1c c\u0103ng \u0111\u1ec3 b\u1eafn th\u00e2n \u0111inh t\u00e1n. \u00c1p l\u1ef1c l\u00ean \u0111\u1ea7u \u0111inh t\u00e1n s\u1ebd bu\u1ed9c \u0111\u1ea7u \u0111inh t\u00e1n m\u1ec1m h\u01a1n m\u1edf r\u1ed9ng ra b\u00ean ngo\u00e0i th\u00e0nh h\u00ecnh l\u1ed3i. H\u00ecnh d\u1ea1ng c\u1ea1nh, l\u00f5i \u0111inh \u0111\u01b0\u1ee3c k\u00e9o ra sau khi t\u00e1n \u0111inh, \u0111\u1ea7u l\u00f5i \u0111inh t\u1ef1 \u0111\u1ed9ng r\u01a1i ra, cho ph\u00e9p c\u00e1c v\u1eadt li\u1ec7u k\u1ebft h\u1ee3p ch\u1eb7t ch\u1ebd v\u1edbi nhau \u0111\u1ec3 \u0111inh t\u00e1n t\u1ea5m.","og_url":"https:\/\/kseet.vn\/cn\/product\/dinh-tan\/","og_site_name":"KSEET Viet Nam","article_modified_time":"2025-01-22T02:02:51+00:00","og_image":[{"width":750,"height":750,"url":"https:\/\/kseet.vn\/cn\/wp-content\/uploads\/2024\/12\/diaotou-1.jpg","type":"image\/jpeg"}],"twitter_card":"summary_large_image","twitter_misc":{"Est. reading time":"1 minute"},"schema":{"@context":"https:\/\/schema.org","@graph":[{"@type":"WebPage","@id":"https:\/\/kseet.vn\/cn\/product\/dinh-tan\/","url":"https:\/\/kseet.vn\/cn\/product\/dinh-tan\/","name":"\u6389\u5934\u94c6\u9489 - KSEET Viet Nam","isPartOf":{"@id":"https:\/\/kseet.vn\/cn\/#website"},"primaryImageOfPage":{"@id":"https:\/\/kseet.vn\/cn\/product\/dinh-tan\/#primaryimage"},"image":{"@id":"https:\/\/kseet.vn\/cn\/product\/dinh-tan\/#primaryimage"},"thumbnailUrl":"https:\/\/kseet.vn\/cn\/wp-content\/uploads\/2024\/12\/diaotou-1.jpg","datePublished":"2024-12-26T03:16:42+00:00","dateModified":"2025-01-22T02:02:51+00:00","description":"\u0110i\u1ec3m ch\u00ednh c\u1ee7a \u0111inh t\u00e1n quay ch\u1eef U l\u00e0 \u0111\u1ea7u \u0111inh l\u1ed3i h\u00ecnh n\u1ea5m tr\u00ean \u0111\u1ea7u. Sau khi t\u00e1n \u0111inh, \u0111\u1ea7u \u0111inh s\u1ebd r\u01a1i ra sau khi t\u00e1n \u0111inh, hai b\u1ec1 m\u1eb7t \u0111inh t\u00e1n c\u1ee7a \u0111inh t\u00e1n quay ch\u1eef U t\u01b0\u01a1ng \u0111\u1ed1i nhau ph\u1eb3ng , ph\u00f9 h\u1ee3p h\u01a1n cho vi\u1ec7c s\u1eed d\u1ee5ng . Trong qu\u00e1 tr\u00ecnh v\u1eadn h\u00e0nh, tr\u01b0\u1edbc ti\u00ean h\u00e3y khoan l\u1ed7 \u0111inh t\u00e1n, s\u1eed d\u1ee5ng c\u1eb7p c\u1ee7a s\u00fang \u0111inh t\u00e1n \u0111\u1ec3 che th\u00e2n \u0111inh t\u00e1n v\u00e0 t\u1ea1o l\u1ef1c c\u0103ng \u0111\u1ec3 b\u1eafn th\u00e2n \u0111inh t\u00e1n. \u00c1p l\u1ef1c l\u00ean \u0111\u1ea7u \u0111inh t\u00e1n s\u1ebd bu\u1ed9c \u0111\u1ea7u \u0111inh t\u00e1n m\u1ec1m h\u01a1n m\u1edf r\u1ed9ng ra b\u00ean ngo\u00e0i th\u00e0nh h\u00ecnh l\u1ed3i. H\u00ecnh d\u1ea1ng c\u1ea1nh, l\u00f5i \u0111inh \u0111\u01b0\u1ee3c k\u00e9o ra sau khi t\u00e1n \u0111inh, \u0111\u1ea7u l\u00f5i \u0111inh t\u1ef1 \u0111\u1ed9ng r\u01a1i ra, cho ph\u00e9p c\u00e1c v\u1eadt li\u1ec7u k\u1ebft h\u1ee3p ch\u1eb7t ch\u1ebd v\u1edbi nhau \u0111\u1ec3 \u0111inh t\u00e1n t\u1ea5m.","breadcrumb":{"@id":"https:\/\/kseet.vn\/cn\/product\/dinh-tan\/#breadcrumb"},"inLanguage":"en-US","potentialAction":[{"@type":"ReadAction","target":["https:\/\/kseet.vn\/cn\/product\/dinh-tan\/"]}]},{"@type":"ImageObject","inLanguage":"en-US","@id":"https:\/\/kseet.vn\/cn\/product\/dinh-tan\/#primaryimage","url":"https:\/\/kseet.vn\/cn\/wp-content\/uploads\/2024\/12\/diaotou-1.jpg","contentUrl":"https:\/\/kseet.vn\/cn\/wp-content\/uploads\/2024\/12\/diaotou-1.jpg","width":750,"height":750},{"@type":"BreadcrumbList","@id":"https:\/\/kseet.vn\/cn\/product\/dinh-tan\/#breadcrumb","itemListElement":[{"@type":"ListItem","position":1,"name":"\u5bb6","item":"https:\/\/kseet.vn\/cn\/"},{"@type":"ListItem","position":2,"name":"\u4ea7\u54c1\u4e2d\u5fc3","item":"https:\/\/kseet.vn\/cn\/product\/"},{"@type":"ListItem","position":3,"name":"\u6389\u5934\u94c6\u9489"}]},{"@type":"WebSite","@id":"https:\/\/kseet.vn\/cn\/#website","url":"https:\/\/kseet.vn\/cn\/","name":"KSEET Viet Nam","description":"","potentialAction":[{"@type":"SearchAction","target":{"@type":"EntryPoint","urlTemplate":"https:\/\/kseet.vn\/cn\/?s={search_term_string}"},"query-input":{"@type":"PropertyValueSpecification","valueRequired":true,"valueName":"search_term_string"}}],"inLanguage":"en-US"}]}},"_links":{"self":[{"href":"https:\/\/kseet.vn\/cn\/wp-json\/wp\/v2\/product\/483","targetHints":{"allow":["GET"]}}],"collection":[{"href":"https:\/\/kseet.vn\/cn\/wp-json\/wp\/v2\/product"}],"about":[{"href":"https:\/\/kseet.vn\/cn\/wp-json\/wp\/v2\/types\/product"}],"wp:featuredmedia":[{"embeddable":true,"href":"https:\/\/kseet.vn\/cn\/wp-json\/wp\/v2\/media\/485"}],"wp:attachment":[{"href":"https:\/\/kseet.vn\/cn\/wp-json\/wp\/v2\/media?parent=483"}],"wp:term":[{"taxonomy":"product_cat","embeddable":true,"href":"https:\/\/kseet.vn\/cn\/wp-json\/wp\/v2\/product_cat?post=483"},{"taxonomy":"product_tag","embeddable":true,"href":"https:\/\/kseet.vn\/cn\/wp-json\/wp\/v2\/product_tag?post=483"}],"curies":[{"name":"wp","href":"https:\/\/api.w.org\/{rel}","templated":true}]}}