{"id":480,"date":"2024-12-26T10:03:14","date_gmt":"2024-12-26T03:03:14","guid":{"rendered":"https:\/\/kseet.vn\/cn\/?post_type=product&#038;p=480"},"modified":"2025-01-22T09:12:31","modified_gmt":"2025-01-22T02:12:31","slug":"dinh-tan-2","status":"publish","type":"product","link":"https:\/\/kseet.vn\/cn\/product\/dinh-tan-2\/","title":{"rendered":"\u53e3\u676f\u6c89\u5934\u62c9\u4e1d\u9489"},"content":{"rendered":"<p><img loading=\"lazy\" decoding=\"async\" class=\"aligncenter size-full wp-image-481\" src=\"https:\/\/kseet.vn\/cn\/wp-content\/uploads\/2024\/12\/caily.jpg\" alt=\"\" width=\"800\" height=\"800\" \/><\/p>\n","protected":false},"excerpt":{"rendered":"<ul>\n<li><span style=\"vertical-align: inherit;\"><span style=\"vertical-align: inherit;\">\u751f\u4ea7\u8fc7\u7a0b\u7edd\u5bf9\u5b89\u5168<\/span><\/span><\/li>\n<li><span style=\"vertical-align: inherit;\"><span style=\"vertical-align: inherit;\">Qu\u1ed1c gia<\/span><\/span><\/li>\n<li><span style=\"vertical-align: inherit;\"><span style=\"vertical-align: inherit;\">S\u1ea3n ph\u1ea9m c\u1ee7a c\u00f4ng ty<\/span><\/span><\/li>\n<\/ul>\n","protected":false},"featured_media":481,"template":"","meta":[],"product_cat":[25,30],"product_tag":[],"class_list":{"0":"post-480","1":"product","2":"type-product","3":"status-publish","4":"has-post-thumbnail","6":"product_cat-25","7":"product_cat-30","9":"first","10":"instock","11":"shipping-taxable","12":"product-type-simple"},"yoast_head":"<!-- This site is optimized with the Yoast SEO plugin v24.1 - https:\/\/yoast.com\/wordpress\/plugins\/seo\/ -->\n<title>\u53e3\u676f\u6c89\u5934\u62c9\u4e1d\u9489 - KSEET Viet Nam<\/title>\n<meta name=\"description\" content=\"\u0110inh t\u00e1n h\u00ecnh c\u00e1i c\u1ed1c c\u00f3 \u01b0u \u0111i\u1ec3m r\u1ea5t t\u1ed1t l\u00e0 d\u1ec5 s\u1eed d\u1ee5ng , \u0111\u1ed9 b\u1ec1n v\u00e0 ch\u1eb7t th\u00ec kh\u1ecfi ph\u1ea3i b\u00e0n , h\u00ecnh d\u00e1ng ki\u1ec3u ly r\u1ea5t xinh . ch\u1ea5t li\u1ec7u b\u1eb1ng inox k lo han g\u1ec9 .\" \/>\n<meta name=\"robots\" content=\"index, follow, max-snippet:-1, max-image-preview:large, max-video-preview:-1\" \/>\n<link rel=\"canonical\" href=\"https:\/\/kseet.vn\/cn\/product\/dinh-tan-2\/\" \/>\n<meta property=\"og:locale\" content=\"en_US\" \/>\n<meta property=\"og:type\" content=\"article\" \/>\n<meta property=\"og:title\" content=\"\u53e3\u676f\u6c89\u5934\u62c9\u4e1d\u9489 - KSEET Viet Nam\" \/>\n<meta property=\"og:description\" content=\"\u0110inh t\u00e1n h\u00ecnh c\u00e1i c\u1ed1c c\u00f3 \u01b0u \u0111i\u1ec3m r\u1ea5t t\u1ed1t l\u00e0 d\u1ec5 s\u1eed d\u1ee5ng , \u0111\u1ed9 b\u1ec1n v\u00e0 ch\u1eb7t th\u00ec kh\u1ecfi ph\u1ea3i b\u00e0n , h\u00ecnh d\u00e1ng ki\u1ec3u ly r\u1ea5t xinh . ch\u1ea5t li\u1ec7u b\u1eb1ng inox k lo han g\u1ec9 .\" \/>\n<meta property=\"og:url\" content=\"https:\/\/kseet.vn\/cn\/product\/dinh-tan-2\/\" \/>\n<meta property=\"og:site_name\" content=\"KSEET Viet Nam\" \/>\n<meta property=\"article:modified_time\" content=\"2025-01-22T02:12:31+00:00\" \/>\n<meta property=\"og:image\" content=\"https:\/\/kseet.vn\/cn\/wp-content\/uploads\/2024\/12\/caily.jpg\" \/>\n\t<meta property=\"og:image:width\" content=\"800\" \/>\n\t<meta property=\"og:image:height\" content=\"800\" \/>\n\t<meta property=\"og:image:type\" content=\"image\/jpeg\" \/>\n<meta name=\"twitter:card\" content=\"summary_large_image\" \/>\n<meta name=\"twitter:label1\" content=\"Est. reading time\" \/>\n\t<meta name=\"twitter:data1\" content=\"1 minute\" \/>\n<script type=\"application\/ld+json\" class=\"yoast-schema-graph\">{\"@context\":\"https:\/\/schema.org\",\"@graph\":[{\"@type\":\"WebPage\",\"@id\":\"https:\/\/kseet.vn\/cn\/product\/dinh-tan-2\/\",\"url\":\"https:\/\/kseet.vn\/cn\/product\/dinh-tan-2\/\",\"name\":\"\u53e3\u676f\u6c89\u5934\u62c9\u4e1d\u9489 - KSEET Viet Nam\",\"isPartOf\":{\"@id\":\"https:\/\/kseet.vn\/cn\/#website\"},\"primaryImageOfPage\":{\"@id\":\"https:\/\/kseet.vn\/cn\/product\/dinh-tan-2\/#primaryimage\"},\"image\":{\"@id\":\"https:\/\/kseet.vn\/cn\/product\/dinh-tan-2\/#primaryimage\"},\"thumbnailUrl\":\"https:\/\/kseet.vn\/cn\/wp-content\/uploads\/2024\/12\/caily.jpg\",\"datePublished\":\"2024-12-26T03:03:14+00:00\",\"dateModified\":\"2025-01-22T02:12:31+00:00\",\"description\":\"\u0110inh t\u00e1n h\u00ecnh c\u00e1i c\u1ed1c c\u00f3 \u01b0u \u0111i\u1ec3m r\u1ea5t t\u1ed1t l\u00e0 d\u1ec5 s\u1eed d\u1ee5ng , \u0111\u1ed9 b\u1ec1n v\u00e0 ch\u1eb7t th\u00ec kh\u1ecfi ph\u1ea3i b\u00e0n , h\u00ecnh d\u00e1ng ki\u1ec3u ly r\u1ea5t xinh . ch\u1ea5t li\u1ec7u b\u1eb1ng inox k lo han g\u1ec9 .\",\"breadcrumb\":{\"@id\":\"https:\/\/kseet.vn\/cn\/product\/dinh-tan-2\/#breadcrumb\"},\"inLanguage\":\"en-US\",\"potentialAction\":[{\"@type\":\"ReadAction\",\"target\":[\"https:\/\/kseet.vn\/cn\/product\/dinh-tan-2\/\"]}]},{\"@type\":\"ImageObject\",\"inLanguage\":\"en-US\",\"@id\":\"https:\/\/kseet.vn\/cn\/product\/dinh-tan-2\/#primaryimage\",\"url\":\"https:\/\/kseet.vn\/cn\/wp-content\/uploads\/2024\/12\/caily.jpg\",\"contentUrl\":\"https:\/\/kseet.vn\/cn\/wp-content\/uploads\/2024\/12\/caily.jpg\",\"width\":800,\"height\":800},{\"@type\":\"BreadcrumbList\",\"@id\":\"https:\/\/kseet.vn\/cn\/product\/dinh-tan-2\/#breadcrumb\",\"itemListElement\":[{\"@type\":\"ListItem\",\"position\":1,\"name\":\"\u5bb6\",\"item\":\"https:\/\/kseet.vn\/cn\/\"},{\"@type\":\"ListItem\",\"position\":2,\"name\":\"\u4ea7\u54c1\u4e2d\u5fc3\",\"item\":\"https:\/\/kseet.vn\/cn\/product\/\"},{\"@type\":\"ListItem\",\"position\":3,\"name\":\"\u53e3\u676f\u6c89\u5934\u62c9\u4e1d\u9489\"}]},{\"@type\":\"WebSite\",\"@id\":\"https:\/\/kseet.vn\/cn\/#website\",\"url\":\"https:\/\/kseet.vn\/cn\/\",\"name\":\"KSEET Viet Nam\",\"description\":\"\",\"potentialAction\":[{\"@type\":\"SearchAction\",\"target\":{\"@type\":\"EntryPoint\",\"urlTemplate\":\"https:\/\/kseet.vn\/cn\/?s={search_term_string}\"},\"query-input\":{\"@type\":\"PropertyValueSpecification\",\"valueRequired\":true,\"valueName\":\"search_term_string\"}}],\"inLanguage\":\"en-US\"}]}<\/script>\n<!-- \/ Yoast SEO plugin. -->","yoast_head_json":{"title":"\u53e3\u676f\u6c89\u5934\u62c9\u4e1d\u9489 - KSEET Viet Nam","description":"\u0110inh t\u00e1n h\u00ecnh c\u00e1i c\u1ed1c c\u00f3 \u01b0u \u0111i\u1ec3m r\u1ea5t t\u1ed1t l\u00e0 d\u1ec5 s\u1eed d\u1ee5ng , \u0111\u1ed9 b\u1ec1n v\u00e0 ch\u1eb7t th\u00ec kh\u1ecfi ph\u1ea3i b\u00e0n , h\u00ecnh d\u00e1ng ki\u1ec3u ly r\u1ea5t xinh . ch\u1ea5t li\u1ec7u b\u1eb1ng inox k lo han g\u1ec9 .","robots":{"index":"index","follow":"follow","max-snippet":"max-snippet:-1","max-image-preview":"max-image-preview:large","max-video-preview":"max-video-preview:-1"},"canonical":"https:\/\/kseet.vn\/cn\/product\/dinh-tan-2\/","og_locale":"en_US","og_type":"article","og_title":"\u53e3\u676f\u6c89\u5934\u62c9\u4e1d\u9489 - KSEET Viet Nam","og_description":"\u0110inh t\u00e1n h\u00ecnh c\u00e1i c\u1ed1c c\u00f3 \u01b0u \u0111i\u1ec3m r\u1ea5t t\u1ed1t l\u00e0 d\u1ec5 s\u1eed d\u1ee5ng , \u0111\u1ed9 b\u1ec1n v\u00e0 ch\u1eb7t th\u00ec kh\u1ecfi ph\u1ea3i b\u00e0n , h\u00ecnh d\u00e1ng ki\u1ec3u ly r\u1ea5t xinh . ch\u1ea5t li\u1ec7u b\u1eb1ng inox k lo han g\u1ec9 .","og_url":"https:\/\/kseet.vn\/cn\/product\/dinh-tan-2\/","og_site_name":"KSEET Viet Nam","article_modified_time":"2025-01-22T02:12:31+00:00","og_image":[{"width":800,"height":800,"url":"https:\/\/kseet.vn\/cn\/wp-content\/uploads\/2024\/12\/caily.jpg","type":"image\/jpeg"}],"twitter_card":"summary_large_image","twitter_misc":{"Est. reading time":"1 minute"},"schema":{"@context":"https:\/\/schema.org","@graph":[{"@type":"WebPage","@id":"https:\/\/kseet.vn\/cn\/product\/dinh-tan-2\/","url":"https:\/\/kseet.vn\/cn\/product\/dinh-tan-2\/","name":"\u53e3\u676f\u6c89\u5934\u62c9\u4e1d\u9489 - KSEET Viet Nam","isPartOf":{"@id":"https:\/\/kseet.vn\/cn\/#website"},"primaryImageOfPage":{"@id":"https:\/\/kseet.vn\/cn\/product\/dinh-tan-2\/#primaryimage"},"image":{"@id":"https:\/\/kseet.vn\/cn\/product\/dinh-tan-2\/#primaryimage"},"thumbnailUrl":"https:\/\/kseet.vn\/cn\/wp-content\/uploads\/2024\/12\/caily.jpg","datePublished":"2024-12-26T03:03:14+00:00","dateModified":"2025-01-22T02:12:31+00:00","description":"\u0110inh t\u00e1n h\u00ecnh c\u00e1i c\u1ed1c c\u00f3 \u01b0u \u0111i\u1ec3m r\u1ea5t t\u1ed1t l\u00e0 d\u1ec5 s\u1eed d\u1ee5ng , \u0111\u1ed9 b\u1ec1n v\u00e0 ch\u1eb7t th\u00ec kh\u1ecfi ph\u1ea3i b\u00e0n , h\u00ecnh d\u00e1ng ki\u1ec3u ly r\u1ea5t xinh . ch\u1ea5t li\u1ec7u b\u1eb1ng inox k lo han g\u1ec9 .","breadcrumb":{"@id":"https:\/\/kseet.vn\/cn\/product\/dinh-tan-2\/#breadcrumb"},"inLanguage":"en-US","potentialAction":[{"@type":"ReadAction","target":["https:\/\/kseet.vn\/cn\/product\/dinh-tan-2\/"]}]},{"@type":"ImageObject","inLanguage":"en-US","@id":"https:\/\/kseet.vn\/cn\/product\/dinh-tan-2\/#primaryimage","url":"https:\/\/kseet.vn\/cn\/wp-content\/uploads\/2024\/12\/caily.jpg","contentUrl":"https:\/\/kseet.vn\/cn\/wp-content\/uploads\/2024\/12\/caily.jpg","width":800,"height":800},{"@type":"BreadcrumbList","@id":"https:\/\/kseet.vn\/cn\/product\/dinh-tan-2\/#breadcrumb","itemListElement":[{"@type":"ListItem","position":1,"name":"\u5bb6","item":"https:\/\/kseet.vn\/cn\/"},{"@type":"ListItem","position":2,"name":"\u4ea7\u54c1\u4e2d\u5fc3","item":"https:\/\/kseet.vn\/cn\/product\/"},{"@type":"ListItem","position":3,"name":"\u53e3\u676f\u6c89\u5934\u62c9\u4e1d\u9489"}]},{"@type":"WebSite","@id":"https:\/\/kseet.vn\/cn\/#website","url":"https:\/\/kseet.vn\/cn\/","name":"KSEET Viet Nam","description":"","potentialAction":[{"@type":"SearchAction","target":{"@type":"EntryPoint","urlTemplate":"https:\/\/kseet.vn\/cn\/?s={search_term_string}"},"query-input":{"@type":"PropertyValueSpecification","valueRequired":true,"valueName":"search_term_string"}}],"inLanguage":"en-US"}]}},"_links":{"self":[{"href":"https:\/\/kseet.vn\/cn\/wp-json\/wp\/v2\/product\/480","targetHints":{"allow":["GET"]}}],"collection":[{"href":"https:\/\/kseet.vn\/cn\/wp-json\/wp\/v2\/product"}],"about":[{"href":"https:\/\/kseet.vn\/cn\/wp-json\/wp\/v2\/types\/product"}],"wp:featuredmedia":[{"embeddable":true,"href":"https:\/\/kseet.vn\/cn\/wp-json\/wp\/v2\/media\/481"}],"wp:attachment":[{"href":"https:\/\/kseet.vn\/cn\/wp-json\/wp\/v2\/media?parent=480"}],"wp:term":[{"taxonomy":"product_cat","embeddable":true,"href":"https:\/\/kseet.vn\/cn\/wp-json\/wp\/v2\/product_cat?post=480"},{"taxonomy":"product_tag","embeddable":true,"href":"https:\/\/kseet.vn\/cn\/wp-json\/wp\/v2\/product_tag?post=480"}],"curies":[{"name":"wp","href":"https:\/\/api.w.org\/{rel}","templated":true}]}}