{"id":471,"date":"2024-12-26T09:53:35","date_gmt":"2024-12-26T02:53:35","guid":{"rendered":"https:\/\/kseet.vn\/cn\/?post_type=product&#038;p=471"},"modified":"2025-01-22T09:37:07","modified_gmt":"2025-01-22T02:37:07","slug":"dinh-tan-3","status":"publish","type":"product","link":"https:\/\/kseet.vn\/cn\/product\/dinh-tan-3\/","title":{"rendered":"\u706f\u7b3c\u5f0f\u94c6\u9489"},"content":{"rendered":"<p><img loading=\"lazy\" decoding=\"async\" class=\"aligncenter size-full wp-image-472\" src=\"https:\/\/kseet.vn\/cn\/wp-content\/uploads\/2024\/12\/denlong.jpg\" alt=\"\" width=\"750\" height=\"750\" \/><\/p>\n","protected":false},"excerpt":{"rendered":"<ul>\n<li><span style=\"vertical-align: inherit;\"><span style=\"vertical-align: inherit;\"><span style=\"vertical-align: inherit;\"><span style=\"vertical-align: inherit;\">\u751f\u4ea7\u8fc7\u7a0b\u7edd\u5bf9\u5b89\u5168<\/span><\/span><\/span><\/span><\/li>\n<li><span style=\"vertical-align: inherit;\"><span style=\"vertical-align: inherit;\"><span style=\"vertical-align: inherit;\"><span style=\"vertical-align: inherit;\">Qu\u1ed1c gia<\/span><\/span><\/span><\/span><\/li>\n<li><span style=\"vertical-align: inherit;\"><span style=\"vertical-align: inherit;\"><span style=\"vertical-align: inherit;\"><span style=\"vertical-align: inherit;\">S\u1ea3n ph\u1ea9m c\u1ee7a c\u00f4ng ty<\/span><\/span><\/span><\/span><\/li>\n<\/ul>\n","protected":false},"featured_media":472,"template":"","meta":[],"product_cat":[30,42],"product_tag":[],"class_list":{"0":"post-471","1":"product","2":"type-product","3":"status-publish","4":"has-post-thumbnail","6":"product_cat-30","7":"product_cat-42","9":"first","10":"instock","11":"shipping-taxable","12":"product-type-simple"},"yoast_head":"<!-- This site is optimized with the Yoast SEO plugin v24.1 - https:\/\/yoast.com\/wordpress\/plugins\/seo\/ -->\n<title>\u706f\u7b3c\u5f0f\u94c6\u9489 - KSEET Viet Nam<\/title>\n<meta name=\"description\" content=\"\u0110inh t\u00e1n \u0111\u00e8n l\u1ed3ng c\u00f3 \u0111\u1eb7c \u0111i\u1ec3m l\u00e0 ph\u1ea1m vi t\u00e1n \u0111inh r\u1ed9ng. C\u00e1c \u0111inh t\u00e1n c\u00f3 c\u00f9ng th\u00f4ng s\u1ed1 k\u1ef9 thu\u1eadt c\u00f3 th\u1ec3 t\u00e1n \u0111inh c\u00e1c v\u1eadt li\u1ec7u c\u00f3 \u0111\u1ed9 d\u00e0y kh\u00e1c nhau, gi\u1ea3m c\u00e1c th\u00f4ng s\u1ed1 k\u1ef9 thu\u1eadt v\u00e0 lo\u1ea1i \u0111inh t\u00e1n v\u00e0 gi\u00fap ch\u00fang d\u1ec5 s\u1eed d\u1ee5ng h\u01a1n.L\u1ef1a ch\u1ecdn h\u00ecnh th\u1ee9c c\u1ee7a \u0111inh t\u00e1n \u0111\u00e8n l\u1ed3ng : \u0110inh t\u00e1n \u0111\u00e8n l\u1ed3ng c\u0169ng c\u00f3 nhi\u1ec1u ki\u1ec3u \u0111\u1ea7u kh\u00e1c nhau \u0111\u1ec3 b\u1ea1n l\u1ef1a ch\u1ecdn. Ch\u00fang bao g\u1ed3m: \u0111\u1ea7u tr\u00f2n, \u0111\u1ea7u ph\u1eb3ng, \u0111\u1ea7u l\u1edbn v\u00e0 \u0111\u1ea7u ch\u00ecm. Ch\u00fang t\u00f4i c\u00f3 th\u1ec3 cung c\u1ea5p \u0111inh t\u00e1n \u0111\u00e8n l\u1ed3ng v\u1edbi nhi\u1ec1u m\u00e0u s\u1eafc kh\u00e1c nhau, c\u00f3 th\u1ec3 \u0111\u01b0\u1ee3c s\u1eed d\u1ee5ng v\u1edbi c\u00e1c m\u00e0u s\u1eafc kh\u00e1c nhau c\u1ee7a v\u1eadt li\u1ec7u t\u00e1n \u0111inh. \u0110\u1ed3ng th\u1eddi, ch\u00fang t\u00f4i s\u1ea3n xu\u1ea5t nhi\u1ec1u lo\u1ea1i \u0111inh t\u00e1n \u0111\u00e8n l\u1ed3ng v\u1edbi th\u00f4ng s\u1ed1 k\u1ef9 thu\u1eadt v\u00e0 v\u1eadt li\u1ec7u kh\u00e1c nhau cho c\u1eeda v\u00e0 c\u1eeda s\u1ed5 b\u1eb1ng h\u1ee3p kim nh\u00f4m .\" \/>\n<meta name=\"robots\" content=\"index, follow, max-snippet:-1, max-image-preview:large, max-video-preview:-1\" \/>\n<link rel=\"canonical\" href=\"https:\/\/kseet.vn\/cn\/product\/dinh-tan-3\/\" \/>\n<meta property=\"og:locale\" content=\"en_US\" \/>\n<meta property=\"og:type\" content=\"article\" \/>\n<meta property=\"og:title\" content=\"\u706f\u7b3c\u5f0f\u94c6\u9489 - KSEET Viet Nam\" \/>\n<meta property=\"og:description\" content=\"\u0110inh t\u00e1n \u0111\u00e8n l\u1ed3ng c\u00f3 \u0111\u1eb7c \u0111i\u1ec3m l\u00e0 ph\u1ea1m vi t\u00e1n \u0111inh r\u1ed9ng. C\u00e1c \u0111inh t\u00e1n c\u00f3 c\u00f9ng th\u00f4ng s\u1ed1 k\u1ef9 thu\u1eadt c\u00f3 th\u1ec3 t\u00e1n \u0111inh c\u00e1c v\u1eadt li\u1ec7u c\u00f3 \u0111\u1ed9 d\u00e0y kh\u00e1c nhau, gi\u1ea3m c\u00e1c th\u00f4ng s\u1ed1 k\u1ef9 thu\u1eadt v\u00e0 lo\u1ea1i \u0111inh t\u00e1n v\u00e0 gi\u00fap ch\u00fang d\u1ec5 s\u1eed d\u1ee5ng h\u01a1n.L\u1ef1a ch\u1ecdn h\u00ecnh th\u1ee9c c\u1ee7a \u0111inh t\u00e1n \u0111\u00e8n l\u1ed3ng : \u0110inh t\u00e1n \u0111\u00e8n l\u1ed3ng c\u0169ng c\u00f3 nhi\u1ec1u ki\u1ec3u \u0111\u1ea7u kh\u00e1c nhau \u0111\u1ec3 b\u1ea1n l\u1ef1a ch\u1ecdn. Ch\u00fang bao g\u1ed3m: \u0111\u1ea7u tr\u00f2n, \u0111\u1ea7u ph\u1eb3ng, \u0111\u1ea7u l\u1edbn v\u00e0 \u0111\u1ea7u ch\u00ecm. Ch\u00fang t\u00f4i c\u00f3 th\u1ec3 cung c\u1ea5p \u0111inh t\u00e1n \u0111\u00e8n l\u1ed3ng v\u1edbi nhi\u1ec1u m\u00e0u s\u1eafc kh\u00e1c nhau, c\u00f3 th\u1ec3 \u0111\u01b0\u1ee3c s\u1eed d\u1ee5ng v\u1edbi c\u00e1c m\u00e0u s\u1eafc kh\u00e1c nhau c\u1ee7a v\u1eadt li\u1ec7u t\u00e1n \u0111inh. \u0110\u1ed3ng th\u1eddi, ch\u00fang t\u00f4i s\u1ea3n xu\u1ea5t nhi\u1ec1u lo\u1ea1i \u0111inh t\u00e1n \u0111\u00e8n l\u1ed3ng v\u1edbi th\u00f4ng s\u1ed1 k\u1ef9 thu\u1eadt v\u00e0 v\u1eadt li\u1ec7u kh\u00e1c nhau cho c\u1eeda v\u00e0 c\u1eeda s\u1ed5 b\u1eb1ng h\u1ee3p kim nh\u00f4m .\" \/>\n<meta property=\"og:url\" content=\"https:\/\/kseet.vn\/cn\/product\/dinh-tan-3\/\" \/>\n<meta property=\"og:site_name\" content=\"KSEET Viet Nam\" \/>\n<meta property=\"article:modified_time\" content=\"2025-01-22T02:37:07+00:00\" \/>\n<meta property=\"og:image\" content=\"https:\/\/kseet.vn\/cn\/wp-content\/uploads\/2024\/12\/denlong.jpg\" \/>\n\t<meta property=\"og:image:width\" content=\"750\" \/>\n\t<meta property=\"og:image:height\" content=\"750\" \/>\n\t<meta property=\"og:image:type\" content=\"image\/jpeg\" \/>\n<meta name=\"twitter:card\" content=\"summary_large_image\" \/>\n<meta name=\"twitter:label1\" content=\"Est. reading time\" \/>\n\t<meta name=\"twitter:data1\" content=\"1 minute\" \/>\n<script type=\"application\/ld+json\" class=\"yoast-schema-graph\">{\"@context\":\"https:\/\/schema.org\",\"@graph\":[{\"@type\":\"WebPage\",\"@id\":\"https:\/\/kseet.vn\/cn\/product\/dinh-tan-3\/\",\"url\":\"https:\/\/kseet.vn\/cn\/product\/dinh-tan-3\/\",\"name\":\"\u706f\u7b3c\u5f0f\u94c6\u9489 - KSEET Viet Nam\",\"isPartOf\":{\"@id\":\"https:\/\/kseet.vn\/cn\/#website\"},\"primaryImageOfPage\":{\"@id\":\"https:\/\/kseet.vn\/cn\/product\/dinh-tan-3\/#primaryimage\"},\"image\":{\"@id\":\"https:\/\/kseet.vn\/cn\/product\/dinh-tan-3\/#primaryimage\"},\"thumbnailUrl\":\"https:\/\/kseet.vn\/cn\/wp-content\/uploads\/2024\/12\/denlong.jpg\",\"datePublished\":\"2024-12-26T02:53:35+00:00\",\"dateModified\":\"2025-01-22T02:37:07+00:00\",\"description\":\"\u0110inh t\u00e1n \u0111\u00e8n l\u1ed3ng c\u00f3 \u0111\u1eb7c \u0111i\u1ec3m l\u00e0 ph\u1ea1m vi t\u00e1n \u0111inh r\u1ed9ng. C\u00e1c \u0111inh t\u00e1n c\u00f3 c\u00f9ng th\u00f4ng s\u1ed1 k\u1ef9 thu\u1eadt c\u00f3 th\u1ec3 t\u00e1n \u0111inh c\u00e1c v\u1eadt li\u1ec7u c\u00f3 \u0111\u1ed9 d\u00e0y kh\u00e1c nhau, gi\u1ea3m c\u00e1c th\u00f4ng s\u1ed1 k\u1ef9 thu\u1eadt v\u00e0 lo\u1ea1i \u0111inh t\u00e1n v\u00e0 gi\u00fap ch\u00fang d\u1ec5 s\u1eed d\u1ee5ng h\u01a1n.L\u1ef1a ch\u1ecdn h\u00ecnh th\u1ee9c c\u1ee7a \u0111inh t\u00e1n \u0111\u00e8n l\u1ed3ng : \u0110inh t\u00e1n \u0111\u00e8n l\u1ed3ng c\u0169ng c\u00f3 nhi\u1ec1u ki\u1ec3u \u0111\u1ea7u kh\u00e1c nhau \u0111\u1ec3 b\u1ea1n l\u1ef1a ch\u1ecdn. Ch\u00fang bao g\u1ed3m: \u0111\u1ea7u tr\u00f2n, \u0111\u1ea7u ph\u1eb3ng, \u0111\u1ea7u l\u1edbn v\u00e0 \u0111\u1ea7u ch\u00ecm. Ch\u00fang t\u00f4i c\u00f3 th\u1ec3 cung c\u1ea5p \u0111inh t\u00e1n \u0111\u00e8n l\u1ed3ng v\u1edbi nhi\u1ec1u m\u00e0u s\u1eafc kh\u00e1c nhau, c\u00f3 th\u1ec3 \u0111\u01b0\u1ee3c s\u1eed d\u1ee5ng v\u1edbi c\u00e1c m\u00e0u s\u1eafc kh\u00e1c nhau c\u1ee7a v\u1eadt li\u1ec7u t\u00e1n \u0111inh. \u0110\u1ed3ng th\u1eddi, ch\u00fang t\u00f4i s\u1ea3n xu\u1ea5t nhi\u1ec1u lo\u1ea1i \u0111inh t\u00e1n \u0111\u00e8n l\u1ed3ng v\u1edbi th\u00f4ng s\u1ed1 k\u1ef9 thu\u1eadt v\u00e0 v\u1eadt li\u1ec7u kh\u00e1c nhau cho c\u1eeda v\u00e0 c\u1eeda s\u1ed5 b\u1eb1ng h\u1ee3p kim nh\u00f4m .\",\"breadcrumb\":{\"@id\":\"https:\/\/kseet.vn\/cn\/product\/dinh-tan-3\/#breadcrumb\"},\"inLanguage\":\"en-US\",\"potentialAction\":[{\"@type\":\"ReadAction\",\"target\":[\"https:\/\/kseet.vn\/cn\/product\/dinh-tan-3\/\"]}]},{\"@type\":\"ImageObject\",\"inLanguage\":\"en-US\",\"@id\":\"https:\/\/kseet.vn\/cn\/product\/dinh-tan-3\/#primaryimage\",\"url\":\"https:\/\/kseet.vn\/cn\/wp-content\/uploads\/2024\/12\/denlong.jpg\",\"contentUrl\":\"https:\/\/kseet.vn\/cn\/wp-content\/uploads\/2024\/12\/denlong.jpg\",\"width\":750,\"height\":750},{\"@type\":\"BreadcrumbList\",\"@id\":\"https:\/\/kseet.vn\/cn\/product\/dinh-tan-3\/#breadcrumb\",\"itemListElement\":[{\"@type\":\"ListItem\",\"position\":1,\"name\":\"\u5bb6\",\"item\":\"https:\/\/kseet.vn\/cn\/\"},{\"@type\":\"ListItem\",\"position\":2,\"name\":\"\u4ea7\u54c1\u4e2d\u5fc3\",\"item\":\"https:\/\/kseet.vn\/cn\/product\/\"},{\"@type\":\"ListItem\",\"position\":3,\"name\":\"\u706f\u7b3c\u5f0f\u94c6\u9489\"}]},{\"@type\":\"WebSite\",\"@id\":\"https:\/\/kseet.vn\/cn\/#website\",\"url\":\"https:\/\/kseet.vn\/cn\/\",\"name\":\"KSEET Viet Nam\",\"description\":\"\",\"potentialAction\":[{\"@type\":\"SearchAction\",\"target\":{\"@type\":\"EntryPoint\",\"urlTemplate\":\"https:\/\/kseet.vn\/cn\/?s={search_term_string}\"},\"query-input\":{\"@type\":\"PropertyValueSpecification\",\"valueRequired\":true,\"valueName\":\"search_term_string\"}}],\"inLanguage\":\"en-US\"}]}<\/script>\n<!-- \/ Yoast SEO plugin. -->","yoast_head_json":{"title":"\u706f\u7b3c\u5f0f\u94c6\u9489 - KSEET Viet Nam","description":"\u0110inh t\u00e1n \u0111\u00e8n l\u1ed3ng c\u00f3 \u0111\u1eb7c \u0111i\u1ec3m l\u00e0 ph\u1ea1m vi t\u00e1n \u0111inh r\u1ed9ng. C\u00e1c \u0111inh t\u00e1n c\u00f3 c\u00f9ng th\u00f4ng s\u1ed1 k\u1ef9 thu\u1eadt c\u00f3 th\u1ec3 t\u00e1n \u0111inh c\u00e1c v\u1eadt li\u1ec7u c\u00f3 \u0111\u1ed9 d\u00e0y kh\u00e1c nhau, gi\u1ea3m c\u00e1c th\u00f4ng s\u1ed1 k\u1ef9 thu\u1eadt v\u00e0 lo\u1ea1i \u0111inh t\u00e1n v\u00e0 gi\u00fap ch\u00fang d\u1ec5 s\u1eed d\u1ee5ng h\u01a1n.L\u1ef1a ch\u1ecdn h\u00ecnh th\u1ee9c c\u1ee7a \u0111inh t\u00e1n \u0111\u00e8n l\u1ed3ng : \u0110inh t\u00e1n \u0111\u00e8n l\u1ed3ng c\u0169ng c\u00f3 nhi\u1ec1u ki\u1ec3u \u0111\u1ea7u kh\u00e1c nhau \u0111\u1ec3 b\u1ea1n l\u1ef1a ch\u1ecdn. Ch\u00fang bao g\u1ed3m: \u0111\u1ea7u tr\u00f2n, \u0111\u1ea7u ph\u1eb3ng, \u0111\u1ea7u l\u1edbn v\u00e0 \u0111\u1ea7u ch\u00ecm. Ch\u00fang t\u00f4i c\u00f3 th\u1ec3 cung c\u1ea5p \u0111inh t\u00e1n \u0111\u00e8n l\u1ed3ng v\u1edbi nhi\u1ec1u m\u00e0u s\u1eafc kh\u00e1c nhau, c\u00f3 th\u1ec3 \u0111\u01b0\u1ee3c s\u1eed d\u1ee5ng v\u1edbi c\u00e1c m\u00e0u s\u1eafc kh\u00e1c nhau c\u1ee7a v\u1eadt li\u1ec7u t\u00e1n \u0111inh. \u0110\u1ed3ng th\u1eddi, ch\u00fang t\u00f4i s\u1ea3n xu\u1ea5t nhi\u1ec1u lo\u1ea1i \u0111inh t\u00e1n \u0111\u00e8n l\u1ed3ng v\u1edbi th\u00f4ng s\u1ed1 k\u1ef9 thu\u1eadt v\u00e0 v\u1eadt li\u1ec7u kh\u00e1c nhau cho c\u1eeda v\u00e0 c\u1eeda s\u1ed5 b\u1eb1ng h\u1ee3p kim nh\u00f4m .","robots":{"index":"index","follow":"follow","max-snippet":"max-snippet:-1","max-image-preview":"max-image-preview:large","max-video-preview":"max-video-preview:-1"},"canonical":"https:\/\/kseet.vn\/cn\/product\/dinh-tan-3\/","og_locale":"en_US","og_type":"article","og_title":"\u706f\u7b3c\u5f0f\u94c6\u9489 - KSEET Viet Nam","og_description":"\u0110inh t\u00e1n \u0111\u00e8n l\u1ed3ng c\u00f3 \u0111\u1eb7c \u0111i\u1ec3m l\u00e0 ph\u1ea1m vi t\u00e1n \u0111inh r\u1ed9ng. C\u00e1c \u0111inh t\u00e1n c\u00f3 c\u00f9ng th\u00f4ng s\u1ed1 k\u1ef9 thu\u1eadt c\u00f3 th\u1ec3 t\u00e1n \u0111inh c\u00e1c v\u1eadt li\u1ec7u c\u00f3 \u0111\u1ed9 d\u00e0y kh\u00e1c nhau, gi\u1ea3m c\u00e1c th\u00f4ng s\u1ed1 k\u1ef9 thu\u1eadt v\u00e0 lo\u1ea1i \u0111inh t\u00e1n v\u00e0 gi\u00fap ch\u00fang d\u1ec5 s\u1eed d\u1ee5ng h\u01a1n.L\u1ef1a ch\u1ecdn h\u00ecnh th\u1ee9c c\u1ee7a \u0111inh t\u00e1n \u0111\u00e8n l\u1ed3ng : \u0110inh t\u00e1n \u0111\u00e8n l\u1ed3ng c\u0169ng c\u00f3 nhi\u1ec1u ki\u1ec3u \u0111\u1ea7u kh\u00e1c nhau \u0111\u1ec3 b\u1ea1n l\u1ef1a ch\u1ecdn. Ch\u00fang bao g\u1ed3m: \u0111\u1ea7u tr\u00f2n, \u0111\u1ea7u ph\u1eb3ng, \u0111\u1ea7u l\u1edbn v\u00e0 \u0111\u1ea7u ch\u00ecm. Ch\u00fang t\u00f4i c\u00f3 th\u1ec3 cung c\u1ea5p \u0111inh t\u00e1n \u0111\u00e8n l\u1ed3ng v\u1edbi nhi\u1ec1u m\u00e0u s\u1eafc kh\u00e1c nhau, c\u00f3 th\u1ec3 \u0111\u01b0\u1ee3c s\u1eed d\u1ee5ng v\u1edbi c\u00e1c m\u00e0u s\u1eafc kh\u00e1c nhau c\u1ee7a v\u1eadt li\u1ec7u t\u00e1n \u0111inh. \u0110\u1ed3ng th\u1eddi, ch\u00fang t\u00f4i s\u1ea3n xu\u1ea5t nhi\u1ec1u lo\u1ea1i \u0111inh t\u00e1n \u0111\u00e8n l\u1ed3ng v\u1edbi th\u00f4ng s\u1ed1 k\u1ef9 thu\u1eadt v\u00e0 v\u1eadt li\u1ec7u kh\u00e1c nhau cho c\u1eeda v\u00e0 c\u1eeda s\u1ed5 b\u1eb1ng h\u1ee3p kim nh\u00f4m .","og_url":"https:\/\/kseet.vn\/cn\/product\/dinh-tan-3\/","og_site_name":"KSEET Viet Nam","article_modified_time":"2025-01-22T02:37:07+00:00","og_image":[{"width":750,"height":750,"url":"https:\/\/kseet.vn\/cn\/wp-content\/uploads\/2024\/12\/denlong.jpg","type":"image\/jpeg"}],"twitter_card":"summary_large_image","twitter_misc":{"Est. reading time":"1 minute"},"schema":{"@context":"https:\/\/schema.org","@graph":[{"@type":"WebPage","@id":"https:\/\/kseet.vn\/cn\/product\/dinh-tan-3\/","url":"https:\/\/kseet.vn\/cn\/product\/dinh-tan-3\/","name":"\u706f\u7b3c\u5f0f\u94c6\u9489 - KSEET Viet Nam","isPartOf":{"@id":"https:\/\/kseet.vn\/cn\/#website"},"primaryImageOfPage":{"@id":"https:\/\/kseet.vn\/cn\/product\/dinh-tan-3\/#primaryimage"},"image":{"@id":"https:\/\/kseet.vn\/cn\/product\/dinh-tan-3\/#primaryimage"},"thumbnailUrl":"https:\/\/kseet.vn\/cn\/wp-content\/uploads\/2024\/12\/denlong.jpg","datePublished":"2024-12-26T02:53:35+00:00","dateModified":"2025-01-22T02:37:07+00:00","description":"\u0110inh t\u00e1n \u0111\u00e8n l\u1ed3ng c\u00f3 \u0111\u1eb7c \u0111i\u1ec3m l\u00e0 ph\u1ea1m vi t\u00e1n \u0111inh r\u1ed9ng. C\u00e1c \u0111inh t\u00e1n c\u00f3 c\u00f9ng th\u00f4ng s\u1ed1 k\u1ef9 thu\u1eadt c\u00f3 th\u1ec3 t\u00e1n \u0111inh c\u00e1c v\u1eadt li\u1ec7u c\u00f3 \u0111\u1ed9 d\u00e0y kh\u00e1c nhau, gi\u1ea3m c\u00e1c th\u00f4ng s\u1ed1 k\u1ef9 thu\u1eadt v\u00e0 lo\u1ea1i \u0111inh t\u00e1n v\u00e0 gi\u00fap ch\u00fang d\u1ec5 s\u1eed d\u1ee5ng h\u01a1n.L\u1ef1a ch\u1ecdn h\u00ecnh th\u1ee9c c\u1ee7a \u0111inh t\u00e1n \u0111\u00e8n l\u1ed3ng : \u0110inh t\u00e1n \u0111\u00e8n l\u1ed3ng c\u0169ng c\u00f3 nhi\u1ec1u ki\u1ec3u \u0111\u1ea7u kh\u00e1c nhau \u0111\u1ec3 b\u1ea1n l\u1ef1a ch\u1ecdn. Ch\u00fang bao g\u1ed3m: \u0111\u1ea7u tr\u00f2n, \u0111\u1ea7u ph\u1eb3ng, \u0111\u1ea7u l\u1edbn v\u00e0 \u0111\u1ea7u ch\u00ecm. Ch\u00fang t\u00f4i c\u00f3 th\u1ec3 cung c\u1ea5p \u0111inh t\u00e1n \u0111\u00e8n l\u1ed3ng v\u1edbi nhi\u1ec1u m\u00e0u s\u1eafc kh\u00e1c nhau, c\u00f3 th\u1ec3 \u0111\u01b0\u1ee3c s\u1eed d\u1ee5ng v\u1edbi c\u00e1c m\u00e0u s\u1eafc kh\u00e1c nhau c\u1ee7a v\u1eadt li\u1ec7u t\u00e1n \u0111inh. \u0110\u1ed3ng th\u1eddi, ch\u00fang t\u00f4i s\u1ea3n xu\u1ea5t nhi\u1ec1u lo\u1ea1i \u0111inh t\u00e1n \u0111\u00e8n l\u1ed3ng v\u1edbi th\u00f4ng s\u1ed1 k\u1ef9 thu\u1eadt v\u00e0 v\u1eadt li\u1ec7u kh\u00e1c nhau cho c\u1eeda v\u00e0 c\u1eeda s\u1ed5 b\u1eb1ng h\u1ee3p kim nh\u00f4m .","breadcrumb":{"@id":"https:\/\/kseet.vn\/cn\/product\/dinh-tan-3\/#breadcrumb"},"inLanguage":"en-US","potentialAction":[{"@type":"ReadAction","target":["https:\/\/kseet.vn\/cn\/product\/dinh-tan-3\/"]}]},{"@type":"ImageObject","inLanguage":"en-US","@id":"https:\/\/kseet.vn\/cn\/product\/dinh-tan-3\/#primaryimage","url":"https:\/\/kseet.vn\/cn\/wp-content\/uploads\/2024\/12\/denlong.jpg","contentUrl":"https:\/\/kseet.vn\/cn\/wp-content\/uploads\/2024\/12\/denlong.jpg","width":750,"height":750},{"@type":"BreadcrumbList","@id":"https:\/\/kseet.vn\/cn\/product\/dinh-tan-3\/#breadcrumb","itemListElement":[{"@type":"ListItem","position":1,"name":"\u5bb6","item":"https:\/\/kseet.vn\/cn\/"},{"@type":"ListItem","position":2,"name":"\u4ea7\u54c1\u4e2d\u5fc3","item":"https:\/\/kseet.vn\/cn\/product\/"},{"@type":"ListItem","position":3,"name":"\u706f\u7b3c\u5f0f\u94c6\u9489"}]},{"@type":"WebSite","@id":"https:\/\/kseet.vn\/cn\/#website","url":"https:\/\/kseet.vn\/cn\/","name":"KSEET Viet Nam","description":"","potentialAction":[{"@type":"SearchAction","target":{"@type":"EntryPoint","urlTemplate":"https:\/\/kseet.vn\/cn\/?s={search_term_string}"},"query-input":{"@type":"PropertyValueSpecification","valueRequired":true,"valueName":"search_term_string"}}],"inLanguage":"en-US"}]}},"_links":{"self":[{"href":"https:\/\/kseet.vn\/cn\/wp-json\/wp\/v2\/product\/471","targetHints":{"allow":["GET"]}}],"collection":[{"href":"https:\/\/kseet.vn\/cn\/wp-json\/wp\/v2\/product"}],"about":[{"href":"https:\/\/kseet.vn\/cn\/wp-json\/wp\/v2\/types\/product"}],"wp:featuredmedia":[{"embeddable":true,"href":"https:\/\/kseet.vn\/cn\/wp-json\/wp\/v2\/media\/472"}],"wp:attachment":[{"href":"https:\/\/kseet.vn\/cn\/wp-json\/wp\/v2\/media?parent=471"}],"wp:term":[{"taxonomy":"product_cat","embeddable":true,"href":"https:\/\/kseet.vn\/cn\/wp-json\/wp\/v2\/product_cat?post=471"},{"taxonomy":"product_tag","embeddable":true,"href":"https:\/\/kseet.vn\/cn\/wp-json\/wp\/v2\/product_tag?post=471"}],"curies":[{"name":"wp","href":"https:\/\/api.w.org\/{rel}","templated":true}]}}