{"id":442,"date":"2024-12-25T16:07:13","date_gmt":"2024-12-25T09:07:13","guid":{"rendered":"https:\/\/kseet.vn\/cn\/?post_type=product&#038;p=442"},"modified":"2025-03-28T09:57:12","modified_gmt":"2025-03-28T02:57:12","slug":"szent-828-maybandinh","status":"publish","type":"product","link":"https:\/\/kseet.vn\/cn\/product\/szent-828-maybandinh\/","title":{"rendered":"SZENT-828\u62c9\u9489\u67aa"},"content":{"rendered":"<p><strong><span style=\"vertical-align: inherit;\"><span style=\"vertical-align: inherit;\">SZENT-828 Xem l\u1ea1i<\/span><\/span><\/strong><\/p>\n<p>&nbsp;<\/p>\n<p><span style=\"vertical-align: inherit;\"><span style=\"vertical-align: inherit;\">S\u1ed1 l\u01b0\u1ee3ng: 1.81<\/span><\/span><\/p>\n<p><span style=\"vertical-align: inherit;\"><span style=\"vertical-align: inherit;\">th\u00e9p 28mm, th\u00e9p 23mm<\/span><\/span><\/p>\n<p><span style=\"vertical-align: inherit;\"><span style=\"vertical-align: inherit;\">\u94c6\u63a5\u80fd\u529b:\u4e0d\u9508\u94a2\u94c6\u9489\u5c3a\u5bf8:4.8\uff1b 6.0;6.4\u3002<\/span><\/span><\/p>\n<p><img loading=\"lazy\" decoding=\"async\" class=\"size-large wp-image-834\" src=\"https:\/\/kseet.vn\/cn\/wp-content\/uploads\/2024\/12\/02.jpg\" alt=\"02\" width=\"800\" height=\"800\" \/><\/p>\n","protected":false},"excerpt":{"rendered":"<ul>\n<li><span style=\"vertical-align: inherit;\"><span style=\"vertical-align: inherit;\">\u751f\u4ea7\u8fc7\u7a0b\u7edd\u5bf9\u5b89\u5168<\/span><\/span><\/li>\n<li><span style=\"vertical-align: inherit;\"><span style=\"vertical-align: inherit;\">Qu\u1ed1c gia<\/span><\/span><\/li>\n<li><span style=\"vertical-align: inherit;\"><span style=\"vertical-align: inherit;\">S\u1ea3n ph\u1ea9m c\u1ee7a c\u00f4ng ty<\/span><\/span><\/li>\n<li><span style=\"vertical-align: inherit;\"><span style=\"vertical-align: inherit;\">12 th\u00e1ng 12<\/span><\/span><\/li>\n<\/ul>\n","protected":false},"featured_media":1053,"template":"","meta":[],"product_cat":[32,34],"product_tag":[],"class_list":{"0":"post-442","1":"product","2":"type-product","3":"status-publish","4":"has-post-thumbnail","6":"product_cat-32","7":"product_cat-34","9":"first","10":"instock","11":"shipping-taxable","12":"product-type-simple"},"yoast_head":"<!-- This site is optimized with the Yoast SEO plugin v24.1 - https:\/\/yoast.com\/wordpress\/plugins\/seo\/ -->\n<title>SZENT-828\u62c9\u9489\u67aa - KSEET Viet Nam<\/title>\n<meta name=\"description\" content=\"S\u00fang r\u00fat \u0111inh b\u1eb1ng kh\u00ed n\u00e9n SZENT-828 \u0111\u1ec3 s\u1eed d\u1ee5ng \u00e1p l\u1ef1c kh\u00ed n\u00e9n \u0111\u1ec3 r\u00fat v\u00e0 l\u1eafp \u0111\u1eb7t c\u00e1c lo\u1ea1i \u0111inh t\u00e1n m\u1ed9t c\u00e1ch nhanh ch\u00f3ng v\u00e0 hi\u1ec7u qu\u1ea3. \u0110\u00e2y l\u00e0 m\u1ed9t d\u1ee5ng c\u1ee5 r\u1ea5t h\u1eefu \u00edch trong nhi\u1ec1u ng\u00e0nh c\u00f4ng nghi\u1ec7p, t\u1eeb x\u00e2y d\u1ef1ng \u0111\u1ebfn s\u1ea3n xu\u1ea5t, v\u00ec kh\u1ea3 n\u0103ng ti\u1ebft ki\u1ec7m th\u1eddi gian v\u00e0 c\u00f4ng s\u1ee9c \u0111\u00e1ng k\u1ec3 so v\u1edbi vi\u1ec7c s\u1eed d\u1ee5ng tay.C\u00e1c c\u00f4ng d\u1ee5ng ch\u00ednh c\u1ee7a s\u00fang r\u00fat \u0111inh b\u1eb1ng kh\u00ed n\u00e9n:- Ti\u1ebft ki\u1ec7m th\u1eddi gian: V\u1edbi kh\u1ea3 n\u0103ng r\u00fat \u0111inh nhanh ch\u00f3ng, s\u00fang r\u00fat \u0111inh b\u1eb1ng kh\u00ed n\u00e9n gi\u00fap ho\u00e0n th\u00e0nh c\u00f4ng vi\u1ec7c l\u1eafp \u0111\u1eb7t trong th\u1eddi gian ng\u1eafn h\u01a1n nhi\u1ec1u so v\u1edbi vi\u1ec7c l\u00e0m th\u1ee7 c\u00f4ng.- Gi\u1ea3m c\u00f4ng s\u1ee9c: Kh\u00f4ng c\u1ea7n ph\u1ea3i d\u00f9ng l\u1ef1c tay nhi\u1ec1u, s\u00fang r\u00fat \u0111inh b\u1eb1ng kh\u00ed n\u00e9n gi\u00fap ng\u01b0\u1eddi s\u1eed d\u1ee5ng tr\u00e1nh \u0111\u01b0\u1ee3c m\u1ec7t m\u1ecfi v\u00e0 c\u0103ng th\u1eb3ng c\u01a1 b\u1eafp.- \u0110\u1ed9 ch\u00ednh x\u00e1c cao: V\u1edbi thi\u1ebft k\u1ebf hi\u1ec7n \u0111\u1ea1i, s\u00fang r\u00fat \u0111inh b\u1eb1ng kh\u00ed n\u00e9n gi\u00fap \u0111\u1ea3m b\u1ea3o vi\u1ec7c l\u1eafp \u0111\u1eb7t \u0111inh t\u00e1n ch\u00ednh x\u00e1c v\u00e0 ch\u1eb7t ch\u1ebd, gi\u1ea3m thi\u1ec3u l\u1ed7i v\u00e0 h\u01b0 h\u1ecfng.- An to\u00e0n h\u01a1n: Vi\u1ec7c s\u1eed d\u1ee5ng kh\u00ed n\u00e9n gi\u00fap gi\u1ea3m thi\u1ec3u nguy c\u01a1 ch\u1ea5n th\u01b0\u01a1ng do tr\u01b0\u1ee3t tay ho\u1eb7c s\u1eed d\u1ee5ng l\u1ef1c kh\u00f4ng \u0111\u00fang c\u00e1ch. \u1ee8ng d\u1ee5ng ph\u1ed5 bi\u1ebfn:- Ng\u00e0nh x\u00e2y d\u1ef1ng: S\u1eed d\u1ee5ng \u0111\u1ec3 l\u1eafp \u0111\u1eb7t c\u00e1c c\u1ea5u tr\u00fac kim lo\u1ea1i, g\u1ed7 v\u00e0 c\u00e1c v\u1eadt li\u1ec7u kh\u00e1c.- S\u1ea3n xu\u1ea5t c\u00f4ng nghi\u1ec7p: D\u00f9ng trong vi\u1ec7c l\u1eafp r\u00e1p c\u00e1c b\u1ed9 ph\u1eadn m\u00e1y m\u00f3c, thi\u1ebft b\u1ecb.- Ng\u00e0nh \u00f4 t\u00f4: D\u00f9ng \u0111\u1ec3 l\u1eafp r\u00e1p c\u00e1c chi ti\u1ebft v\u00e0 b\u1ed9 ph\u1eadn c\u1ee7a xe h\u01a1i.- H\u00e0ng kh\u00f4ng: S\u1eed d\u1ee5ng trong vi\u1ec7c l\u1eafp r\u00e1p c\u00e1c b\u1ed9 ph\u1eadn c\u1ee7a m\u00e1y bay.\" \/>\n<meta name=\"robots\" content=\"index, follow, max-snippet:-1, max-image-preview:large, max-video-preview:-1\" \/>\n<link rel=\"canonical\" href=\"https:\/\/kseet.vn\/cn\/product\/szent-828-maybandinh\/\" \/>\n<meta property=\"og:locale\" content=\"en_US\" \/>\n<meta property=\"og:type\" content=\"article\" \/>\n<meta property=\"og:title\" content=\"SZENT-828\u62c9\u9489\u67aa - KSEET Viet Nam\" \/>\n<meta property=\"og:description\" content=\"S\u00fang r\u00fat \u0111inh b\u1eb1ng kh\u00ed n\u00e9n SZENT-828 \u0111\u1ec3 s\u1eed d\u1ee5ng \u00e1p l\u1ef1c kh\u00ed n\u00e9n \u0111\u1ec3 r\u00fat v\u00e0 l\u1eafp \u0111\u1eb7t c\u00e1c lo\u1ea1i \u0111inh t\u00e1n m\u1ed9t c\u00e1ch nhanh ch\u00f3ng v\u00e0 hi\u1ec7u qu\u1ea3. \u0110\u00e2y l\u00e0 m\u1ed9t d\u1ee5ng c\u1ee5 r\u1ea5t h\u1eefu \u00edch trong nhi\u1ec1u ng\u00e0nh c\u00f4ng nghi\u1ec7p, t\u1eeb x\u00e2y d\u1ef1ng \u0111\u1ebfn s\u1ea3n xu\u1ea5t, v\u00ec kh\u1ea3 n\u0103ng ti\u1ebft ki\u1ec7m th\u1eddi gian v\u00e0 c\u00f4ng s\u1ee9c \u0111\u00e1ng k\u1ec3 so v\u1edbi vi\u1ec7c s\u1eed d\u1ee5ng tay.C\u00e1c c\u00f4ng d\u1ee5ng ch\u00ednh c\u1ee7a s\u00fang r\u00fat \u0111inh b\u1eb1ng kh\u00ed n\u00e9n:- Ti\u1ebft ki\u1ec7m th\u1eddi gian: V\u1edbi kh\u1ea3 n\u0103ng r\u00fat \u0111inh nhanh ch\u00f3ng, s\u00fang r\u00fat \u0111inh b\u1eb1ng kh\u00ed n\u00e9n gi\u00fap ho\u00e0n th\u00e0nh c\u00f4ng vi\u1ec7c l\u1eafp \u0111\u1eb7t trong th\u1eddi gian ng\u1eafn h\u01a1n nhi\u1ec1u so v\u1edbi vi\u1ec7c l\u00e0m th\u1ee7 c\u00f4ng.- Gi\u1ea3m c\u00f4ng s\u1ee9c: Kh\u00f4ng c\u1ea7n ph\u1ea3i d\u00f9ng l\u1ef1c tay nhi\u1ec1u, s\u00fang r\u00fat \u0111inh b\u1eb1ng kh\u00ed n\u00e9n gi\u00fap ng\u01b0\u1eddi s\u1eed d\u1ee5ng tr\u00e1nh \u0111\u01b0\u1ee3c m\u1ec7t m\u1ecfi v\u00e0 c\u0103ng th\u1eb3ng c\u01a1 b\u1eafp.- \u0110\u1ed9 ch\u00ednh x\u00e1c cao: V\u1edbi thi\u1ebft k\u1ebf hi\u1ec7n \u0111\u1ea1i, s\u00fang r\u00fat \u0111inh b\u1eb1ng kh\u00ed n\u00e9n gi\u00fap \u0111\u1ea3m b\u1ea3o vi\u1ec7c l\u1eafp \u0111\u1eb7t \u0111inh t\u00e1n ch\u00ednh x\u00e1c v\u00e0 ch\u1eb7t ch\u1ebd, gi\u1ea3m thi\u1ec3u l\u1ed7i v\u00e0 h\u01b0 h\u1ecfng.- An to\u00e0n h\u01a1n: Vi\u1ec7c s\u1eed d\u1ee5ng kh\u00ed n\u00e9n gi\u00fap gi\u1ea3m thi\u1ec3u nguy c\u01a1 ch\u1ea5n th\u01b0\u01a1ng do tr\u01b0\u1ee3t tay ho\u1eb7c s\u1eed d\u1ee5ng l\u1ef1c kh\u00f4ng \u0111\u00fang c\u00e1ch. \u1ee8ng d\u1ee5ng ph\u1ed5 bi\u1ebfn:- Ng\u00e0nh x\u00e2y d\u1ef1ng: S\u1eed d\u1ee5ng \u0111\u1ec3 l\u1eafp \u0111\u1eb7t c\u00e1c c\u1ea5u tr\u00fac kim lo\u1ea1i, g\u1ed7 v\u00e0 c\u00e1c v\u1eadt li\u1ec7u kh\u00e1c.- S\u1ea3n xu\u1ea5t c\u00f4ng nghi\u1ec7p: D\u00f9ng trong vi\u1ec7c l\u1eafp r\u00e1p c\u00e1c b\u1ed9 ph\u1eadn m\u00e1y m\u00f3c, thi\u1ebft b\u1ecb.- Ng\u00e0nh \u00f4 t\u00f4: D\u00f9ng \u0111\u1ec3 l\u1eafp r\u00e1p c\u00e1c chi ti\u1ebft v\u00e0 b\u1ed9 ph\u1eadn c\u1ee7a xe h\u01a1i.- H\u00e0ng kh\u00f4ng: S\u1eed d\u1ee5ng trong vi\u1ec7c l\u1eafp r\u00e1p c\u00e1c b\u1ed9 ph\u1eadn c\u1ee7a m\u00e1y bay.\" \/>\n<meta property=\"og:url\" content=\"https:\/\/kseet.vn\/cn\/product\/szent-828-maybandinh\/\" \/>\n<meta property=\"og:site_name\" content=\"KSEET Viet Nam\" \/>\n<meta property=\"article:modified_time\" content=\"2025-03-28T02:57:12+00:00\" \/>\n<meta property=\"og:image\" content=\"https:\/\/kseet.vn\/cn\/wp-content\/uploads\/2024\/12\/08.jpg\" \/>\n\t<meta property=\"og:image:width\" content=\"800\" \/>\n\t<meta property=\"og:image:height\" content=\"800\" \/>\n\t<meta property=\"og:image:type\" content=\"image\/jpeg\" \/>\n<meta name=\"twitter:card\" content=\"summary_large_image\" \/>\n<meta name=\"twitter:label1\" content=\"Est. reading time\" \/>\n\t<meta name=\"twitter:data1\" content=\"1 minute\" \/>\n<script type=\"application\/ld+json\" class=\"yoast-schema-graph\">{\"@context\":\"https:\/\/schema.org\",\"@graph\":[{\"@type\":\"WebPage\",\"@id\":\"https:\/\/kseet.vn\/cn\/product\/szent-828-maybandinh\/\",\"url\":\"https:\/\/kseet.vn\/cn\/product\/szent-828-maybandinh\/\",\"name\":\"SZENT-828\u62c9\u9489\u67aa - KSEET Viet Nam\",\"isPartOf\":{\"@id\":\"https:\/\/kseet.vn\/cn\/#website\"},\"primaryImageOfPage\":{\"@id\":\"https:\/\/kseet.vn\/cn\/product\/szent-828-maybandinh\/#primaryimage\"},\"image\":{\"@id\":\"https:\/\/kseet.vn\/cn\/product\/szent-828-maybandinh\/#primaryimage\"},\"thumbnailUrl\":\"https:\/\/kseet.vn\/cn\/wp-content\/uploads\/2024\/12\/08.jpg\",\"datePublished\":\"2024-12-25T09:07:13+00:00\",\"dateModified\":\"2025-03-28T02:57:12+00:00\",\"description\":\"S\u00fang r\u00fat \u0111inh b\u1eb1ng kh\u00ed n\u00e9n SZENT-828 \u0111\u1ec3 s\u1eed d\u1ee5ng \u00e1p l\u1ef1c kh\u00ed n\u00e9n \u0111\u1ec3 r\u00fat v\u00e0 l\u1eafp \u0111\u1eb7t c\u00e1c lo\u1ea1i \u0111inh t\u00e1n m\u1ed9t c\u00e1ch nhanh ch\u00f3ng v\u00e0 hi\u1ec7u qu\u1ea3. \u0110\u00e2y l\u00e0 m\u1ed9t d\u1ee5ng c\u1ee5 r\u1ea5t h\u1eefu \u00edch trong nhi\u1ec1u ng\u00e0nh c\u00f4ng nghi\u1ec7p, t\u1eeb x\u00e2y d\u1ef1ng \u0111\u1ebfn s\u1ea3n xu\u1ea5t, v\u00ec kh\u1ea3 n\u0103ng ti\u1ebft ki\u1ec7m th\u1eddi gian v\u00e0 c\u00f4ng s\u1ee9c \u0111\u00e1ng k\u1ec3 so v\u1edbi vi\u1ec7c s\u1eed d\u1ee5ng tay.C\u00e1c c\u00f4ng d\u1ee5ng ch\u00ednh c\u1ee7a s\u00fang r\u00fat \u0111inh b\u1eb1ng kh\u00ed n\u00e9n:- Ti\u1ebft ki\u1ec7m th\u1eddi gian: V\u1edbi kh\u1ea3 n\u0103ng r\u00fat \u0111inh nhanh ch\u00f3ng, s\u00fang r\u00fat \u0111inh b\u1eb1ng kh\u00ed n\u00e9n gi\u00fap ho\u00e0n th\u00e0nh c\u00f4ng vi\u1ec7c l\u1eafp \u0111\u1eb7t trong th\u1eddi gian ng\u1eafn h\u01a1n nhi\u1ec1u so v\u1edbi vi\u1ec7c l\u00e0m th\u1ee7 c\u00f4ng.- Gi\u1ea3m c\u00f4ng s\u1ee9c: Kh\u00f4ng c\u1ea7n ph\u1ea3i d\u00f9ng l\u1ef1c tay nhi\u1ec1u, s\u00fang r\u00fat \u0111inh b\u1eb1ng kh\u00ed n\u00e9n gi\u00fap ng\u01b0\u1eddi s\u1eed d\u1ee5ng tr\u00e1nh \u0111\u01b0\u1ee3c m\u1ec7t m\u1ecfi v\u00e0 c\u0103ng th\u1eb3ng c\u01a1 b\u1eafp.- \u0110\u1ed9 ch\u00ednh x\u00e1c cao: V\u1edbi thi\u1ebft k\u1ebf hi\u1ec7n \u0111\u1ea1i, s\u00fang r\u00fat \u0111inh b\u1eb1ng kh\u00ed n\u00e9n gi\u00fap \u0111\u1ea3m b\u1ea3o vi\u1ec7c l\u1eafp \u0111\u1eb7t \u0111inh t\u00e1n ch\u00ednh x\u00e1c v\u00e0 ch\u1eb7t ch\u1ebd, gi\u1ea3m thi\u1ec3u l\u1ed7i v\u00e0 h\u01b0 h\u1ecfng.- An to\u00e0n h\u01a1n: Vi\u1ec7c s\u1eed d\u1ee5ng kh\u00ed n\u00e9n gi\u00fap gi\u1ea3m thi\u1ec3u nguy c\u01a1 ch\u1ea5n th\u01b0\u01a1ng do tr\u01b0\u1ee3t tay ho\u1eb7c s\u1eed d\u1ee5ng l\u1ef1c kh\u00f4ng \u0111\u00fang c\u00e1ch. \u1ee8ng d\u1ee5ng ph\u1ed5 bi\u1ebfn:- Ng\u00e0nh x\u00e2y d\u1ef1ng: S\u1eed d\u1ee5ng \u0111\u1ec3 l\u1eafp \u0111\u1eb7t c\u00e1c c\u1ea5u tr\u00fac kim lo\u1ea1i, g\u1ed7 v\u00e0 c\u00e1c v\u1eadt li\u1ec7u kh\u00e1c.- S\u1ea3n xu\u1ea5t c\u00f4ng nghi\u1ec7p: D\u00f9ng trong vi\u1ec7c l\u1eafp r\u00e1p c\u00e1c b\u1ed9 ph\u1eadn m\u00e1y m\u00f3c, thi\u1ebft b\u1ecb.- Ng\u00e0nh \u00f4 t\u00f4: D\u00f9ng \u0111\u1ec3 l\u1eafp r\u00e1p c\u00e1c chi ti\u1ebft v\u00e0 b\u1ed9 ph\u1eadn c\u1ee7a xe h\u01a1i.- H\u00e0ng kh\u00f4ng: S\u1eed d\u1ee5ng trong vi\u1ec7c l\u1eafp r\u00e1p c\u00e1c b\u1ed9 ph\u1eadn c\u1ee7a m\u00e1y bay.\",\"breadcrumb\":{\"@id\":\"https:\/\/kseet.vn\/cn\/product\/szent-828-maybandinh\/#breadcrumb\"},\"inLanguage\":\"en-US\",\"potentialAction\":[{\"@type\":\"ReadAction\",\"target\":[\"https:\/\/kseet.vn\/cn\/product\/szent-828-maybandinh\/\"]}]},{\"@type\":\"ImageObject\",\"inLanguage\":\"en-US\",\"@id\":\"https:\/\/kseet.vn\/cn\/product\/szent-828-maybandinh\/#primaryimage\",\"url\":\"https:\/\/kseet.vn\/cn\/wp-content\/uploads\/2024\/12\/08.jpg\",\"contentUrl\":\"https:\/\/kseet.vn\/cn\/wp-content\/uploads\/2024\/12\/08.jpg\",\"width\":800,\"height\":800,\"caption\":\"08\"},{\"@type\":\"BreadcrumbList\",\"@id\":\"https:\/\/kseet.vn\/cn\/product\/szent-828-maybandinh\/#breadcrumb\",\"itemListElement\":[{\"@type\":\"ListItem\",\"position\":1,\"name\":\"\u5bb6\",\"item\":\"https:\/\/kseet.vn\/cn\/\"},{\"@type\":\"ListItem\",\"position\":2,\"name\":\"\u4ea7\u54c1\u4e2d\u5fc3\",\"item\":\"https:\/\/kseet.vn\/cn\/product\/\"},{\"@type\":\"ListItem\",\"position\":3,\"name\":\"SZENT-828\u62c9\u9489\u67aa\"}]},{\"@type\":\"WebSite\",\"@id\":\"https:\/\/kseet.vn\/cn\/#website\",\"url\":\"https:\/\/kseet.vn\/cn\/\",\"name\":\"KSEET Viet Nam\",\"description\":\"\",\"potentialAction\":[{\"@type\":\"SearchAction\",\"target\":{\"@type\":\"EntryPoint\",\"urlTemplate\":\"https:\/\/kseet.vn\/cn\/?s={search_term_string}\"},\"query-input\":{\"@type\":\"PropertyValueSpecification\",\"valueRequired\":true,\"valueName\":\"search_term_string\"}}],\"inLanguage\":\"en-US\"}]}<\/script>\n<!-- \/ Yoast SEO plugin. -->","yoast_head_json":{"title":"SZENT-828\u62c9\u9489\u67aa - KSEET Viet Nam","description":"S\u00fang r\u00fat \u0111inh b\u1eb1ng kh\u00ed n\u00e9n SZENT-828 \u0111\u1ec3 s\u1eed d\u1ee5ng \u00e1p l\u1ef1c kh\u00ed n\u00e9n \u0111\u1ec3 r\u00fat v\u00e0 l\u1eafp \u0111\u1eb7t c\u00e1c lo\u1ea1i \u0111inh t\u00e1n m\u1ed9t c\u00e1ch nhanh ch\u00f3ng v\u00e0 hi\u1ec7u qu\u1ea3. \u0110\u00e2y l\u00e0 m\u1ed9t d\u1ee5ng c\u1ee5 r\u1ea5t h\u1eefu \u00edch trong nhi\u1ec1u ng\u00e0nh c\u00f4ng nghi\u1ec7p, t\u1eeb x\u00e2y d\u1ef1ng \u0111\u1ebfn s\u1ea3n xu\u1ea5t, v\u00ec kh\u1ea3 n\u0103ng ti\u1ebft ki\u1ec7m th\u1eddi gian v\u00e0 c\u00f4ng s\u1ee9c \u0111\u00e1ng k\u1ec3 so v\u1edbi vi\u1ec7c s\u1eed d\u1ee5ng tay.C\u00e1c c\u00f4ng d\u1ee5ng ch\u00ednh c\u1ee7a s\u00fang r\u00fat \u0111inh b\u1eb1ng kh\u00ed n\u00e9n:- Ti\u1ebft ki\u1ec7m th\u1eddi gian: V\u1edbi kh\u1ea3 n\u0103ng r\u00fat \u0111inh nhanh ch\u00f3ng, s\u00fang r\u00fat \u0111inh b\u1eb1ng kh\u00ed n\u00e9n gi\u00fap ho\u00e0n th\u00e0nh c\u00f4ng vi\u1ec7c l\u1eafp \u0111\u1eb7t trong th\u1eddi gian ng\u1eafn h\u01a1n nhi\u1ec1u so v\u1edbi vi\u1ec7c l\u00e0m th\u1ee7 c\u00f4ng.- Gi\u1ea3m c\u00f4ng s\u1ee9c: Kh\u00f4ng c\u1ea7n ph\u1ea3i d\u00f9ng l\u1ef1c tay nhi\u1ec1u, s\u00fang r\u00fat \u0111inh b\u1eb1ng kh\u00ed n\u00e9n gi\u00fap ng\u01b0\u1eddi s\u1eed d\u1ee5ng tr\u00e1nh \u0111\u01b0\u1ee3c m\u1ec7t m\u1ecfi v\u00e0 c\u0103ng th\u1eb3ng c\u01a1 b\u1eafp.- \u0110\u1ed9 ch\u00ednh x\u00e1c cao: V\u1edbi thi\u1ebft k\u1ebf hi\u1ec7n \u0111\u1ea1i, s\u00fang r\u00fat \u0111inh b\u1eb1ng kh\u00ed n\u00e9n gi\u00fap \u0111\u1ea3m b\u1ea3o vi\u1ec7c l\u1eafp \u0111\u1eb7t \u0111inh t\u00e1n ch\u00ednh x\u00e1c v\u00e0 ch\u1eb7t ch\u1ebd, gi\u1ea3m thi\u1ec3u l\u1ed7i v\u00e0 h\u01b0 h\u1ecfng.- An to\u00e0n h\u01a1n: Vi\u1ec7c s\u1eed d\u1ee5ng kh\u00ed n\u00e9n gi\u00fap gi\u1ea3m thi\u1ec3u nguy c\u01a1 ch\u1ea5n th\u01b0\u01a1ng do tr\u01b0\u1ee3t tay ho\u1eb7c s\u1eed d\u1ee5ng l\u1ef1c kh\u00f4ng \u0111\u00fang c\u00e1ch. \u1ee8ng d\u1ee5ng ph\u1ed5 bi\u1ebfn:- Ng\u00e0nh x\u00e2y d\u1ef1ng: S\u1eed d\u1ee5ng \u0111\u1ec3 l\u1eafp \u0111\u1eb7t c\u00e1c c\u1ea5u tr\u00fac kim lo\u1ea1i, g\u1ed7 v\u00e0 c\u00e1c v\u1eadt li\u1ec7u kh\u00e1c.- S\u1ea3n xu\u1ea5t c\u00f4ng nghi\u1ec7p: D\u00f9ng trong vi\u1ec7c l\u1eafp r\u00e1p c\u00e1c b\u1ed9 ph\u1eadn m\u00e1y m\u00f3c, thi\u1ebft b\u1ecb.- Ng\u00e0nh \u00f4 t\u00f4: D\u00f9ng \u0111\u1ec3 l\u1eafp r\u00e1p c\u00e1c chi ti\u1ebft v\u00e0 b\u1ed9 ph\u1eadn c\u1ee7a xe h\u01a1i.- H\u00e0ng kh\u00f4ng: S\u1eed d\u1ee5ng trong vi\u1ec7c l\u1eafp r\u00e1p c\u00e1c b\u1ed9 ph\u1eadn c\u1ee7a m\u00e1y bay.","robots":{"index":"index","follow":"follow","max-snippet":"max-snippet:-1","max-image-preview":"max-image-preview:large","max-video-preview":"max-video-preview:-1"},"canonical":"https:\/\/kseet.vn\/cn\/product\/szent-828-maybandinh\/","og_locale":"en_US","og_type":"article","og_title":"SZENT-828\u62c9\u9489\u67aa - KSEET Viet Nam","og_description":"S\u00fang r\u00fat \u0111inh b\u1eb1ng kh\u00ed n\u00e9n SZENT-828 \u0111\u1ec3 s\u1eed d\u1ee5ng \u00e1p l\u1ef1c kh\u00ed n\u00e9n \u0111\u1ec3 r\u00fat v\u00e0 l\u1eafp \u0111\u1eb7t c\u00e1c lo\u1ea1i \u0111inh t\u00e1n m\u1ed9t c\u00e1ch nhanh ch\u00f3ng v\u00e0 hi\u1ec7u qu\u1ea3. \u0110\u00e2y l\u00e0 m\u1ed9t d\u1ee5ng c\u1ee5 r\u1ea5t h\u1eefu \u00edch trong nhi\u1ec1u ng\u00e0nh c\u00f4ng nghi\u1ec7p, t\u1eeb x\u00e2y d\u1ef1ng \u0111\u1ebfn s\u1ea3n xu\u1ea5t, v\u00ec kh\u1ea3 n\u0103ng ti\u1ebft ki\u1ec7m th\u1eddi gian v\u00e0 c\u00f4ng s\u1ee9c \u0111\u00e1ng k\u1ec3 so v\u1edbi vi\u1ec7c s\u1eed d\u1ee5ng tay.C\u00e1c c\u00f4ng d\u1ee5ng ch\u00ednh c\u1ee7a s\u00fang r\u00fat \u0111inh b\u1eb1ng kh\u00ed n\u00e9n:- Ti\u1ebft ki\u1ec7m th\u1eddi gian: V\u1edbi kh\u1ea3 n\u0103ng r\u00fat \u0111inh nhanh ch\u00f3ng, s\u00fang r\u00fat \u0111inh b\u1eb1ng kh\u00ed n\u00e9n gi\u00fap ho\u00e0n th\u00e0nh c\u00f4ng vi\u1ec7c l\u1eafp \u0111\u1eb7t trong th\u1eddi gian ng\u1eafn h\u01a1n nhi\u1ec1u so v\u1edbi vi\u1ec7c l\u00e0m th\u1ee7 c\u00f4ng.- Gi\u1ea3m c\u00f4ng s\u1ee9c: Kh\u00f4ng c\u1ea7n ph\u1ea3i d\u00f9ng l\u1ef1c tay nhi\u1ec1u, s\u00fang r\u00fat \u0111inh b\u1eb1ng kh\u00ed n\u00e9n gi\u00fap ng\u01b0\u1eddi s\u1eed d\u1ee5ng tr\u00e1nh \u0111\u01b0\u1ee3c m\u1ec7t m\u1ecfi v\u00e0 c\u0103ng th\u1eb3ng c\u01a1 b\u1eafp.- \u0110\u1ed9 ch\u00ednh x\u00e1c cao: V\u1edbi thi\u1ebft k\u1ebf hi\u1ec7n \u0111\u1ea1i, s\u00fang r\u00fat \u0111inh b\u1eb1ng kh\u00ed n\u00e9n gi\u00fap \u0111\u1ea3m b\u1ea3o vi\u1ec7c l\u1eafp \u0111\u1eb7t \u0111inh t\u00e1n ch\u00ednh x\u00e1c v\u00e0 ch\u1eb7t ch\u1ebd, gi\u1ea3m thi\u1ec3u l\u1ed7i v\u00e0 h\u01b0 h\u1ecfng.- An to\u00e0n h\u01a1n: Vi\u1ec7c s\u1eed d\u1ee5ng kh\u00ed n\u00e9n gi\u00fap gi\u1ea3m thi\u1ec3u nguy c\u01a1 ch\u1ea5n th\u01b0\u01a1ng do tr\u01b0\u1ee3t tay ho\u1eb7c s\u1eed d\u1ee5ng l\u1ef1c kh\u00f4ng \u0111\u00fang c\u00e1ch. \u1ee8ng d\u1ee5ng ph\u1ed5 bi\u1ebfn:- Ng\u00e0nh x\u00e2y d\u1ef1ng: S\u1eed d\u1ee5ng \u0111\u1ec3 l\u1eafp \u0111\u1eb7t c\u00e1c c\u1ea5u tr\u00fac kim lo\u1ea1i, g\u1ed7 v\u00e0 c\u00e1c v\u1eadt li\u1ec7u kh\u00e1c.- S\u1ea3n xu\u1ea5t c\u00f4ng nghi\u1ec7p: D\u00f9ng trong vi\u1ec7c l\u1eafp r\u00e1p c\u00e1c b\u1ed9 ph\u1eadn m\u00e1y m\u00f3c, thi\u1ebft b\u1ecb.- Ng\u00e0nh \u00f4 t\u00f4: D\u00f9ng \u0111\u1ec3 l\u1eafp r\u00e1p c\u00e1c chi ti\u1ebft v\u00e0 b\u1ed9 ph\u1eadn c\u1ee7a xe h\u01a1i.- H\u00e0ng kh\u00f4ng: S\u1eed d\u1ee5ng trong vi\u1ec7c l\u1eafp r\u00e1p c\u00e1c b\u1ed9 ph\u1eadn c\u1ee7a m\u00e1y bay.","og_url":"https:\/\/kseet.vn\/cn\/product\/szent-828-maybandinh\/","og_site_name":"KSEET Viet Nam","article_modified_time":"2025-03-28T02:57:12+00:00","og_image":[{"width":800,"height":800,"url":"https:\/\/kseet.vn\/cn\/wp-content\/uploads\/2024\/12\/08.jpg","type":"image\/jpeg"}],"twitter_card":"summary_large_image","twitter_misc":{"Est. reading time":"1 minute"},"schema":{"@context":"https:\/\/schema.org","@graph":[{"@type":"WebPage","@id":"https:\/\/kseet.vn\/cn\/product\/szent-828-maybandinh\/","url":"https:\/\/kseet.vn\/cn\/product\/szent-828-maybandinh\/","name":"SZENT-828\u62c9\u9489\u67aa - KSEET Viet Nam","isPartOf":{"@id":"https:\/\/kseet.vn\/cn\/#website"},"primaryImageOfPage":{"@id":"https:\/\/kseet.vn\/cn\/product\/szent-828-maybandinh\/#primaryimage"},"image":{"@id":"https:\/\/kseet.vn\/cn\/product\/szent-828-maybandinh\/#primaryimage"},"thumbnailUrl":"https:\/\/kseet.vn\/cn\/wp-content\/uploads\/2024\/12\/08.jpg","datePublished":"2024-12-25T09:07:13+00:00","dateModified":"2025-03-28T02:57:12+00:00","description":"S\u00fang r\u00fat \u0111inh b\u1eb1ng kh\u00ed n\u00e9n SZENT-828 \u0111\u1ec3 s\u1eed d\u1ee5ng \u00e1p l\u1ef1c kh\u00ed n\u00e9n \u0111\u1ec3 r\u00fat v\u00e0 l\u1eafp \u0111\u1eb7t c\u00e1c lo\u1ea1i \u0111inh t\u00e1n m\u1ed9t c\u00e1ch nhanh ch\u00f3ng v\u00e0 hi\u1ec7u qu\u1ea3. \u0110\u00e2y l\u00e0 m\u1ed9t d\u1ee5ng c\u1ee5 r\u1ea5t h\u1eefu \u00edch trong nhi\u1ec1u ng\u00e0nh c\u00f4ng nghi\u1ec7p, t\u1eeb x\u00e2y d\u1ef1ng \u0111\u1ebfn s\u1ea3n xu\u1ea5t, v\u00ec kh\u1ea3 n\u0103ng ti\u1ebft ki\u1ec7m th\u1eddi gian v\u00e0 c\u00f4ng s\u1ee9c \u0111\u00e1ng k\u1ec3 so v\u1edbi vi\u1ec7c s\u1eed d\u1ee5ng tay.C\u00e1c c\u00f4ng d\u1ee5ng ch\u00ednh c\u1ee7a s\u00fang r\u00fat \u0111inh b\u1eb1ng kh\u00ed n\u00e9n:- Ti\u1ebft ki\u1ec7m th\u1eddi gian: V\u1edbi kh\u1ea3 n\u0103ng r\u00fat \u0111inh nhanh ch\u00f3ng, s\u00fang r\u00fat \u0111inh b\u1eb1ng kh\u00ed n\u00e9n gi\u00fap ho\u00e0n th\u00e0nh c\u00f4ng vi\u1ec7c l\u1eafp \u0111\u1eb7t trong th\u1eddi gian ng\u1eafn h\u01a1n nhi\u1ec1u so v\u1edbi vi\u1ec7c l\u00e0m th\u1ee7 c\u00f4ng.- Gi\u1ea3m c\u00f4ng s\u1ee9c: Kh\u00f4ng c\u1ea7n ph\u1ea3i d\u00f9ng l\u1ef1c tay nhi\u1ec1u, s\u00fang r\u00fat \u0111inh b\u1eb1ng kh\u00ed n\u00e9n gi\u00fap ng\u01b0\u1eddi s\u1eed d\u1ee5ng tr\u00e1nh \u0111\u01b0\u1ee3c m\u1ec7t m\u1ecfi v\u00e0 c\u0103ng th\u1eb3ng c\u01a1 b\u1eafp.- \u0110\u1ed9 ch\u00ednh x\u00e1c cao: V\u1edbi thi\u1ebft k\u1ebf hi\u1ec7n \u0111\u1ea1i, s\u00fang r\u00fat \u0111inh b\u1eb1ng kh\u00ed n\u00e9n gi\u00fap \u0111\u1ea3m b\u1ea3o vi\u1ec7c l\u1eafp \u0111\u1eb7t \u0111inh t\u00e1n ch\u00ednh x\u00e1c v\u00e0 ch\u1eb7t ch\u1ebd, gi\u1ea3m thi\u1ec3u l\u1ed7i v\u00e0 h\u01b0 h\u1ecfng.- An to\u00e0n h\u01a1n: Vi\u1ec7c s\u1eed d\u1ee5ng kh\u00ed n\u00e9n gi\u00fap gi\u1ea3m thi\u1ec3u nguy c\u01a1 ch\u1ea5n th\u01b0\u01a1ng do tr\u01b0\u1ee3t tay ho\u1eb7c s\u1eed d\u1ee5ng l\u1ef1c kh\u00f4ng \u0111\u00fang c\u00e1ch. \u1ee8ng d\u1ee5ng ph\u1ed5 bi\u1ebfn:- Ng\u00e0nh x\u00e2y d\u1ef1ng: S\u1eed d\u1ee5ng \u0111\u1ec3 l\u1eafp \u0111\u1eb7t c\u00e1c c\u1ea5u tr\u00fac kim lo\u1ea1i, g\u1ed7 v\u00e0 c\u00e1c v\u1eadt li\u1ec7u kh\u00e1c.- S\u1ea3n xu\u1ea5t c\u00f4ng nghi\u1ec7p: D\u00f9ng trong vi\u1ec7c l\u1eafp r\u00e1p c\u00e1c b\u1ed9 ph\u1eadn m\u00e1y m\u00f3c, thi\u1ebft b\u1ecb.- Ng\u00e0nh \u00f4 t\u00f4: D\u00f9ng \u0111\u1ec3 l\u1eafp r\u00e1p c\u00e1c chi ti\u1ebft v\u00e0 b\u1ed9 ph\u1eadn c\u1ee7a xe h\u01a1i.- H\u00e0ng kh\u00f4ng: S\u1eed d\u1ee5ng trong vi\u1ec7c l\u1eafp r\u00e1p c\u00e1c b\u1ed9 ph\u1eadn c\u1ee7a m\u00e1y bay.","breadcrumb":{"@id":"https:\/\/kseet.vn\/cn\/product\/szent-828-maybandinh\/#breadcrumb"},"inLanguage":"en-US","potentialAction":[{"@type":"ReadAction","target":["https:\/\/kseet.vn\/cn\/product\/szent-828-maybandinh\/"]}]},{"@type":"ImageObject","inLanguage":"en-US","@id":"https:\/\/kseet.vn\/cn\/product\/szent-828-maybandinh\/#primaryimage","url":"https:\/\/kseet.vn\/cn\/wp-content\/uploads\/2024\/12\/08.jpg","contentUrl":"https:\/\/kseet.vn\/cn\/wp-content\/uploads\/2024\/12\/08.jpg","width":800,"height":800,"caption":"08"},{"@type":"BreadcrumbList","@id":"https:\/\/kseet.vn\/cn\/product\/szent-828-maybandinh\/#breadcrumb","itemListElement":[{"@type":"ListItem","position":1,"name":"\u5bb6","item":"https:\/\/kseet.vn\/cn\/"},{"@type":"ListItem","position":2,"name":"\u4ea7\u54c1\u4e2d\u5fc3","item":"https:\/\/kseet.vn\/cn\/product\/"},{"@type":"ListItem","position":3,"name":"SZENT-828\u62c9\u9489\u67aa"}]},{"@type":"WebSite","@id":"https:\/\/kseet.vn\/cn\/#website","url":"https:\/\/kseet.vn\/cn\/","name":"KSEET Viet Nam","description":"","potentialAction":[{"@type":"SearchAction","target":{"@type":"EntryPoint","urlTemplate":"https:\/\/kseet.vn\/cn\/?s={search_term_string}"},"query-input":{"@type":"PropertyValueSpecification","valueRequired":true,"valueName":"search_term_string"}}],"inLanguage":"en-US"}]}},"_links":{"self":[{"href":"https:\/\/kseet.vn\/cn\/wp-json\/wp\/v2\/product\/442","targetHints":{"allow":["GET"]}}],"collection":[{"href":"https:\/\/kseet.vn\/cn\/wp-json\/wp\/v2\/product"}],"about":[{"href":"https:\/\/kseet.vn\/cn\/wp-json\/wp\/v2\/types\/product"}],"wp:featuredmedia":[{"embeddable":true,"href":"https:\/\/kseet.vn\/cn\/wp-json\/wp\/v2\/media\/1053"}],"wp:attachment":[{"href":"https:\/\/kseet.vn\/cn\/wp-json\/wp\/v2\/media?parent=442"}],"wp:term":[{"taxonomy":"product_cat","embeddable":true,"href":"https:\/\/kseet.vn\/cn\/wp-json\/wp\/v2\/product_cat?post=442"},{"taxonomy":"product_tag","embeddable":true,"href":"https:\/\/kseet.vn\/cn\/wp-json\/wp\/v2\/product_tag?post=442"}],"curies":[{"name":"wp","href":"https:\/\/api.w.org\/{rel}","templated":true}]}}