{"id":1241,"date":"2025-06-09T14:51:45","date_gmt":"2025-06-09T07:51:45","guid":{"rendered":"https:\/\/kseet.vn\/cn\/?post_type=product&#038;p=1241"},"modified":"2025-06-09T14:56:31","modified_gmt":"2025-06-09T07:56:31","slug":"mv5500","status":"publish","type":"product","link":"https:\/\/kseet.vn\/cn\/product\/mv5500\/","title":{"rendered":"MV5500\u6c14\u52a8\u94c6\u9489\u67aa"},"content":{"rendered":"<p><strong><span style=\"vertical-align: inherit;\"><span style=\"vertical-align: inherit;\"><span style=\"vertical-align: inherit;\"><span style=\"vertical-align: inherit;\">M\u00e1y ph\u00e1t \u0111i\u1ec7n MV5500<\/span><\/span><\/span><\/span><\/strong><\/p>\n<p><span style=\"vertical-align: inherit;\"><span style=\"vertical-align: inherit;\"><span style=\"vertical-align: inherit;\"><span style=\"vertical-align: inherit;\">K\u00edch th\u01b0\u1edbc: 2.4mm(3\/32\u201d),3.2mm(1\/8\u201d),4.0mm(5\/32\u201d),4.8mm(3\/16\u201d)<\/span><\/span><\/span><\/span><\/p>\n<p><span style=\"vertical-align: inherit;\"><span style=\"vertical-align: inherit;\"><span style=\"vertical-align: inherit;\"><span style=\"vertical-align: inherit;\">Kh\u1ed1i l\u01b0\u1ee3ng: 1000kg(2300lb)<\/span><\/span><\/span><\/span><\/p>\n<p><span style=\"vertical-align: inherit;\"><span style=\"vertical-align: inherit;\"><span style=\"vertical-align: inherit;\"><span style=\"vertical-align: inherit;\">\u0111\u01b0\u1eddng k\u00ednh: 16mm<\/span><\/span><\/span><\/span><\/p>\n<p><span style=\"vertical-align: inherit;\"><span style=\"vertical-align: inherit;\"><span style=\"vertical-align: inherit;\"><span style=\"vertical-align: inherit;\">tr\u1ecdng l\u01b0\u1ee3ng: 1,8kg<\/span><\/span><\/span><\/span><\/p>\n<p><span style=\"vertical-align: inherit;\"><span style=\"vertical-align: inherit;\"><span style=\"vertical-align: inherit;\"><span style=\"vertical-align: inherit;\">Nhi\u1ec7t \u0111\u1ed9: 85-110psi<\/span><\/span><\/span><\/span><\/p>\n<p><span style=\"vertical-align: inherit;\"><span style=\"vertical-align: inherit;\"><span style=\"vertical-align: inherit;\"><span style=\"vertical-align: inherit;\">\u0110\u01b0\u1eddng k\u00ednh: 287mm<\/span><\/span><\/span><\/span><\/p>\n","protected":false},"excerpt":{"rendered":"<div class=\"product-short-description\">\n<ul>\n<li><span style=\"vertical-align: inherit;\"><span style=\"vertical-align: inherit;\"><span style=\"vertical-align: inherit;\"><span style=\"vertical-align: inherit;\">\u751f\u4ea7\u8fc7\u7a0b\u7edd\u5bf9\u5b89\u5168<\/span><\/span><\/span><\/span><\/li>\n<li><span style=\"vertical-align: inherit;\"><span style=\"vertical-align: inherit;\"><span style=\"vertical-align: inherit;\"><span style=\"vertical-align: inherit;\">\u5168\u56fd\u53d1\u8d27<\/span><\/span><\/span><\/span><\/li>\n<li><span style=\"vertical-align: inherit;\"><span style=\"vertical-align: inherit;\"><span style=\"vertical-align: inherit;\"><span style=\"vertical-align: inherit;\">\u4f18\u8d28\u4ea7\u54c1<\/span><\/span><\/span><\/span><\/li>\n<li><span style=\"vertical-align: inherit;\"><span style=\"vertical-align: inherit;\"><span style=\"vertical-align: inherit;\"><span style=\"vertical-align: inherit;\">12 ng\u00e0y<\/span><\/span><\/span><\/span><\/li>\n<\/ul>\n<\/div>\n<p>&nbsp;<\/p>\n","protected":false},"featured_media":1242,"template":"","meta":[],"product_cat":[32,34],"product_tag":[],"class_list":{"0":"post-1241","1":"product","2":"type-product","3":"status-publish","4":"has-post-thumbnail","6":"product_cat-32","7":"product_cat-34","9":"first","10":"instock","11":"shipping-taxable","12":"product-type-simple"},"yoast_head":"<!-- This site is optimized with the Yoast SEO plugin v24.1 - https:\/\/yoast.com\/wordpress\/plugins\/seo\/ -->\n<title>MV5500\u6c14\u52a8\u94c6\u9489\u67aa - KSEET Viet Nam<\/title>\n<meta name=\"robots\" content=\"index, follow, max-snippet:-1, max-image-preview:large, max-video-preview:-1\" \/>\n<link rel=\"canonical\" href=\"https:\/\/kseet.vn\/cn\/product\/mv5500\/\" \/>\n<meta property=\"og:locale\" content=\"en_US\" \/>\n<meta property=\"og:type\" content=\"article\" \/>\n<meta property=\"og:title\" content=\"MV5500\u6c14\u52a8\u94c6\u9489\u67aa - KSEET Viet Nam\" \/>\n<meta property=\"og:description\" content=\"\u751f\u4ea7\u8fc7\u7a0b\u7edd\u5bf9\u5b89\u5168 \u5168\u56fd\u53d1\u8d27 \u4f18\u8d28\u4ea7\u54c1 12 ng\u00e0y &nbsp;\" \/>\n<meta property=\"og:url\" content=\"https:\/\/kseet.vn\/cn\/product\/mv5500\/\" \/>\n<meta property=\"og:site_name\" content=\"KSEET Viet Nam\" \/>\n<meta property=\"article:modified_time\" content=\"2025-06-09T07:56:31+00:00\" \/>\n<meta property=\"og:image\" content=\"https:\/\/kseet.vn\/cn\/wp-content\/uploads\/2025\/06\/MV5500.jpg\" \/>\n\t<meta property=\"og:image:width\" content=\"800\" \/>\n\t<meta property=\"og:image:height\" content=\"800\" \/>\n\t<meta property=\"og:image:type\" content=\"image\/jpeg\" \/>\n<meta name=\"twitter:card\" content=\"summary_large_image\" \/>\n<meta name=\"twitter:label1\" content=\"Est. reading time\" \/>\n\t<meta name=\"twitter:data1\" content=\"1 minute\" \/>\n<script type=\"application\/ld+json\" class=\"yoast-schema-graph\">{\"@context\":\"https:\/\/schema.org\",\"@graph\":[{\"@type\":\"WebPage\",\"@id\":\"https:\/\/kseet.vn\/cn\/product\/mv5500\/\",\"url\":\"https:\/\/kseet.vn\/cn\/product\/mv5500\/\",\"name\":\"MV5500\u6c14\u52a8\u94c6\u9489\u67aa - KSEET Viet Nam\",\"isPartOf\":{\"@id\":\"https:\/\/kseet.vn\/cn\/#website\"},\"primaryImageOfPage\":{\"@id\":\"https:\/\/kseet.vn\/cn\/product\/mv5500\/#primaryimage\"},\"image\":{\"@id\":\"https:\/\/kseet.vn\/cn\/product\/mv5500\/#primaryimage\"},\"thumbnailUrl\":\"https:\/\/kseet.vn\/cn\/wp-content\/uploads\/2025\/06\/MV5500.jpg\",\"datePublished\":\"2025-06-09T07:51:45+00:00\",\"dateModified\":\"2025-06-09T07:56:31+00:00\",\"breadcrumb\":{\"@id\":\"https:\/\/kseet.vn\/cn\/product\/mv5500\/#breadcrumb\"},\"inLanguage\":\"en-US\",\"potentialAction\":[{\"@type\":\"ReadAction\",\"target\":[\"https:\/\/kseet.vn\/cn\/product\/mv5500\/\"]}]},{\"@type\":\"ImageObject\",\"inLanguage\":\"en-US\",\"@id\":\"https:\/\/kseet.vn\/cn\/product\/mv5500\/#primaryimage\",\"url\":\"https:\/\/kseet.vn\/cn\/wp-content\/uploads\/2025\/06\/MV5500.jpg\",\"contentUrl\":\"https:\/\/kseet.vn\/cn\/wp-content\/uploads\/2025\/06\/MV5500.jpg\",\"width\":800,\"height\":800,\"caption\":\"Mv5500\"},{\"@type\":\"BreadcrumbList\",\"@id\":\"https:\/\/kseet.vn\/cn\/product\/mv5500\/#breadcrumb\",\"itemListElement\":[{\"@type\":\"ListItem\",\"position\":1,\"name\":\"\u5bb6\",\"item\":\"https:\/\/kseet.vn\/cn\/\"},{\"@type\":\"ListItem\",\"position\":2,\"name\":\"\u4ea7\u54c1\u4e2d\u5fc3\",\"item\":\"https:\/\/kseet.vn\/cn\/product\/\"},{\"@type\":\"ListItem\",\"position\":3,\"name\":\"MV5500\u6c14\u52a8\u94c6\u9489\u67aa\"}]},{\"@type\":\"WebSite\",\"@id\":\"https:\/\/kseet.vn\/cn\/#website\",\"url\":\"https:\/\/kseet.vn\/cn\/\",\"name\":\"KSEET Viet Nam\",\"description\":\"\",\"potentialAction\":[{\"@type\":\"SearchAction\",\"target\":{\"@type\":\"EntryPoint\",\"urlTemplate\":\"https:\/\/kseet.vn\/cn\/?s={search_term_string}\"},\"query-input\":{\"@type\":\"PropertyValueSpecification\",\"valueRequired\":true,\"valueName\":\"search_term_string\"}}],\"inLanguage\":\"en-US\"}]}<\/script>\n<!-- \/ Yoast SEO plugin. -->","yoast_head_json":{"title":"MV5500\u6c14\u52a8\u94c6\u9489\u67aa - KSEET Viet Nam","robots":{"index":"index","follow":"follow","max-snippet":"max-snippet:-1","max-image-preview":"max-image-preview:large","max-video-preview":"max-video-preview:-1"},"canonical":"https:\/\/kseet.vn\/cn\/product\/mv5500\/","og_locale":"en_US","og_type":"article","og_title":"MV5500\u6c14\u52a8\u94c6\u9489\u67aa - KSEET Viet Nam","og_description":"\u751f\u4ea7\u8fc7\u7a0b\u7edd\u5bf9\u5b89\u5168 \u5168\u56fd\u53d1\u8d27 \u4f18\u8d28\u4ea7\u54c1 12 ng\u00e0y &nbsp;","og_url":"https:\/\/kseet.vn\/cn\/product\/mv5500\/","og_site_name":"KSEET Viet Nam","article_modified_time":"2025-06-09T07:56:31+00:00","og_image":[{"width":800,"height":800,"url":"https:\/\/kseet.vn\/cn\/wp-content\/uploads\/2025\/06\/MV5500.jpg","type":"image\/jpeg"}],"twitter_card":"summary_large_image","twitter_misc":{"Est. reading time":"1 minute"},"schema":{"@context":"https:\/\/schema.org","@graph":[{"@type":"WebPage","@id":"https:\/\/kseet.vn\/cn\/product\/mv5500\/","url":"https:\/\/kseet.vn\/cn\/product\/mv5500\/","name":"MV5500\u6c14\u52a8\u94c6\u9489\u67aa - KSEET Viet Nam","isPartOf":{"@id":"https:\/\/kseet.vn\/cn\/#website"},"primaryImageOfPage":{"@id":"https:\/\/kseet.vn\/cn\/product\/mv5500\/#primaryimage"},"image":{"@id":"https:\/\/kseet.vn\/cn\/product\/mv5500\/#primaryimage"},"thumbnailUrl":"https:\/\/kseet.vn\/cn\/wp-content\/uploads\/2025\/06\/MV5500.jpg","datePublished":"2025-06-09T07:51:45+00:00","dateModified":"2025-06-09T07:56:31+00:00","breadcrumb":{"@id":"https:\/\/kseet.vn\/cn\/product\/mv5500\/#breadcrumb"},"inLanguage":"en-US","potentialAction":[{"@type":"ReadAction","target":["https:\/\/kseet.vn\/cn\/product\/mv5500\/"]}]},{"@type":"ImageObject","inLanguage":"en-US","@id":"https:\/\/kseet.vn\/cn\/product\/mv5500\/#primaryimage","url":"https:\/\/kseet.vn\/cn\/wp-content\/uploads\/2025\/06\/MV5500.jpg","contentUrl":"https:\/\/kseet.vn\/cn\/wp-content\/uploads\/2025\/06\/MV5500.jpg","width":800,"height":800,"caption":"Mv5500"},{"@type":"BreadcrumbList","@id":"https:\/\/kseet.vn\/cn\/product\/mv5500\/#breadcrumb","itemListElement":[{"@type":"ListItem","position":1,"name":"\u5bb6","item":"https:\/\/kseet.vn\/cn\/"},{"@type":"ListItem","position":2,"name":"\u4ea7\u54c1\u4e2d\u5fc3","item":"https:\/\/kseet.vn\/cn\/product\/"},{"@type":"ListItem","position":3,"name":"MV5500\u6c14\u52a8\u94c6\u9489\u67aa"}]},{"@type":"WebSite","@id":"https:\/\/kseet.vn\/cn\/#website","url":"https:\/\/kseet.vn\/cn\/","name":"KSEET Viet Nam","description":"","potentialAction":[{"@type":"SearchAction","target":{"@type":"EntryPoint","urlTemplate":"https:\/\/kseet.vn\/cn\/?s={search_term_string}"},"query-input":{"@type":"PropertyValueSpecification","valueRequired":true,"valueName":"search_term_string"}}],"inLanguage":"en-US"}]}},"_links":{"self":[{"href":"https:\/\/kseet.vn\/cn\/wp-json\/wp\/v2\/product\/1241","targetHints":{"allow":["GET"]}}],"collection":[{"href":"https:\/\/kseet.vn\/cn\/wp-json\/wp\/v2\/product"}],"about":[{"href":"https:\/\/kseet.vn\/cn\/wp-json\/wp\/v2\/types\/product"}],"wp:featuredmedia":[{"embeddable":true,"href":"https:\/\/kseet.vn\/cn\/wp-json\/wp\/v2\/media\/1242"}],"wp:attachment":[{"href":"https:\/\/kseet.vn\/cn\/wp-json\/wp\/v2\/media?parent=1241"}],"wp:term":[{"taxonomy":"product_cat","embeddable":true,"href":"https:\/\/kseet.vn\/cn\/wp-json\/wp\/v2\/product_cat?post=1241"},{"taxonomy":"product_tag","embeddable":true,"href":"https:\/\/kseet.vn\/cn\/wp-json\/wp\/v2\/product_tag?post=1241"}],"curies":[{"name":"wp","href":"https:\/\/api.w.org\/{rel}","templated":true}]}}